{"id":46940,"date":"2026-01-16T12:23:02","date_gmt":"2026-01-16T11:23:02","guid":{"rendered":"https:\/\/www.lialo.blog\/de\/erlebnisse\/?page_id=46940"},"modified":"2026-02-25T08:48:35","modified_gmt":"2026-02-25T15:48:35","slug":"santa-cruz-de-la-palma","status":"publish","type":"page","link":"https:\/\/www.lialo.blog\/de\/erlebnisse\/spanien\/santa-cruz-de-la-palma\/","title":{"rendered":"Santa Cruz de La Palma: Sehensw\u00fcrdigkeiten, Geheimtipps &amp; Touren \ud83c\udf3a"},"content":{"rendered":"\n<h2 class=\"wp-block-heading\">Santa Cruz \u2013 Die Perle der &#8222;Isla Bonita&#8220;<\/h2>\n\n\n\n<p>Santa Cruz de La Palma war einst \u2013 nach Antwerpen und Sevilla \u2013 der drittwichtigste Hafen Europas! Heute verzaubert die Hauptstadt von La Palma mit kopfsteingepflasterten Gassen, herrschaftlichen Kaufmannsh\u00e4usern und einer entspannten Atmosph\u00e4re. F\u00fcr Kreuzfahrer ist Santa Cruz ein Traum: Du f\u00e4llst quasi <strong>vom Schiff direkt in die Altstadt<\/strong>. Keine Busfahrt, kein Stress. Folge einfach der &#8222;blauen Linie&#8220; aus dem Hafen und starte dein Abenteuer zu Fu\u00df \u2013 auf den Spuren von Korsaren, Zuckerbaronen und irischen Einwanderern.<\/p>\n\n\n\n\t\t<style>\n\t\t\t.seo_cta {\n\t\t\t\ttext-align: center;\n\t\t\t\tmargin-top: 16px; \n\t\t\t}\n\t\t\t.wp-block-table .seo_cta {\n\t\t\t\tmargin-top: 0;\n\t\t\t}\n\t\t\t.seo_cta .button .mdc-button {\n\t\t\t\tbackground-color: #ffcf02;\n\t\t\t\theight: 48px;\n\t\t\t}\n\t\t<\/style>\n\t\n\t\t\t<div class=\"seo_cta\">\n\t\t\t\t<div class=\"button\">\n\t\t\t\t\t<div class=\"wp-block-material-button\"><a href=\"https:\/\/www.lialo.com\/de\/erlebnisse\/spanien\/santa-cruz-de-la-palma\/stadtfuehrung\/\" class=\"mdc-button mdc-button--raised mdc-ripple-upgraded\"><i class=\"material-icons mdc-button__icon\">arrow_forward<\/i><div class=\"mdc-button__ripple\"><\/div><span class=\"mdc-button__label\">Auf eigene Faust entdecken!<\/span><\/a><\/div>\n\t\t\t\t<\/div>\n\t\t\t<\/div>\n\t\t\n\n\n<div class=\"tour_preview_images\">\n\t\t\t<style>\n\t\t\t\t.tour_preview_images {\n\t\t\t\t\tcontainer-type: inline-size;\n\t\t\t\t\tcontainer-name: gallery;\n\t\t\t\t}\n\t\t\t\t.tour_preview_images-grid {\n\t\t\t\t\tdisplay: flex;\n\t\t\t\t\tflex-wrap: wrap; \n\t\t\t\t\tgap: 1rem;\n\t\t\t\t\twidth: 100%;\n\t\t\t\t}\n\t\t\t\t.tour_preview_images-item {\n\t\t\t\t\twidth: 100%;\n\t\t\t\t\tflex-grow: 1;\n\t\t\t\t\taspect-ratio: 16 \/ 9; \n\t\t\t\t\toverflow: hidden;\n\t\t\t\t\tborder-radius: 4px;\n\t\t\t\t\tbackground-color: #ddd;\n\t\t\t\t}\n\t\t\t\t.tour_preview_images-item img {\n\t\t\t\t\twidth: 100%;\n\t\t\t\t\theight: 100%;\n\t\t\t\t\tobject-fit: cover;\n\t\t\t\t\tdisplay: block;\n\t\t\t\t\ttransition: transform 0.3s ease;\n\t\t\t\t}\n\t\t\t\t@container gallery (min-width: 300px) {\n\t\t\t\t\t.tour_preview_images-item {\n\t\t\t\t\t\twidth: calc((100% - 1rem) \/ 2);\n\t\t\t\t\t}\n\t\t\t\t}\n\t\t\t\t@container gallery (min-width: 600px) {\n\t\t\t\t\t.tour_preview_images-item {\n\t\t\t\t\t\twidth: calc((100% - 2rem) \/ 3);\n\t\t\t\t\t}\n\t\t\t\t}\n\t\t\t<\/style>\n\t\t<div class=\"tour_preview_images-grid\">\n\t\t\t    <div class=\"tour_preview_images-item\">\n                <img decoding=\"async\" \n                    src=\"https:\/\/images.lialo.com\/699a3cea-e28a-4012-821c-697d691c99ef@w1024.webp\" \n                    srcset=\"\n                        https:\/\/images.lialo.com\/699a3cea-e28a-4012-821c-697d691c99ef@w384.webp 384w,\n                        https:\/\/images.lialo.com\/699a3cea-e28a-4012-821c-697d691c99ef@w854.webp 854w,\n                        https:\/\/images.lialo.com\/699a3cea-e28a-4012-821c-697d691c99ef@w1024.webp 1024w\n                    \"\n                    sizes=\"(min-width: 840px) 840px, 100vw\"\n                    alt=\"Santa Cruz de La Palma: Balkone, Meer & Geschichte individueller Stadtrundgang\"\n\t\t\t\t\ttitle=\"Gepflegte Stra\u00dfen\"\n                    loading=\"lazy\"\n                >\n            <\/div>\n\t\t\t\n\t\t\t    <div class=\"tour_preview_images-item\">\n                <img decoding=\"async\" \n                    src=\"https:\/\/images.lialo.com\/17f4de48-c93e-49d3-95b3-2861f1cb3ef4@w1024.webp\" \n                    srcset=\"\n                        https:\/\/images.lialo.com\/17f4de48-c93e-49d3-95b3-2861f1cb3ef4@w384.webp 384w,\n                        https:\/\/images.lialo.com\/17f4de48-c93e-49d3-95b3-2861f1cb3ef4@w854.webp 854w,\n                        https:\/\/images.lialo.com\/17f4de48-c93e-49d3-95b3-2861f1cb3ef4@w1024.webp 1024w\n                    \"\n                    sizes=\"(min-width: 840px) 840px, 100vw\"\n                    alt=\"Santa Cruz de La Palma: Balkone, Meer & Geschichte individueller Stadtrundgang\"\n\t\t\t\t\ttitle=\"Sch\u00f6ne Impressionen\"\n                    loading=\"lazy\"\n                >\n            <\/div>\n\t\t\t\n\t\t\t    <div class=\"tour_preview_images-item\">\n                <img decoding=\"async\" \n                    src=\"https:\/\/images.lialo.com\/bc119504-716b-4e53-acf2-4a127bef80a1@w1024.webp\" \n                    srcset=\"\n                        https:\/\/images.lialo.com\/bc119504-716b-4e53-acf2-4a127bef80a1@w384.webp 384w,\n                        https:\/\/images.lialo.com\/bc119504-716b-4e53-acf2-4a127bef80a1@w854.webp 854w,\n                        https:\/\/images.lialo.com\/bc119504-716b-4e53-acf2-4a127bef80a1@w1024.webp 1024w\n                    \"\n                    sizes=\"(min-width: 840px) 840px, 100vw\"\n                    alt=\"Santa Cruz de La Palma: Balkone, Meer & Geschichte individueller Stadtrundgang\"\n\t\t\t\t\ttitle=\"Einladende Str\u00e4nde\"\n                    loading=\"lazy\"\n                >\n            <\/div>\n\t\t\t\n\t\t\t    <div class=\"tour_preview_images-item\">\n                <img decoding=\"async\" \n                    src=\"https:\/\/images.lialo.com\/2f9567ad-62a6-4ebf-965b-c41420699220@w1024.webp\" \n                    srcset=\"\n                        https:\/\/images.lialo.com\/2f9567ad-62a6-4ebf-965b-c41420699220@w384.webp 384w,\n                        https:\/\/images.lialo.com\/2f9567ad-62a6-4ebf-965b-c41420699220@w854.webp 854w,\n                        https:\/\/images.lialo.com\/2f9567ad-62a6-4ebf-965b-c41420699220@w1024.webp 1024w\n                    \"\n                    sizes=\"(min-width: 840px) 840px, 100vw\"\n                    alt=\"Santa Cruz de La Palma: Balkone, Meer & Geschichte individueller Stadtrundgang\"\n\t\t\t\t\ttitle=\"Ein interessantes Inselmuseum im alten Kloster San Francisco\"\n                    loading=\"lazy\"\n                >\n            <\/div>\n\t\t\t<\/div><\/div>\n\n\n\n<h3 class=\"wp-block-heading\">Hilfreiche Tipps f\u00fcr die Stadt<\/h3>\n\n\n\n<div class=\"wp-block-faq-block-for-gutenberg-faq\" style=\"background:#f6f7f7\"><div class=\"question\" style=\"background:none;color:#000\"><h4 style=\"color:#000\">Was sind die wichtigsten Sehensw\u00fcrdigkeiten in Santa Cruz?<\/h4><\/div><div class=\"answer\" style=\"background:none;color:#000\">Die Balkone an der Avenida Mar\u00edtima, die Plaza de Espa\u00f1a (das sch\u00f6nste Renaissance-Ensemble der Kanaren) mit der Erl\u00f6serkirche und das Schiffsmuseum (Barco de la Virgen).<\/div><\/div>\n\n\n\n<div class=\"wp-block-faq-block-for-gutenberg-faq\" style=\"background:#f6f7f7\"><div class=\"question\" style=\"background:none;color:#000\"><h4 style=\"color:#000\">Kann ich Santa Cruz bei einer Kreuzfahrt auf eigene Faust erkunden?<\/h4><\/div><div class=\"answer\" style=\"background:none;color:#000\">Perfekt sogar. Der Weg vom Anleger in die Stadt ist kurz und markiert (&#8222;blaue Linie&#8220;). Die Stadt ist kompakt und sicher. Der individuelle <a href=\"https:\/\/www.lialo.com\/de\/tour\/pd1n\">Stadtrundgang<\/a> mit deinem Smartphone startet direkt an der Touristeninformation am Hafenausgang.<\/div><\/div>\n\n\n\n<div class=\"wp-block-faq-block-for-gutenberg-faq\" style=\"background:#f6f7f7\"><div class=\"question\" style=\"background:none;color:#000\"><h4 style=\"color:#000\">Lohnt sich der Besuch der Markthalle?<\/h4><\/div><div class=\"answer\" style=\"background:none;color:#000\">Ja! Die Architektur ist toll (alte Patios) und du bekommst dort authentische lokale Produkte. Wichtiger Hinweis: Wie viele M\u00e4rkte schlie\u00dft er am fr\u00fchen Nachmittag, also besuche ihn am besten vormittags.<\/div><\/div>\n\n\n\n<div class=\"wp-block-faq-block-for-gutenberg-faq\" style=\"background:#f6f7f7\"><div class=\"question\" style=\"background:none;color:#000\"><h4 style=\"color:#000\">Wie viel Zeit sollte ich f\u00fcr einen Stadtrundgang einplanen?<\/h4><\/div><div class=\"answer\" style=\"background:none;color:#000\">Die Stadt ist \u00fcberschaubar. F\u00fcr den <a href=\"https:\/\/www.lialo.com\/de\/tour\/pd1n\">Stadtrundgang<\/a> mit allen Highlights, kleinen Pausen und Fotostopps solltest du etwa 2,5 bis 3 Stunden einplanen.<\/div><\/div>\n\n\n\n<div class=\"wp-block-faq-block-for-gutenberg-faq\" style=\"background:#f6f7f7\"><div class=\"question\" style=\"background:none;color:#000\"><h4 style=\"color:#000\">Was kostet ein Landausflug auf eigene Faust?<\/h4><\/div><div class=\"answer\" style=\"background:none;color:#000\">Wenig! Die <a href=\"https:\/\/www.lialo.com\/de\/erlebnisse\/spanien\/santa-cruz-de-la-palma\/stadtfuehrung\/\">Stadtf\u00fchrungen<\/a> kosten nur wenige Euro \u2013 f\u00fcr die ganze Familie (da ihr nur ein Smartphone ben\u00f6tigt). Im Vergleich zu den Reederei-Ausfl\u00fcgen (oft 50-100 \u20ac pro Person) sparst du deutlich und bist viel flexibler.<\/div><\/div>\n\n\n\n<div class=\"wp-block-faq-block-for-gutenberg-faq\" style=\"background:#f6f7f7\"><div class=\"question\" style=\"background:none;color:#000\"><h4 style=\"color:#000\">Hilfe, ich bin verwirrt: Palma, Las Palmas oder La Palma?<\/h4><\/div><div class=\"answer\" style=\"background:none;color:#000\">Das passiert den Besten! Achtung bei der Buchung: Es gibt viele &#8222;Palmas&#8220; auf den Kanaren und Balearen. Verwechsle La Palma (unsere Insel) nicht mit Las Palmas (Stadt auf Gran Canaria) oder Palma (Stadt auf Mallorca). Die Hauptstadt hier hei\u00dft exakt <strong>Santa Cruz de La Palma<\/strong> (Flughafen-Code: SPC) \u2013 damit du auch wirklich auf der &#8222;Isla Bonita&#8220; landest \ud83c\udf3a<\/div><\/div>\n\n\n\n\t\t<style>\n\t\t\t.seo_cta {\n\t\t\t\ttext-align: center;\n\t\t\t\tmargin-top: 16px; \n\t\t\t}\n\t\t\t.wp-block-table .seo_cta {\n\t\t\t\tmargin-top: 0;\n\t\t\t}\n\t\t\t.seo_cta .button .mdc-button {\n\t\t\t\tbackground-color: #ffcf02;\n\t\t\t\theight: 48px;\n\t\t\t}\n\t\t<\/style>\n\t\n\t\t\t<div class=\"seo_cta\">\n\t\t\t\t<div class=\"button\">\n\t\t\t\t\t<div class=\"wp-block-material-button\"><a href=\"https:\/\/www.lialo.com\/de\/erlebnisse\/spanien\/santa-cruz-de-la-palma\/stadtfuehrung\/\" class=\"mdc-button mdc-button--raised mdc-ripple-upgraded\"><i class=\"material-icons mdc-button__icon\">arrow_forward<\/i><div class=\"mdc-button__ripple\"><\/div><span class=\"mdc-button__label\">Auf eigene Faust entdecken!<\/span><\/a><\/div>\n\t\t\t\t<\/div>\n\t\t\t<\/div>\n\t\t\n\n\n\n<h3 class=\"wp-block-heading\">Santa Cruz Sehensw\u00fcrdigkeiten: Viele Details, die \u00fcberraschen<\/h3>\n\n\n\n<p>Die Stadt wirkt wie ein Freilichtmuseum, doch hinter den Fassaden stecken skurrile Geschichten:<\/p>\n\n\n\n<p>\ud83e\uddd0 <strong>Balkone mit Geschichte(n):<\/strong> Die ber\u00fchmten Holzbalkone an der Avenida Mar\u00edtima sind das Wahrzeichen der Stadt. Urspr\u00fcnglich dienten sie der Bel\u00fcftung von Lagerh\u00e4usern (oder sogar als Plumpsklos?). Dass sie heute so pr\u00e4chtig mit Blumen geschm\u00fcckt sind, verdanken wir \u00fcbrigens einem deutschen Auswanderer namens Heiko!<\/p>\n\n\n\n<p>\ud83e\uddd0 <strong>Ein Zwerg mit Napoleonhut:<\/strong> Warum steht in der Stadt eine Statue von einem Zwerg mit riesigem Zweispitz? Erinnert er an Napoleon oder an einen Piraten? Vor Ort erf\u00e4hrst du mehr.<\/p>\n\n\n\n<p>\ud83e\uddd0 <strong>Rolling Stones in der Altstadt:<\/strong> Eine Bronzestatue des jungen Dichters F\u00e9lix Francisco Casanova sitzt auf einer Treppe. Neben ihm liegt eine Schallplatte der Rolling Stones aus dem Jahr 1965. Finde heraus, warum der &#8222;Rimbaud der Kanaren&#8220; hier geehrt wird.<\/p>\n\n\n\n<p><strong>Und viele mehr:<\/strong><\/p>\n\n\n\n\t\t<style>\n\t\t\t.seo_cta {\n\t\t\t\ttext-align: center;\n\t\t\t\tmargin-top: 16px; \n\t\t\t}\n\t\t\t.wp-block-table .seo_cta {\n\t\t\t\tmargin-top: 0;\n\t\t\t}\n\t\t\t.seo_cta .button .mdc-button {\n\t\t\t\tbackground-color: #ffcf02;\n\t\t\t\theight: 48px;\n\t\t\t}\n\t\t<\/style>\n\t\n\t\t\t<div class=\"seo_cta\">\n\t\t\t\t<div class=\"button\">\n\t\t\t\t\t<div class=\"wp-block-material-button\"><a href=\"https:\/\/www.lialo.com\/de\/erlebnisse\/spanien\/santa-cruz-de-la-palma\/stadtfuehrung\/\" class=\"mdc-button mdc-button--raised mdc-ripple-upgraded\"><i class=\"material-icons mdc-button__icon\">arrow_forward<\/i><div class=\"mdc-button__ripple\"><\/div><span class=\"mdc-button__label\">Auf eigene Faust entdecken!<\/span><\/a><\/div>\n\t\t\t\t<\/div>\n\t\t\t<\/div>\n\t\t\n\n\n\n<h3 class=\"wp-block-heading\">\ud83c\udff4\u200d\u2620\ufe0f Die Geschichte: Piraten und Demokratie<\/h3>\n\n\n\n<p>Santa Cruz war reich \u2013 und das lockte Piraten an. Der ber\u00fchmte franz\u00f6sische Korsar <strong>Fran\u00e7ois Le Clerc<\/strong> (bekannt als &#8222;Holzbein&#8220;) \u00fcberfiel die Stadt 1553 und brannte sie teilweise nieder. Die Festung Castillo de Santa Catalina zeugt noch heute von der Notwendigkeit der Verteidigung. Aber die Stadt war auch fortschrittlich: Wusstest du, dass hier 1773 \u2013 lange vor der Franz\u00f6sischen Revolution \u2013 die ersten demokratischen Wahlen Spaniens stattfanden? Initiiert vom irischen Kaufmann Dionisio O&#8217;Daly.<\/p>\n\n\n\n<h3 class=\"wp-block-heading\">\ud83d\ude0b Genuss f\u00fcr Entdecker<\/h3>\n\n\n\n<p>In der Markthalle &#8222;La Recova&#8220; musst du unbedingt einen <strong>frischen Zuckerrohrsaft<\/strong> (Guarapo) mit Limette und Ingwer probieren \u2013 ein echter Energie-Booster! Und nat\u00fcrlich darf der <strong>Barraquito<\/strong> nicht fehlen. Der geschichtete Kaffee mit Lik\u00f6r und Kondensmilch schmeckt besonders gut auf der Plaza de la Alameda unter den schattigen B\u00e4umen.<\/p>\n\n\n\n<h3 class=\"wp-block-heading\">\ud83d\udca1 Wusstest du schon?<\/h3>\n\n\n\n<p>Santa Cruz de La Palma war 1893 die erste Stadt auf den Kanaren (und die sechste weltweit!), die eine \u00f6ffentliche elektrische Stra\u00dfenbeleuchtung hatte.<\/p>\n\n\n\n\t\t<style>\n\t\t\t.seo_cta {\n\t\t\t\ttext-align: center;\n\t\t\t\tmargin-top: 16px; \n\t\t\t}\n\t\t\t.wp-block-table .seo_cta {\n\t\t\t\tmargin-top: 0;\n\t\t\t}\n\t\t\t.seo_cta .button .mdc-button {\n\t\t\t\tbackground-color: #ffcf02;\n\t\t\t\theight: 48px;\n\t\t\t}\n\t\t<\/style>\n\t\n\t\t\t<div class=\"seo_cta\">\n\t\t\t\t<div class=\"button\">\n\t\t\t\t\t<div class=\"wp-block-material-button\"><a href=\"https:\/\/www.lialo.com\/de\/erlebnisse\/spanien\/santa-cruz-de-la-palma\/stadtfuehrung\/\" class=\"mdc-button mdc-button--raised mdc-ripple-upgraded\"><i class=\"material-icons mdc-button__icon\">arrow_forward<\/i><div class=\"mdc-button__ripple\"><\/div><span class=\"mdc-button__label\">Auf eigene Faust entdecken!<\/span><\/a><\/div>\n\t\t\t\t<\/div>\n\t\t\t<\/div>\n\t\t\n\n\n<div class=\"seo_bottom\">\n\t\t<h3>Was ist lialo?<\/h3>\n\t\t<p><b>lialo<\/b> (Abk\u00fcrzung f\u00fcr <b>Li<\/b>ke<b> a<\/b> <b>Lo<\/b>cal) macht dein Smartphone zum pers\u00f6nlichen Stadtf\u00fchrer. Die digitalen Touren sind jederzeit verf\u00fcgbar, flexibel im Ablauf und bieten dir ein individuelles Erlebnis.<\/p>\n\t\t<p>Entdecke die Stadt authentisch \u2013 fast so, als w\u00fcrde sie dir ein guter Freund oder eine gute Freundin zeigen. Die Autor*innen erstellen ihre Touren mit \u2665\ufe0f vor Ort und teilen ihr Wissen, pers\u00f6nliche Anekdoten und echte Geheimtipps mit dir.<\/p>\n\t\t<figure class=\"wp-block-image size-full\"><a href=\"https:\/\/www.youtube.com\/watch?v=GbhiNKrMV3E\" target=\"_blank\" rel=\"noopener\"><img decoding=\"async\" width=\"846\" height=\"475\" src=\"https:\/\/www.lialo.blog\/de\/erlebnisse\/wp-content\/uploads\/2022\/10\/lialo-Thumbnail-2-2.jpg\" alt=\"\" class=\"wp-image-36441\" srcset=\"https:\/\/www.lialo.blog\/de\/erlebnisse\/wp-content\/uploads\/2022\/10\/lialo-Thumbnail-2-2.jpg 846w, https:\/\/www.lialo.blog\/de\/erlebnisse\/wp-content\/uploads\/2022\/10\/lialo-Thumbnail-2-2-300x168.jpg 300w, https:\/\/www.lialo.blog\/de\/erlebnisse\/wp-content\/uploads\/2022\/10\/lialo-Thumbnail-2-2-768x431.jpg 768w\" sizes=\"(max-width: 846px) 100vw, 846px\"><\/a><\/figure>\n\t\t<h4>Wenn du Fragen hast, melde dich gern bei uns<\/h4>\n\t\t<p>#gerneperdu<br><a href=\"mailto:hallo@lialo.com\">hallo@lialo.com<\/a><\/p>\n\t<\/div>\n","protected":false},"excerpt":{"rendered":"<p>Santa Cruz \u2013 Die Perle der &#8222;Isla Bonita&#8220; Santa Cruz de La Palma war einst \u2013 nach Antwerpen und Sevilla \u2013 der drittwichtigste Hafen Europas! Heute verzaubert die Hauptstadt von La Palma mit kopfsteingepflasterten Gassen, herrschaftlichen Kaufmannsh\u00e4usern und einer entspannten Atmosph\u00e4re. F\u00fcr Kreuzfahrer ist Santa Cruz ein Traum: Du f\u00e4llst quasi vom Schiff direkt in [&hellip;]<\/p>\n","protected":false},"author":2,"featured_media":47129,"parent":40208,"menu_order":0,"comment_status":"closed","ping_status":"closed","template":"","meta":{"_acf_changed":false,"material-hide-sections":[],"footnotes":""},"class_list":["post-46940","page","type-page","status-publish","has-post-thumbnail","hentry"],"acf":[],"_links":{"self":[{"href":"https:\/\/www.lialo.blog\/de\/erlebnisse\/wp-json\/wp\/v2\/pages\/46940","targetHints":{"allow":["GET"]}}],"collection":[{"href":"https:\/\/www.lialo.blog\/de\/erlebnisse\/wp-json\/wp\/v2\/pages"}],"about":[{"href":"https:\/\/www.lialo.blog\/de\/erlebnisse\/wp-json\/wp\/v2\/types\/page"}],"author":[{"embeddable":true,"href":"https:\/\/www.lialo.blog\/de\/erlebnisse\/wp-json\/wp\/v2\/users\/2"}],"replies":[{"embeddable":true,"href":"https:\/\/www.lialo.blog\/de\/erlebnisse\/wp-json\/wp\/v2\/comments?post=46940"}],"version-history":[{"count":16,"href":"https:\/\/www.lialo.blog\/de\/erlebnisse\/wp-json\/wp\/v2\/pages\/46940\/revisions"}],"predecessor-version":[{"id":47273,"href":"https:\/\/www.lialo.blog\/de\/erlebnisse\/wp-json\/wp\/v2\/pages\/46940\/revisions\/47273"}],"up":[{"embeddable":true,"href":"https:\/\/www.lialo.blog\/de\/erlebnisse\/wp-json\/wp\/v2\/pages\/40208"}],"wp:featuredmedia":[{"embeddable":true,"href":"https:\/\/www.lialo.blog\/de\/erlebnisse\/wp-json\/wp\/v2\/media\/47129"}],"wp:attachment":[{"href":"https:\/\/www.lialo.blog\/de\/erlebnisse\/wp-json\/wp\/v2\/media?parent=46940"}],"curies":[{"name":"wp","href":"https:\/\/api.w.org\/{rel}","templated":true}]}}