{"id":44188,"date":"2025-07-02T10:43:32","date_gmt":"2025-07-02T08:43:32","guid":{"rendered":"https:\/\/www.lialo.blog\/blog\/?page_id=44188"},"modified":"2026-03-11T16:37:23","modified_gmt":"2026-03-11T15:37:23","slug":"salzburg","status":"publish","type":"page","link":"https:\/\/www.lialo.blog\/de\/erlebnisse\/oesterreich\/salzburg\/","title":{"rendered":"Salzburg entdecken: Sehensw\u00fcrdigkeiten, Geheimtipps &amp; Touren"},"content":{"rendered":"\n<h2 class=\"wp-block-heading has-text-align-left\">Salzburg \u2013 Barocker Glanz und verborgene Sch\u00e4tze an der Salzach<\/h2>\n\n\n\n<p>Salzburg ist weltber\u00fchmt f\u00fcr Wolfgang Amadeus Mozart, die glanzvollen Festspiele und seine atemberaubende barocke Architektur, die der Altstadt v\u00f6llig zu Recht den Titel als UNESCO-Weltkulturerbe einbrachte. Doch die Mozartstadt hat noch viel mehr zu bieten als die klassischen Postkartenmotive und \u00fcberlaufenen Pl\u00e4tze.<\/p>\n\n\n\n<p>Wer mit offenen Augen durch die verwinkelten Gassen links und rechts der Salzach spaziert, entdeckt kuriose Details, jahrhundertealte Mythen und Geschichten, die selbst viele Einheimische noch \u00fcberraschen. Ob hoch oben auf der Festung Hohensalzburg, in den versteckten, mittelalterlichen Innenh\u00f6fen oder in den gr\u00fcnen Oasen wie dem Mirabellgarten \u2013 Salzburg ist eine Stadt, die f\u00f6rmlich dazu einl\u00e4dt, auf eigene Faust und abseits der ausgetretenen Pfade erkundet zu werden.<\/p>\n\n\n\n\t\t<style>\n\t\t\t.seo_cta {\n\t\t\t\ttext-align: center;\n\t\t\t\tmargin-top: 16px; \n\t\t\t}\n\t\t\t.wp-block-table .seo_cta {\n\t\t\t\tmargin-top: 0;\n\t\t\t}\n\t\t\t.seo_cta .button .mdc-button {\n\t\t\t\tbackground-color: #ffcf02;\n\t\t\t\theight: 48px;\n\t\t\t}\n\t\t<\/style>\n\t\n\t\t\t<div class=\"seo_cta\">\n\t\t\t\t<div class=\"button\">\n\t\t\t\t\t<div class=\"wp-block-material-button\"><a href=\"https:\/\/www.lialo.com\/de\/erlebnisse\/oesterreich\/salzburg\/stadtfuehrung\/\" class=\"mdc-button mdc-button--raised mdc-ripple-upgraded\"><i class=\"material-icons mdc-button__icon\">arrow_forward<\/i><div class=\"mdc-button__ripple\"><\/div><span class=\"mdc-button__label\">Auf eigene Faust entdecken!<\/span><\/a><\/div>\n\t\t\t\t<\/div>\n\t\t\t<\/div>\n\t\t\n\n\n\n<div class=\"wp-block-group\"><div class=\"wp-block-group__inner-container is-layout-constrained wp-block-group-is-layout-constrained\">\n<h2 class=\"wp-block-heading\">\ud83d\udc49 Tipp: Salzburg interaktiv erleben<\/h2>\n\n\n<div class=\"tour_preview_images\">\n\t\t\t<style>\n\t\t\t\t.tour_preview_images {\n\t\t\t\t\tcontainer-type: inline-size;\n\t\t\t\t\tcontainer-name: gallery;\n\t\t\t\t}\n\t\t\t\t.tour_preview_images-grid {\n\t\t\t\t\tdisplay: flex;\n\t\t\t\t\tflex-wrap: wrap; \n\t\t\t\t\tgap: 1rem;\n\t\t\t\t\twidth: 100%;\n\t\t\t\t}\n\t\t\t\t.tour_preview_images-item {\n\t\t\t\t\twidth: 100%;\n\t\t\t\t\tflex-grow: 1;\n\t\t\t\t\taspect-ratio: 16 \/ 9; \n\t\t\t\t\toverflow: hidden;\n\t\t\t\t\tborder-radius: 4px;\n\t\t\t\t\tbackground-color: #ddd;\n\t\t\t\t}\n\t\t\t\t.tour_preview_images-item img {\n\t\t\t\t\twidth: 100%;\n\t\t\t\t\theight: 100%;\n\t\t\t\t\tobject-fit: cover;\n\t\t\t\t\tdisplay: block;\n\t\t\t\t\ttransition: transform 0.3s ease;\n\t\t\t\t}\n\t\t\t\t@container gallery (min-width: 300px) {\n\t\t\t\t\t.tour_preview_images-item {\n\t\t\t\t\t\twidth: calc((100% - 1rem) \/ 2);\n\t\t\t\t\t}\n\t\t\t\t}\n\t\t\t\t@container gallery (min-width: 600px) {\n\t\t\t\t\t.tour_preview_images-item {\n\t\t\t\t\t\twidth: calc((100% - 2rem) \/ 3);\n\t\t\t\t\t}\n\t\t\t\t}\n\t\t\t<\/style>\n\t\t<div class=\"tour_preview_images-grid\">\n\t\t\t    <div class=\"tour_preview_images-item\">\n                <img decoding=\"async\" \n                    src=\"https:\/\/images.lialo.com\/e68cf0c9-68f3-424b-b210-dba0417a38d2@w1024.webp\" \n                    srcset=\"\n                        https:\/\/images.lialo.com\/e68cf0c9-68f3-424b-b210-dba0417a38d2@w384.webp 384w,\n                        https:\/\/images.lialo.com\/e68cf0c9-68f3-424b-b210-dba0417a38d2@w854.webp 854w,\n                        https:\/\/images.lialo.com\/e68cf0c9-68f3-424b-b210-dba0417a38d2@w1024.webp 1024w\n                    \"\n                    sizes=\"(min-width: 840px) 840px, 100vw\"\n                    alt=\"Salzburg Schnitzeljagd: Mozart, Dom & geheime Orte individueller Stadtrundgang\"\n\t\t\t\t\ttitle=\"Festung Hohensalzburg\"\n                    loading=\"lazy\"\n                >\n            <\/div>\n\t\t\t\n\t\t\t    <div class=\"tour_preview_images-item\">\n                <img decoding=\"async\" \n                    src=\"https:\/\/images.lialo.com\/2bd620eb-2305-4504-aa18-c53e4cf6ca3e@w1024.webp\" \n                    srcset=\"\n                        https:\/\/images.lialo.com\/2bd620eb-2305-4504-aa18-c53e4cf6ca3e@w384.webp 384w,\n                        https:\/\/images.lialo.com\/2bd620eb-2305-4504-aa18-c53e4cf6ca3e@w854.webp 854w,\n                        https:\/\/images.lialo.com\/2bd620eb-2305-4504-aa18-c53e4cf6ca3e@w1024.webp 1024w\n                    \"\n                    sizes=\"(min-width: 840px) 840px, 100vw\"\n                    alt=\"Salzburg Schnitzeljagd: Mozart, Dom & geheime Orte individueller Stadtrundgang\"\n\t\t\t\t\ttitle=\"Pferdeschwemme\"\n                    loading=\"lazy\"\n                >\n            <\/div>\n\t\t\t\n\t\t\t    <div class=\"tour_preview_images-item\">\n                <img decoding=\"async\" \n                    src=\"https:\/\/images.lialo.com\/a39977bb-2953-4c8a-b02d-8beb79310d9f@w1024.webp\" \n                    srcset=\"\n                        https:\/\/images.lialo.com\/a39977bb-2953-4c8a-b02d-8beb79310d9f@w384.webp 384w,\n                        https:\/\/images.lialo.com\/a39977bb-2953-4c8a-b02d-8beb79310d9f@w854.webp 854w,\n                        https:\/\/images.lialo.com\/a39977bb-2953-4c8a-b02d-8beb79310d9f@w1024.webp 1024w\n                    \"\n                    sizes=\"(min-width: 840px) 840px, 100vw\"\n                    alt=\"Salzburg Schnitzeljagd: Mozart, Dom & geheime Orte individueller Stadtrundgang\"\n\t\t\t\t\ttitle=\"Liebesschl\u00f6sser\"\n                    loading=\"lazy\"\n                >\n            <\/div>\n\t\t\t\n\t\t\t    <div class=\"tour_preview_images-item\">\n                <img decoding=\"async\" \n                    src=\"https:\/\/images.lialo.com\/976e02f4-29f6-4d8b-b343-37c4917b8194@w1024.webp\" \n                    srcset=\"\n                        https:\/\/images.lialo.com\/976e02f4-29f6-4d8b-b343-37c4917b8194@w384.webp 384w,\n                        https:\/\/images.lialo.com\/976e02f4-29f6-4d8b-b343-37c4917b8194@w854.webp 854w,\n                        https:\/\/images.lialo.com\/976e02f4-29f6-4d8b-b343-37c4917b8194@w1024.webp 1024w\n                    \"\n                    sizes=\"(min-width: 840px) 840px, 100vw\"\n                    alt=\"Salzburg Schnitzeljagd: Mozart, Dom & geheime Orte individueller Stadtrundgang\"\n\t\t\t\t\ttitle=\"Zunftzeichen\"\n                    loading=\"lazy\"\n                >\n            <\/div>\n\t\t\t<\/div><\/div>\n\n\n\n<p>Wenn du Geheimnisse der Stadt live vor Ort err\u00e4tseln m\u00f6chtest, empfehlen wir dir die selbstgef\u00fchrte Schnitzeljagd von Fremdenf\u00fchrerin (Stadtf\u00fchrerin) Zoe.<\/p>\n\n\n\n<p>Individuell, spielerisch und ganz in deinem eigenen Tempo f\u00fchrt sie dich in ca. 2 Stunden (knapp 3 km) vom Mozartplatz zu den ber\u00fchmten Sehensw\u00fcrdigkeiten und an \u00fcberraschende, geheime Orte bis in den Mirabellgarten. Dabei entdeckst du versteckte Liebesgeschichten an der Salzach, Millionen Jahre alte Fossilien im roten Marmor des Furtw\u00e4nglerparks und lernst Salzburg so kennen, wie es in keinem klassischen Reisef\u00fchrer steht.<\/p>\n\n\n\n\t\t<style>\n\t\t\t.seo_cta {\n\t\t\t\ttext-align: center;\n\t\t\t\tmargin-top: 16px; \n\t\t\t}\n\t\t\t.wp-block-table .seo_cta {\n\t\t\t\tmargin-top: 0;\n\t\t\t}\n\t\t\t.seo_cta .button .mdc-button {\n\t\t\t\tbackground-color: #ffcf02;\n\t\t\t\theight: 48px;\n\t\t\t}\n\t\t<\/style>\n\t\n\t\t\t<div class=\"seo_cta\">\n\t\t\t\t<div class=\"button\">\n\t\t\t\t\t<div class=\"wp-block-material-button\"><a href=\"https:\/\/www.lialo.com\/de\/erlebnisse\/oesterreich\/salzburg\/schnitzeljagd\/altstadt-schnitzeljagd\/\" class=\"mdc-button mdc-button--raised mdc-ripple-upgraded\"><i class=\"material-icons mdc-button__icon\">arrow_forward<\/i><div class=\"mdc-button__ripple\"><\/div><span class=\"mdc-button__label\">Zur Salzburg Schnitzeljagd<\/span><\/a><\/div>\n\t\t\t\t<\/div>\n\t\t\t<\/div>\n\t\t\n<\/div><\/div>\n\n\n\n<h3 class=\"wp-block-heading\">Hilfreiche Tipps f\u00fcr die Stadt<\/h3>\n\n\n\n<div class=\"wp-block-faq-block-for-gutenberg-faq\" style=\"background:#f6f7f7\"><div class=\"question\" style=\"background:none;color:#000\"><h4 style=\"color:#000\">Lohnt sich Salzburg f\u00fcr einen Tagesausflug?<\/h4><\/div><div class=\"answer\" style=\"background:none;color:#000\">Definitiv! Die Salzburger Altstadt ist sehr kompakt und l\u00e4sst sich wunderbar zu Fu\u00df erkunden. An einem Tag schaffst du locker die wichtigsten Highlights wie den Dom, die Getreidegasse, das Schloss Mirabell und sogar einen Abstecher zur Festung.<\/div><\/div>\n\n\n\n<div class=\"wp-block-faq-block-for-gutenberg-faq\" style=\"background:#f6f7f7\"><div class=\"question\" style=\"background:none;color:#000\"><h4 style=\"color:#000\">Welche kulinarischen Spezialit\u00e4ten gibt es in Salzburg?<\/h4><\/div><div class=\"answer\" style=\"background:none;color:#000\">Wer in Salzburg ist, kommt an den ber\u00fchmten originalen Mozartkugeln nicht vorbei. F\u00fcr den gr\u00f6\u00dferen Hunger empfiehlt sich ein Abstecher in \u00d6sterreichs \u00e4lteste B\u00e4ckerei im Sankt-Peter-Bezirk (die von M\u00f6nchen betrieben wird) oder ein Abendessen im St. Peter Stiftskulinarium, das bereits im Jahr 803 erw\u00e4hnt wurde und als das \u00e4lteste Restaurant der Welt gilt!<\/div><\/div>\n\n\n\n<div class=\"wp-block-faq-block-for-gutenberg-faq\" style=\"background:#f6f7f7\"><div class=\"question\" style=\"background:none;color:#000\"><h4 style=\"color:#000\">Wo starte ich am besten einen Stadtrundgang?<\/h4><\/div><div class=\"answer\" style=\"background:none;color:#000\">Der perfekte Ausgangspunkt ist das pulsierende Herz der Altstadt: der Mozartplatz. Von hier aus hast du kurze Wege zur Residenz, zum Dom und in die historische Getreidegasse. Wenn du am Mozartplatz mit deinem Smartphone die <a href=\"https:\/\/www.lialo.com\/de\/tour\/xxq8\">Salzburg Schnitzeljagd<\/a> der Fremdenf\u00fchrerin (Stadtf\u00fchrerin) Zoe startest, f\u00fchrt sie dich durch die Stadt.<\/div><\/div>\n\n\n\n\t\t<style>\n\t\t\t.seo_cta {\n\t\t\t\ttext-align: center;\n\t\t\t\tmargin-top: 16px; \n\t\t\t}\n\t\t\t.wp-block-table .seo_cta {\n\t\t\t\tmargin-top: 0;\n\t\t\t}\n\t\t\t.seo_cta .button .mdc-button {\n\t\t\t\tbackground-color: #ffcf02;\n\t\t\t\theight: 48px;\n\t\t\t}\n\t\t<\/style>\n\t\n\t\t\t<div class=\"seo_cta\">\n\t\t\t\t<div class=\"button\">\n\t\t\t\t\t<div class=\"wp-block-material-button\"><a href=\"https:\/\/www.lialo.com\/de\/erlebnisse\/oesterreich\/salzburg\/stadtfuehrung\/\" class=\"mdc-button mdc-button--raised mdc-ripple-upgraded\"><i class=\"material-icons mdc-button__icon\">arrow_forward<\/i><div class=\"mdc-button__ripple\"><\/div><span class=\"mdc-button__label\">Auf eigene Faust entdecken!<\/span><\/a><\/div>\n\t\t\t\t<\/div>\n\t\t\t<\/div>\n\t\t\n\n\n\n<h3 class=\"wp-block-heading\">Salzburg Sehensw\u00fcrdigkeiten: Viele Details, die \u00fcberraschen<\/h3>\n\n\n\n<p>Die Altstadt steckt voller Highlights und kleiner Details. Hier sind ein paar Orte und Geschichten, auf die du unbedingt achten solltest:<\/p>\n\n\n\n<p>\ud83e\uddd0 <strong>Mozartplatz &amp; Geburtshaus:<\/strong> Wandle auf den Spuren des ber\u00fchmtesten Sohnes der Stadt. Wusstest du, dass bei der Errichtung von Mozarts Denkmal auf dem Mozartplatz ein sensationelles, original r\u00f6misches Mosaik im Boden gefunden wurde?<\/p>\n\n\n\n<p>\ud83e\uddd0 <strong>Salzburger Dom:<\/strong> Ein barockes Meisterwerk, in dem bis zu 10.000 Menschen Platz finden! Achte drinnen auf das Taufbecken (in dem Mozart getauft wurde). Es wird von steinernen L\u00f6wen getragen, die extrem lustig aussehen \u2013 einfach deshalb, weil im 12. Jahrhundert in Salzburg noch niemand wusste, wie ein echter L\u00f6we eigentlich aussieht.<\/p>\n\n\n\n<p>\ud83e\uddd0 <strong>Sankt-Peter-Bezirk:<\/strong> Ein historisches Juwel abseits des gro\u00dfen Trubels. Hier steht das historische Wasserrad der \u00e4ltesten B\u00e4ckerei \u00d6sterreichs. Das Wasser daf\u00fcr flie\u00dft durch ein beeindruckendes, 18 Kilometer langes Kanalnetz sogar bis vom K\u00f6nigssee hierher!<\/p>\n\n\n\n<p>\ud83e\uddd0 <strong>Mirabellgarten:<\/strong> Dieser prachtvolle Garten ist weltbekannt. Hier findest du nicht nur das gefl\u00fcgelte Pferd Pegasus und den \u00fcber 330 Jahre alten Zwergerlgarten, sondern auch die ber\u00fchmte \u201eEinhorn-Stiege\u201c, auf der Hollywood-Geschichte f\u00fcr den Kultfilm <em>The Sound of Music<\/em> geschrieben wurde.<\/p>\n\n\n\n<p>\ud83e\uddd0 <strong>Alte Residenz:<\/strong> Der ehemalige Sitz der m\u00e4chtigen F\u00fcrsterzbisch\u00f6fe. Ein toller Insider-Tipp: Schau dir das steinerne Wappen \u00fcber dem Haupteingang genau an. Die dort abgebildeten L\u00f6wen haben keine normalen Schw\u00e4nze, sondern kunstvoll geschwungene \u201eBrezelschw\u00e4nze\u201c \u2013 ein Beweis f\u00fcr den Humor der damaligen Herrscher.<\/p>\n\n\n\n<p><strong>Und viele mehr:<\/strong><\/p>\n\n\n\n\t\t<style>\n\t\t\t.seo_cta {\n\t\t\t\ttext-align: center;\n\t\t\t\tmargin-top: 16px; \n\t\t\t}\n\t\t\t.wp-block-table .seo_cta {\n\t\t\t\tmargin-top: 0;\n\t\t\t}\n\t\t\t.seo_cta .button .mdc-button {\n\t\t\t\tbackground-color: #ffcf02;\n\t\t\t\theight: 48px;\n\t\t\t}\n\t\t<\/style>\n\t\n\t\t\t<div class=\"seo_cta\">\n\t\t\t\t<div class=\"button\">\n\t\t\t\t\t<div class=\"wp-block-material-button\"><a href=\"https:\/\/www.lialo.com\/de\/erlebnisse\/oesterreich\/salzburg\/stadtfuehrung\/\" class=\"mdc-button mdc-button--raised mdc-ripple-upgraded\"><i class=\"material-icons mdc-button__icon\">arrow_forward<\/i><div class=\"mdc-button__ripple\"><\/div><span class=\"mdc-button__label\">Auf eigene Faust entdecken!<\/span><\/a><\/div>\n\t\t\t\t<\/div>\n\t\t\t<\/div>\n\t\t\n\n\n\n<h3 class=\"wp-block-heading\">\ud83d\udc02 Die lustige Sage der \u201eStierwascher\u201c<\/h3>\n\n\n\n<p>Ein charmantes Detail \u00fcber Salzburg: Die Bewohner werden im restlichen \u00d6sterreich oft scherzhaft <strong>Stierwascher<\/strong> genannt. Der Legende nach schickten die benachbarten Halleiner als Streich einen schwarzen Stier auf einem Flo\u00df die Salzach hinunter. Die Salzburger, die damals nur gescheckte Stiere kannten, dachten, das Tier sei angemalt. Sie holten es aus dem Wasser und schrubbten es tagelang voller Ernst mit Seife \u2013 bis sie schlie\u00dflich einsahen, dass der Stier von Natur aus rabenschwarz war.<\/p>\n\n\n\n<h3 class=\"wp-block-heading\">\ud83d\ude0b Genuss f\u00fcr Entdecker<\/h3>\n\n\n\n<p>Wenn sich der kleine Hunger meldet, bist du im Sankt-Peter-Bezirk genau richtig. Hier findest du die Stiftsb\u00e4ckerei St. Peter, die mit \u00fcber 700 Jahren Geschichte die \u00e4lteste B\u00e4ckerei \u00d6sterreichs ist! Das Mehl wird hier noch immer von einem historischen Wasserrad gemahlen.<\/p>\n\n\n\n<p>Wer es exklusiver mag, braucht nur ein paar Schritte weiterzugehen: Das St. Peter Stiftskulinarium wurde bereits im Jahr 803 urkundlich erw\u00e4hnt und gilt heute als das \u00e4lteste Restaurant der Welt. An diesem Ort hat vermutlich sogar schon die Familie Mozart diniert.<\/p>\n\n\n\n<h3 class=\"wp-block-heading\">\ud83d\udca1 Wusstest du schon?<\/h3>\n\n\n\n<p>In der historischen Getreidegasse h\u00e4ngen viele kunstvoll geschmiedete Schilder \u00fcber den Ladeneing\u00e4ngen. Diese mittelalterlichen Zunftzeichen (wie z.B. eine Schere f\u00fcr einen Schneider) wurden damals f\u00fcr die Menschen entworfen, die weder lesen noch schreiben konnten, damit sie sofort wussten, welches Handwerk im Haus zu finden ist.<\/p>\n\n\n\n\t\t<style>\n\t\t\t.seo_cta {\n\t\t\t\ttext-align: center;\n\t\t\t\tmargin-top: 16px; \n\t\t\t}\n\t\t\t.wp-block-table .seo_cta {\n\t\t\t\tmargin-top: 0;\n\t\t\t}\n\t\t\t.seo_cta .button .mdc-button {\n\t\t\t\tbackground-color: #ffcf02;\n\t\t\t\theight: 48px;\n\t\t\t}\n\t\t<\/style>\n\t\n\t\t\t<div class=\"seo_cta\">\n\t\t\t\t<div class=\"button\">\n\t\t\t\t\t<div class=\"wp-block-material-button\"><a href=\"https:\/\/www.lialo.com\/de\/erlebnisse\/oesterreich\/salzburg\/stadtfuehrung\/\" class=\"mdc-button mdc-button--raised mdc-ripple-upgraded\"><i class=\"material-icons mdc-button__icon\">arrow_forward<\/i><div class=\"mdc-button__ripple\"><\/div><span class=\"mdc-button__label\">Auf eigene Faust entdecken!<\/span><\/a><\/div>\n\t\t\t\t<\/div>\n\t\t\t<\/div>\n\t\t\n\n\n<div class=\"seo_bottom\">\n\t\t<h3>Was ist lialo?<\/h3>\n\t\t<p><b>lialo<\/b> (Abk\u00fcrzung f\u00fcr <b>Li<\/b>ke<b> a<\/b> <b>Lo<\/b>cal) macht dein Smartphone zum pers\u00f6nlichen Stadtf\u00fchrer. Die digitalen Touren sind jederzeit verf\u00fcgbar, flexibel im Ablauf und bieten dir ein individuelles Erlebnis.<\/p>\n\t\t<p>Entdecke die Stadt authentisch \u2013 fast so, als w\u00fcrde sie dir ein guter Freund oder eine gute Freundin zeigen. Die Autor*innen erstellen ihre Touren mit \u2665\ufe0f vor Ort und teilen ihr Wissen, pers\u00f6nliche Anekdoten und echte Geheimtipps mit dir.<\/p>\n\t\t<figure class=\"wp-block-image size-full\"><a href=\"https:\/\/www.youtube.com\/watch?v=GbhiNKrMV3E\" target=\"_blank\" rel=\"noopener\"><img decoding=\"async\" width=\"846\" height=\"475\" src=\"https:\/\/www.lialo.blog\/de\/erlebnisse\/wp-content\/uploads\/2022\/10\/lialo-Thumbnail-2-2.jpg\" alt=\"\" class=\"wp-image-36441\" srcset=\"https:\/\/www.lialo.blog\/de\/erlebnisse\/wp-content\/uploads\/2022\/10\/lialo-Thumbnail-2-2.jpg 846w, https:\/\/www.lialo.blog\/de\/erlebnisse\/wp-content\/uploads\/2022\/10\/lialo-Thumbnail-2-2-300x168.jpg 300w, https:\/\/www.lialo.blog\/de\/erlebnisse\/wp-content\/uploads\/2022\/10\/lialo-Thumbnail-2-2-768x431.jpg 768w\" sizes=\"(max-width: 846px) 100vw, 846px\"><\/a><\/figure>\n\t\t<h4>Wenn du Fragen hast, melde dich gern bei uns<\/h4>\n\t\t<p>#gerneperdu<br><a href=\"mailto:hallo@lialo.com\">hallo@lialo.com<\/a><\/p>\n\t<\/div>\n","protected":false},"excerpt":{"rendered":"<p>Salzburg \u2013 Barocker Glanz und verborgene Sch\u00e4tze an der Salzach Salzburg ist weltber\u00fchmt f\u00fcr Wolfgang Amadeus Mozart, die glanzvollen Festspiele und seine atemberaubende barocke Architektur, die der Altstadt v\u00f6llig zu Recht den Titel als UNESCO-Weltkulturerbe einbrachte. Doch die Mozartstadt hat noch viel mehr zu bieten als die klassischen Postkartenmotive und \u00fcberlaufenen Pl\u00e4tze. Wer mit offenen [&hellip;]<\/p>\n","protected":false},"author":2,"featured_media":47758,"parent":42048,"menu_order":0,"comment_status":"closed","ping_status":"closed","template":"","meta":{"_acf_changed":false,"material-hide-sections":[],"footnotes":""},"class_list":["post-44188","page","type-page","status-publish","has-post-thumbnail","hentry"],"acf":[],"_links":{"self":[{"href":"https:\/\/www.lialo.blog\/de\/erlebnisse\/wp-json\/wp\/v2\/pages\/44188","targetHints":{"allow":["GET"]}}],"collection":[{"href":"https:\/\/www.lialo.blog\/de\/erlebnisse\/wp-json\/wp\/v2\/pages"}],"about":[{"href":"https:\/\/www.lialo.blog\/de\/erlebnisse\/wp-json\/wp\/v2\/types\/page"}],"author":[{"embeddable":true,"href":"https:\/\/www.lialo.blog\/de\/erlebnisse\/wp-json\/wp\/v2\/users\/2"}],"replies":[{"embeddable":true,"href":"https:\/\/www.lialo.blog\/de\/erlebnisse\/wp-json\/wp\/v2\/comments?post=44188"}],"version-history":[{"count":8,"href":"https:\/\/www.lialo.blog\/de\/erlebnisse\/wp-json\/wp\/v2\/pages\/44188\/revisions"}],"predecessor-version":[{"id":47788,"href":"https:\/\/www.lialo.blog\/de\/erlebnisse\/wp-json\/wp\/v2\/pages\/44188\/revisions\/47788"}],"up":[{"embeddable":true,"href":"https:\/\/www.lialo.blog\/de\/erlebnisse\/wp-json\/wp\/v2\/pages\/42048"}],"wp:featuredmedia":[{"embeddable":true,"href":"https:\/\/www.lialo.blog\/de\/erlebnisse\/wp-json\/wp\/v2\/media\/47758"}],"wp:attachment":[{"href":"https:\/\/www.lialo.blog\/de\/erlebnisse\/wp-json\/wp\/v2\/media?parent=44188"}],"curies":[{"name":"wp","href":"https:\/\/api.w.org\/{rel}","templated":true}]}}