{"id":43537,"date":"2025-06-04T14:38:33","date_gmt":"2025-06-04T12:38:33","guid":{"rendered":"https:\/\/www.lialo.blog\/blog\/?page_id=43537"},"modified":"2026-02-25T08:48:35","modified_gmt":"2026-02-25T15:48:35","slug":"arrecife-lanzarote","status":"publish","type":"page","link":"https:\/\/www.lialo.blog\/de\/erlebnisse\/spanien\/arrecife-lanzarote\/","title":{"rendered":"Arrecife (Lanzarote): Sehensw\u00fcrdigkeiten, Geheimtipps &amp; Touren \ud83c\udf35"},"content":{"rendered":"\n<h2 class=\"wp-block-heading\">Arrecife \u2013 Das pulsierende Herz der Vulkaninsel<\/h2>\n\n\n\n<p>Willkommen auf Lanzarote, der Insel der Vulkane und der Kunst! Arrecife ist keine typische Touristenstadt, sondern ein authentischer Ort voller Geschichte und Leben. Zwischen den schwarzen Riffs (&#8222;Arrecifes&#8220;), die der Stadt ihren Namen gaben, und den wei\u00dfen H\u00e4usern sp\u00fcrst du den einzigartigen Charme der Insel. Egal, ob du mit dem Kreuzfahrtschiff (AIDA, Mein Schiff, MSC, etc.) anlegst oder deinen Urlaub auf Lanzarote verbringst: Arrecife l\u00e4sst sich wunderbar <strong>zu Fu\u00df erkunden<\/strong>. Die Wege sind kurz, das Klima ist dank der Passatwinde ganzj\u00e4hrig angenehm und die Spuren des ber\u00fchmten K\u00fcnstlers C\u00e9sar Manrique sind allgegenw\u00e4rtig.<\/p>\n\n\n\n\t\t<style>\n\t\t\t.seo_cta {\n\t\t\t\ttext-align: center;\n\t\t\t\tmargin-top: 16px; \n\t\t\t}\n\t\t\t.wp-block-table .seo_cta {\n\t\t\t\tmargin-top: 0;\n\t\t\t}\n\t\t\t.seo_cta .button .mdc-button {\n\t\t\t\tbackground-color: #ffcf02;\n\t\t\t\theight: 48px;\n\t\t\t}\n\t\t<\/style>\n\t\n\t\t\t<div class=\"seo_cta\">\n\t\t\t\t<div class=\"button\">\n\t\t\t\t\t<div class=\"wp-block-material-button\"><a href=\"https:\/\/www.lialo.com\/de\/erlebnisse\/spanien\/arrecife-lanzarote\/stadtfuehrung\/\" class=\"mdc-button mdc-button--raised mdc-ripple-upgraded\"><i class=\"material-icons mdc-button__icon\">arrow_forward<\/i><div class=\"mdc-button__ripple\"><\/div><span class=\"mdc-button__label\">Auf eigene Faust entdecken!<\/span><\/a><\/div>\n\t\t\t\t<\/div>\n\t\t\t<\/div>\n\t\t\n\n\n<div class=\"tour_preview_images\">\n\t\t\t<style>\n\t\t\t\t.tour_preview_images {\n\t\t\t\t\tcontainer-type: inline-size;\n\t\t\t\t\tcontainer-name: gallery;\n\t\t\t\t}\n\t\t\t\t.tour_preview_images-grid {\n\t\t\t\t\tdisplay: flex;\n\t\t\t\t\tflex-wrap: wrap; \n\t\t\t\t\tgap: 1rem;\n\t\t\t\t\twidth: 100%;\n\t\t\t\t}\n\t\t\t\t.tour_preview_images-item {\n\t\t\t\t\twidth: 100%;\n\t\t\t\t\tflex-grow: 1;\n\t\t\t\t\taspect-ratio: 16 \/ 9; \n\t\t\t\t\toverflow: hidden;\n\t\t\t\t\tborder-radius: 4px;\n\t\t\t\t\tbackground-color: #ddd;\n\t\t\t\t}\n\t\t\t\t.tour_preview_images-item img {\n\t\t\t\t\twidth: 100%;\n\t\t\t\t\theight: 100%;\n\t\t\t\t\tobject-fit: cover;\n\t\t\t\t\tdisplay: block;\n\t\t\t\t\ttransition: transform 0.3s ease;\n\t\t\t\t}\n\t\t\t\t@container gallery (min-width: 300px) {\n\t\t\t\t\t.tour_preview_images-item {\n\t\t\t\t\t\twidth: calc((100% - 1rem) \/ 2);\n\t\t\t\t\t}\n\t\t\t\t}\n\t\t\t\t@container gallery (min-width: 600px) {\n\t\t\t\t\t.tour_preview_images-item {\n\t\t\t\t\t\twidth: calc((100% - 2rem) \/ 3);\n\t\t\t\t\t}\n\t\t\t\t}\n\t\t\t<\/style>\n\t\t<div class=\"tour_preview_images-grid\">\n\t\t\t    <div class=\"tour_preview_images-item\">\n                <img decoding=\"async\" \n                    src=\"https:\/\/images.lialo.com\/f59340ae-3174-4799-b505-a1bc676842a3@w1024.webp\" \n                    srcset=\"\n                        https:\/\/images.lialo.com\/f59340ae-3174-4799-b505-a1bc676842a3@w384.webp 384w,\n                        https:\/\/images.lialo.com\/f59340ae-3174-4799-b505-a1bc676842a3@w854.webp 854w,\n                        https:\/\/images.lialo.com\/f59340ae-3174-4799-b505-a1bc676842a3@w1024.webp 1024w\n                    \"\n                    sizes=\"(min-width: 840px) 840px, 100vw\"\n                    alt=\"Lanzarote Arrecife Rundgang Hafen und Altstadt individueller Stadtrundgang\"\n\t\t\t\t\ttitle=\"\"\n                    loading=\"lazy\"\n                >\n            <\/div>\n\t\t\t\n\t\t\t    <div class=\"tour_preview_images-item\">\n                <img decoding=\"async\" \n                    src=\"https:\/\/images.lialo.com\/9a5950a8-a72e-422c-b360-2914d39cc3a6@w1024.webp\" \n                    srcset=\"\n                        https:\/\/images.lialo.com\/9a5950a8-a72e-422c-b360-2914d39cc3a6@w384.webp 384w,\n                        https:\/\/images.lialo.com\/9a5950a8-a72e-422c-b360-2914d39cc3a6@w854.webp 854w,\n                        https:\/\/images.lialo.com\/9a5950a8-a72e-422c-b360-2914d39cc3a6@w1024.webp 1024w\n                    \"\n                    sizes=\"(min-width: 840px) 840px, 100vw\"\n                    alt=\"Lanzarote Arrecife Rundgang Hafen und Altstadt individueller Stadtrundgang\"\n\t\t\t\t\ttitle=\"\"\n                    loading=\"lazy\"\n                >\n            <\/div>\n\t\t\t\n\t\t\t    <div class=\"tour_preview_images-item\">\n                <img decoding=\"async\" \n                    src=\"https:\/\/images.lialo.com\/bb1544ea-8540-4f35-ab91-9a6bd30e89e9@w1024.webp\" \n                    srcset=\"\n                        https:\/\/images.lialo.com\/bb1544ea-8540-4f35-ab91-9a6bd30e89e9@w384.webp 384w,\n                        https:\/\/images.lialo.com\/bb1544ea-8540-4f35-ab91-9a6bd30e89e9@w854.webp 854w,\n                        https:\/\/images.lialo.com\/bb1544ea-8540-4f35-ab91-9a6bd30e89e9@w1024.webp 1024w\n                    \"\n                    sizes=\"(min-width: 840px) 840px, 100vw\"\n                    alt=\"Lanzarote Arrecife Rundgang Hafen und Altstadt individueller Stadtrundgang\"\n\t\t\t\t\ttitle=\"\"\n                    loading=\"lazy\"\n                >\n            <\/div>\n\t\t\t\n\t\t\t    <div class=\"tour_preview_images-item\">\n                <img decoding=\"async\" \n                    src=\"https:\/\/images.lialo.com\/af6c549a-e2b6-4d40-bcb6-9de7851b8d28@w1024.webp\" \n                    srcset=\"\n                        https:\/\/images.lialo.com\/af6c549a-e2b6-4d40-bcb6-9de7851b8d28@w384.webp 384w,\n                        https:\/\/images.lialo.com\/af6c549a-e2b6-4d40-bcb6-9de7851b8d28@w854.webp 854w,\n                        https:\/\/images.lialo.com\/af6c549a-e2b6-4d40-bcb6-9de7851b8d28@w1024.webp 1024w\n                    \"\n                    sizes=\"(min-width: 840px) 840px, 100vw\"\n                    alt=\"Lanzarote Arrecife Rundgang Hafen und Altstadt individueller Stadtrundgang\"\n\t\t\t\t\ttitle=\"\"\n                    loading=\"lazy\"\n                >\n            <\/div>\n\t\t\t<\/div><\/div>\n\n\n\n<h3 class=\"wp-block-heading\">Hilfreiche Tipps f\u00fcr die Stadt<\/h3>\n\n\n\n<div class=\"wp-block-faq-block-for-gutenberg-faq\" style=\"background:#f6f7f7\"><div class=\"question\" style=\"background:none;color:#000\"><h4 style=\"color:#000\">Was sind die wichtigsten Sehensw\u00fcrdigkeiten in Arrecife?<\/h4><\/div><div class=\"answer\" style=\"background:none;color:#000\">Das absolute Herzst\u00fcck ist der &#8222;Charco de San Gin\u00e9s&#8220; (die Lagune). Dazu kommen die Festung Castillo de San Gabriel (\u00fcber die Zugbr\u00fccke &#8222;Puente de las Bolas&#8220; erreichbar) und die Kirche San Gin\u00e9s, die \u00e4lteste der Insel.<\/div><\/div>\n\n\n\n<div class=\"wp-block-faq-block-for-gutenberg-faq\" style=\"background:#f6f7f7\"><div class=\"question\" style=\"background:none;color:#000\"><h4 style=\"color:#000\">Kann ich Arrecife bei einer Kreuzfahrt auf eigene Faust erkunden?<\/h4><\/div><div class=\"answer\" style=\"background:none;color:#000\">Ja, Arrecife ist ideal daf\u00fcr. Vom Kreuzfahrthafen (Marina Lanzarote) sind es nur ca. 10\u201315 Minuten zu Fu\u00df bis zum Charco und ins Zentrum. Der <a href=\"https:\/\/www.lialo.com\/de\/tour\/gred\">individuelle Stadtrundgang<\/a> mit deinem Smartphone startet genau an der Schnittstelle zwischen Hafen und Stadt.<\/div><\/div>\n\n\n\n<div class=\"wp-block-faq-block-for-gutenberg-faq\" style=\"background:#f6f7f7\"><div class=\"question\" style=\"background:none;color:#000\"><h4 style=\"color:#000\">Wo kann man in Arrecife gut essen und bummeln?<\/h4><\/div><div class=\"answer\" style=\"background:none;color:#000\">Das kulinarische Herz der Stadt schl\u00e4gt rund um die Lagune Charco de San Gin\u00e9s. Der <a href=\"https:\/\/www.lialo.com\/de\/tour\/gred\">Stadtrundgang<\/a> f\u00fchrt dich direkt an diese malerische Promenade, wo du zwischen den bunten Fischerbooten hervorragend Fisch und Tapas essen kannst. Zum Shoppen ist die Fu\u00dfg\u00e4ngerzone Calle Real das Ziel. Folge der Tour weiter durch diese Einkaufsstra\u00dfe und du erf\u00e4hrst, wo du in einer Seitengasse ein verstecktes Caf\u00e9 f\u00fcr die perfekte Pause findest.<\/div><\/div>\n\n\n\n<div class=\"wp-block-faq-block-for-gutenberg-faq\" style=\"background:#f6f7f7\"><div class=\"question\" style=\"background:none;color:#000\"><h4 style=\"color:#000\">Wie ist das Wetter in Arrecife?<\/h4><\/div><div class=\"answer\" style=\"background:none;color:#000\">Das Klima ist ein Traum! Du kannst das ganze Jahr \u00fcber mit angenehmen Temperaturen zwischen 20 und 29 Grad Celsius rechnen. Angst vor zu gro\u00dfer Hitze musst du meist nicht haben: Die stetigen Passatwinde sorgen f\u00fcr eine angenehme Frische auf der Vulkaninsel.<\/div><\/div>\n\n\n\n<div class=\"wp-block-faq-block-for-gutenberg-faq\" style=\"background:#f6f7f7\"><div class=\"question\" style=\"background:none;color:#000\"><h4 style=\"color:#000\">Wie viel Zeit sollte ich f\u00fcr einen Stadtrundgang einplanen?<\/h4><\/div><div class=\"answer\" style=\"background:none;color:#000\">Der Stadtrundgang <a href=\"https:\/\/www.lialo.com\/de\/tour\/gred\">Hafen und Altstadt<\/a> ist ca. 2,5 km lang. Reine Gehzeit ist etwa eine Stunde, aber mit Pausen, Fotos und Besichtigungen solltest du entspannte 2 bis 3 Stunden einplanen.<\/div><\/div>\n\n\n\n<div class=\"wp-block-faq-block-for-gutenberg-faq\" style=\"background:#f6f7f7\"><div class=\"question\" style=\"background:none;color:#000\"><h4 style=\"color:#000\">Was kostet ein Landausflug auf eigene Faust?<\/h4><\/div><div class=\"answer\" style=\"background:none;color:#000\">Wenig! Die <a href=\"https:\/\/www.lialo.com\/de\/erlebnisse\/spanien\/arrecife-lanzarote\/stadtfuehrung\/\">Stadtf\u00fchrungen<\/a> kosten nur wenige Euro \u2013 f\u00fcr die ganze Familie (da ihr nur ein Smartphone ben\u00f6tigt). Im Vergleich zu den Reederei-Ausfl\u00fcgen (oft 50-100 \u20ac pro Person) sparst du deutlich und bist viel flexibler.<\/div><\/div>\n\n\n\n\t\t<style>\n\t\t\t.seo_cta {\n\t\t\t\ttext-align: center;\n\t\t\t\tmargin-top: 16px; \n\t\t\t}\n\t\t\t.wp-block-table .seo_cta {\n\t\t\t\tmargin-top: 0;\n\t\t\t}\n\t\t\t.seo_cta .button .mdc-button {\n\t\t\t\tbackground-color: #ffcf02;\n\t\t\t\theight: 48px;\n\t\t\t}\n\t\t<\/style>\n\t\n\t\t\t<div class=\"seo_cta\">\n\t\t\t\t<div class=\"button\">\n\t\t\t\t\t<div class=\"wp-block-material-button\"><a href=\"https:\/\/www.lialo.com\/de\/erlebnisse\/spanien\/arrecife-lanzarote\/stadtfuehrung\/\" class=\"mdc-button mdc-button--raised mdc-ripple-upgraded\"><i class=\"material-icons mdc-button__icon\">arrow_forward<\/i><div class=\"mdc-button__ripple\"><\/div><span class=\"mdc-button__label\">Auf eigene Faust entdecken!<\/span><\/a><\/div>\n\t\t\t\t<\/div>\n\t\t\t<\/div>\n\t\t\n\n\n\n<h3 class=\"wp-block-heading\">Arrecife Sehensw\u00fcrdigkeiten: Viele Details, die \u00fcberraschen<\/h3>\n\n\n\n<p>Die Hauptstadt wirkt auf den ersten Blick schlicht, doch sie steckt voller kurioser Geschichten und versteckter Ecken. Es gibt viel, was die meisten Besucher \u00fcbersehen:<\/p>\n\n\n\n<p>\ud83e\uddd0 <strong>Die Pf\u00fctze:<\/strong> Was despektierlich klingt, ist der sch\u00f6nste Ort der Stadt. Der &#8222;Charco de San Gin\u00e9s&#8220; ist eine Meerwasser-Lagune mitten im Zentrum. Hier schaukeln kleine Fischerboote, und die Restaurants am Ufer sind der Treffpunkt der Locals.<\/p>\n\n\n\n<p>\ud83e\uddd0 <strong>Ein Wal in der Stadt:<\/strong> Mitten auf einer Promenade triffst du auf das riesige Skelett eines Finnwals. Er ist ein Symbol f\u00fcr die reiche Meeresfauna der Kanaren.<\/p>\n\n\n\n<p>\ud83e\uddd0 <strong>Hemingways Kapit\u00e4n:<\/strong> Am Hafen steht die Statue eines Fischers mit einem riesigen Marlin. Sie ehrt Gregorio Fuentes, der als Kind von Lanzarote nach Kuba auswanderte, dort Kapit\u00e4n von Ernest Hemingway wurde und ihn zum Welterfolg &#8222;Der alte Mann und das Meer&#8220; inspirierte.<\/p>\n\n\n\n<p>\ud83e\uddd0 <strong>Boote aus Blechdosen:<\/strong> Im Charco siehst du winzige, bunte Boote, die &#8222;Jolateros&#8220;. Sie sind eine einzigartige Tradition in Arrecife, gebaut aus alten \u00d6lf\u00e4ssern und Blechkanistern. Kinder paddeln damit heute noch um die Wette.<\/p>\n\n\n\n<p><strong>Und viele mehr:<\/strong><\/p>\n\n\n\n\t\t<style>\n\t\t\t.seo_cta {\n\t\t\t\ttext-align: center;\n\t\t\t\tmargin-top: 16px; \n\t\t\t}\n\t\t\t.wp-block-table .seo_cta {\n\t\t\t\tmargin-top: 0;\n\t\t\t}\n\t\t\t.seo_cta .button .mdc-button {\n\t\t\t\tbackground-color: #ffcf02;\n\t\t\t\theight: 48px;\n\t\t\t}\n\t\t<\/style>\n\t\n\t\t\t<div class=\"seo_cta\">\n\t\t\t\t<div class=\"button\">\n\t\t\t\t\t<div class=\"wp-block-material-button\"><a href=\"https:\/\/www.lialo.com\/de\/erlebnisse\/spanien\/arrecife-lanzarote\/stadtfuehrung\/\" class=\"mdc-button mdc-button--raised mdc-ripple-upgraded\"><i class=\"material-icons mdc-button__icon\">arrow_forward<\/i><div class=\"mdc-button__ripple\"><\/div><span class=\"mdc-button__label\">Auf eigene Faust entdecken!<\/span><\/a><\/div>\n\t\t\t\t<\/div>\n\t\t\t<\/div>\n\t\t\n\n\n\n<h3 class=\"wp-block-heading\">\ud83c\udccf Die Geschichte: Ein Haus beim Kartenspiel verloren<\/h3>\n\n\n\n<p>Lanzarote zieht Stars an \u2013 und manchmal zieht es ihnen das Geld aus der Tasche. Wusstest du, dass der Hollywood-Star <strong>Omar Sharif<\/strong> (&#8222;Doktor Schiwago&#8220;) hier einst ein traumhaftes Haus kaufte, das in eine Lavablase gebaut war? Er besa\u00df es nur einen Tag! Er verlor es in einer Bridge-Partie an seinen Immobilienmakler, der zuf\u00e4llig Bridge-Europameister war. Das Haus ist heute das Museum &#8222;Lagomar&#8220;.<\/p>\n\n\n\n<h3 class=\"wp-block-heading\">\ud83d\ude0b Genuss f\u00fcr Entdecker<\/h3>\n\n\n\n<p>Rund um den &#8222;Charco&#8220; (die Lagune) findest du die besten Tapas-Bars der Stadt. Hier genie\u00dft man frischen Fisch mit <strong>Papas Arrugadas<\/strong> (Runzelkartoffeln) und Mojo-So\u00dfe. Ein echter Geheimtipp f\u00fcr eine Pause ist der <strong>Jard\u00edn Secreto<\/strong> (Geheimer Garten). In diesem Caf\u00e9 in der Altstadt sitzt du in einem versteckten Innenhof unter Palmen und kannst hausgemachten Kuchen probieren.<\/p>\n\n\n\n<h3 class=\"wp-block-heading\">\ud83d\udca1 Wusstest du schon?<\/h3>\n\n\n\n<p>Lanzarote w\u00e4re ohne <strong>C\u00e9sar Manrique<\/strong> heute eine andere Insel. Der K\u00fcnstler sorgte daf\u00fcr, dass es keine Werbetafeln an den Stra\u00dfen gibt und H\u00e4user (fast) nur wei\u00df gestrichen werden d\u00fcrfen. Er verstand es wie kein anderer, Architektur und vulkanische Natur zu verschmelzen.<\/p>\n\n\n\n\t\t<style>\n\t\t\t.seo_cta {\n\t\t\t\ttext-align: center;\n\t\t\t\tmargin-top: 16px; \n\t\t\t}\n\t\t\t.wp-block-table .seo_cta {\n\t\t\t\tmargin-top: 0;\n\t\t\t}\n\t\t\t.seo_cta .button .mdc-button {\n\t\t\t\tbackground-color: #ffcf02;\n\t\t\t\theight: 48px;\n\t\t\t}\n\t\t<\/style>\n\t\n\t\t\t<div class=\"seo_cta\">\n\t\t\t\t<div class=\"button\">\n\t\t\t\t\t<div class=\"wp-block-material-button\"><a href=\"https:\/\/www.lialo.com\/de\/erlebnisse\/spanien\/arrecife-lanzarote\/stadtfuehrung\/\" class=\"mdc-button mdc-button--raised mdc-ripple-upgraded\"><i class=\"material-icons mdc-button__icon\">arrow_forward<\/i><div class=\"mdc-button__ripple\"><\/div><span class=\"mdc-button__label\">Auf eigene Faust entdecken!<\/span><\/a><\/div>\n\t\t\t\t<\/div>\n\t\t\t<\/div>\n\t\t\n\n\n<div class=\"seo_bottom\">\n\t\t<h3>Was ist lialo?<\/h3>\n\t\t<p><b>lialo<\/b> (Abk\u00fcrzung f\u00fcr <b>Li<\/b>ke<b> a<\/b> <b>Lo<\/b>cal) macht dein Smartphone zum pers\u00f6nlichen Stadtf\u00fchrer. Die digitalen Touren sind jederzeit verf\u00fcgbar, flexibel im Ablauf und bieten dir ein individuelles Erlebnis.<\/p>\n\t\t<p>Entdecke die Stadt authentisch \u2013 fast so, als w\u00fcrde sie dir ein guter Freund oder eine gute Freundin zeigen. Die Autor*innen erstellen ihre Touren mit \u2665\ufe0f vor Ort und teilen ihr Wissen, pers\u00f6nliche Anekdoten und echte Geheimtipps mit dir.<\/p>\n\t\t<figure class=\"wp-block-image size-full\"><a href=\"https:\/\/www.youtube.com\/watch?v=GbhiNKrMV3E\" target=\"_blank\" rel=\"noopener\"><img decoding=\"async\" width=\"846\" height=\"475\" src=\"https:\/\/www.lialo.blog\/de\/erlebnisse\/wp-content\/uploads\/2022\/10\/lialo-Thumbnail-2-2.jpg\" alt=\"\" class=\"wp-image-36441\" srcset=\"https:\/\/www.lialo.blog\/de\/erlebnisse\/wp-content\/uploads\/2022\/10\/lialo-Thumbnail-2-2.jpg 846w, https:\/\/www.lialo.blog\/de\/erlebnisse\/wp-content\/uploads\/2022\/10\/lialo-Thumbnail-2-2-300x168.jpg 300w, https:\/\/www.lialo.blog\/de\/erlebnisse\/wp-content\/uploads\/2022\/10\/lialo-Thumbnail-2-2-768x431.jpg 768w\" sizes=\"(max-width: 846px) 100vw, 846px\"><\/a><\/figure>\n\t\t<h4>Wenn du Fragen hast, melde dich gern bei uns<\/h4>\n\t\t<p>#gerneperdu<br><a href=\"mailto:hallo@lialo.com\">hallo@lialo.com<\/a><\/p>\n\t<\/div>\n","protected":false},"excerpt":{"rendered":"<p>Arrecife \u2013 Das pulsierende Herz der Vulkaninsel Willkommen auf Lanzarote, der Insel der Vulkane und der Kunst! Arrecife ist keine typische Touristenstadt, sondern ein authentischer Ort voller Geschichte und Leben. Zwischen den schwarzen Riffs (&#8222;Arrecifes&#8220;), die der Stadt ihren Namen gaben, und den wei\u00dfen H\u00e4usern sp\u00fcrst du den einzigartigen Charme der Insel. Egal, ob du [&hellip;]<\/p>\n","protected":false},"author":2,"featured_media":47130,"parent":40208,"menu_order":0,"comment_status":"closed","ping_status":"closed","template":"","meta":{"_acf_changed":false,"material-hide-sections":[],"footnotes":""},"class_list":["post-43537","page","type-page","status-publish","has-post-thumbnail","hentry"],"acf":[],"_links":{"self":[{"href":"https:\/\/www.lialo.blog\/de\/erlebnisse\/wp-json\/wp\/v2\/pages\/43537","targetHints":{"allow":["GET"]}}],"collection":[{"href":"https:\/\/www.lialo.blog\/de\/erlebnisse\/wp-json\/wp\/v2\/pages"}],"about":[{"href":"https:\/\/www.lialo.blog\/de\/erlebnisse\/wp-json\/wp\/v2\/types\/page"}],"author":[{"embeddable":true,"href":"https:\/\/www.lialo.blog\/de\/erlebnisse\/wp-json\/wp\/v2\/users\/2"}],"replies":[{"embeddable":true,"href":"https:\/\/www.lialo.blog\/de\/erlebnisse\/wp-json\/wp\/v2\/comments?post=43537"}],"version-history":[{"count":17,"href":"https:\/\/www.lialo.blog\/de\/erlebnisse\/wp-json\/wp\/v2\/pages\/43537\/revisions"}],"predecessor-version":[{"id":47274,"href":"https:\/\/www.lialo.blog\/de\/erlebnisse\/wp-json\/wp\/v2\/pages\/43537\/revisions\/47274"}],"up":[{"embeddable":true,"href":"https:\/\/www.lialo.blog\/de\/erlebnisse\/wp-json\/wp\/v2\/pages\/40208"}],"wp:featuredmedia":[{"embeddable":true,"href":"https:\/\/www.lialo.blog\/de\/erlebnisse\/wp-json\/wp\/v2\/media\/47130"}],"wp:attachment":[{"href":"https:\/\/www.lialo.blog\/de\/erlebnisse\/wp-json\/wp\/v2\/media?parent=43537"}],"curies":[{"name":"wp","href":"https:\/\/api.w.org\/{rel}","templated":true}]}}