{"id":42317,"date":"2024-04-09T16:29:29","date_gmt":"2024-04-09T14:29:29","guid":{"rendered":"https:\/\/www.lialo.blog\/blog\/?page_id=42317"},"modified":"2026-02-25T08:48:35","modified_gmt":"2026-02-25T15:48:35","slug":"willemstad","status":"publish","type":"page","link":"https:\/\/www.lialo.blog\/de\/erlebnisse\/curacao\/willemstad\/","title":{"rendered":"Willemstad: Sehensw\u00fcrdigkeiten, Geheimtipps &amp; Touren \ud83e\udd8e"},"content":{"rendered":"\n<h2 class=\"wp-block-heading\">Bon Bini auf der buntesten Insel der Karibik<\/h2>\n\n\n\n<p>Willkommen in &#8222;Klein-Amsterdam&#8220; unter Palmen! Willemstad leuchtet schon von Weitem in Bonbonfarben. Die Hauptstadt von Cura\u00e7ao ist UNESCO-Weltkulturerbe und l\u00e4sst sich perfekt zu Fu\u00df erkunden. F\u00fcr Kreuzfahrer ist die Lage ein Traum: Die Schiffe legen oft direkt am Mega Pier oder der Mathey Werft an \u2013 nur wenige Schritte vom Zentrum entfernt. Statt teure Bustouren zu buchen, kannst du sofort loslaufen. \u00dcberquere die ber\u00fchmte Pontonbr\u00fccke, entdecke die wilde Street-Art im Viertel Otrobanda und probiere (wenn du dich traust) Leguan-Suppe auf dem alten Markt.<\/p>\n\n\n\n\t\t<style>\n\t\t\t.seo_cta {\n\t\t\t\ttext-align: center;\n\t\t\t\tmargin-top: 16px; \n\t\t\t}\n\t\t\t.wp-block-table .seo_cta {\n\t\t\t\tmargin-top: 0;\n\t\t\t}\n\t\t\t.seo_cta .button .mdc-button {\n\t\t\t\tbackground-color: #ffcf02;\n\t\t\t\theight: 48px;\n\t\t\t}\n\t\t<\/style>\n\t\n\t\t\t<div class=\"seo_cta\">\n\t\t\t\t<div class=\"button\">\n\t\t\t\t\t<div class=\"wp-block-material-button\"><a href=\"https:\/\/www.lialo.com\/de\/erlebnisse\/curacao\/willemstad\/stadtfuehrung\/\" class=\"mdc-button mdc-button--raised mdc-ripple-upgraded\"><i class=\"material-icons mdc-button__icon\">arrow_forward<\/i><div class=\"mdc-button__ripple\"><\/div><span class=\"mdc-button__label\">Auf eigene Faust entdecken!<\/span><\/a><\/div>\n\t\t\t\t<\/div>\n\t\t\t<\/div>\n\t\t\n\n\n<div class=\"tour_preview_images\">\n\t\t\t<style>\n\t\t\t\t.tour_preview_images {\n\t\t\t\t\tcontainer-type: inline-size;\n\t\t\t\t\tcontainer-name: gallery;\n\t\t\t\t}\n\t\t\t\t.tour_preview_images-grid {\n\t\t\t\t\tdisplay: flex;\n\t\t\t\t\tflex-wrap: wrap; \n\t\t\t\t\tgap: 1rem;\n\t\t\t\t\twidth: 100%;\n\t\t\t\t}\n\t\t\t\t.tour_preview_images-item {\n\t\t\t\t\twidth: 100%;\n\t\t\t\t\tflex-grow: 1;\n\t\t\t\t\taspect-ratio: 16 \/ 9; \n\t\t\t\t\toverflow: hidden;\n\t\t\t\t\tborder-radius: 4px;\n\t\t\t\t\tbackground-color: #ddd;\n\t\t\t\t}\n\t\t\t\t.tour_preview_images-item img {\n\t\t\t\t\twidth: 100%;\n\t\t\t\t\theight: 100%;\n\t\t\t\t\tobject-fit: cover;\n\t\t\t\t\tdisplay: block;\n\t\t\t\t\ttransition: transform 0.3s ease;\n\t\t\t\t}\n\t\t\t\t@container gallery (min-width: 300px) {\n\t\t\t\t\t.tour_preview_images-item {\n\t\t\t\t\t\twidth: calc((100% - 1rem) \/ 2);\n\t\t\t\t\t}\n\t\t\t\t}\n\t\t\t\t@container gallery (min-width: 600px) {\n\t\t\t\t\t.tour_preview_images-item {\n\t\t\t\t\t\twidth: calc((100% - 2rem) \/ 3);\n\t\t\t\t\t}\n\t\t\t\t}\n\t\t\t<\/style>\n\t\t<div class=\"tour_preview_images-grid\">\n\t\t\t    <div class=\"tour_preview_images-item\">\n                <img decoding=\"async\" \n                    src=\"https:\/\/images.lialo.com\/ef0d5fa7-b8b4-43e5-99d7-0dcdf022a9de@w1024.webp\" \n                    srcset=\"\n                        https:\/\/images.lialo.com\/ef0d5fa7-b8b4-43e5-99d7-0dcdf022a9de@w384.webp 384w,\n                        https:\/\/images.lialo.com\/ef0d5fa7-b8b4-43e5-99d7-0dcdf022a9de@w854.webp 854w,\n                        https:\/\/images.lialo.com\/ef0d5fa7-b8b4-43e5-99d7-0dcdf022a9de@w1024.webp 1024w\n                    \"\n                    sizes=\"(min-width: 840px) 840px, 100vw\"\n                    alt=\"Willemstad (Cura\u00e7ao) Highlights und Geheimtipps individueller Stadtrundgang\"\n\t\t\t\t\ttitle=\"\"\n                    loading=\"lazy\"\n                >\n            <\/div>\n\t\t\t\n\t\t\t    <div class=\"tour_preview_images-item\">\n                <img decoding=\"async\" \n                    src=\"https:\/\/images.lialo.com\/ac48df67-b609-41d0-81a8-a5a25937e65c@w1024.webp\" \n                    srcset=\"\n                        https:\/\/images.lialo.com\/ac48df67-b609-41d0-81a8-a5a25937e65c@w384.webp 384w,\n                        https:\/\/images.lialo.com\/ac48df67-b609-41d0-81a8-a5a25937e65c@w854.webp 854w,\n                        https:\/\/images.lialo.com\/ac48df67-b609-41d0-81a8-a5a25937e65c@w1024.webp 1024w\n                    \"\n                    sizes=\"(min-width: 840px) 840px, 100vw\"\n                    alt=\"Willemstad (Cura\u00e7ao) Highlights und Geheimtipps individueller Stadtrundgang\"\n\t\t\t\t\ttitle=\"\"\n                    loading=\"lazy\"\n                >\n            <\/div>\n\t\t\t\n\t\t\t    <div class=\"tour_preview_images-item\">\n                <img decoding=\"async\" \n                    src=\"https:\/\/images.lialo.com\/9517b6ed-ab3d-4485-ac64-78c2dc1ab8ca@w1024.webp\" \n                    srcset=\"\n                        https:\/\/images.lialo.com\/9517b6ed-ab3d-4485-ac64-78c2dc1ab8ca@w384.webp 384w,\n                        https:\/\/images.lialo.com\/9517b6ed-ab3d-4485-ac64-78c2dc1ab8ca@w854.webp 854w,\n                        https:\/\/images.lialo.com\/9517b6ed-ab3d-4485-ac64-78c2dc1ab8ca@w1024.webp 1024w\n                    \"\n                    sizes=\"(min-width: 840px) 840px, 100vw\"\n                    alt=\"Willemstad (Cura\u00e7ao) Highlights und Geheimtipps individueller Stadtrundgang\"\n\t\t\t\t\ttitle=\"\"\n                    loading=\"lazy\"\n                >\n            <\/div>\n\t\t\t\n\t\t\t    <div class=\"tour_preview_images-item\">\n                <img decoding=\"async\" \n                    src=\"https:\/\/images.lialo.com\/cc97bd04-97c2-4189-af8a-b437537ea565@w1024.webp\" \n                    srcset=\"\n                        https:\/\/images.lialo.com\/cc97bd04-97c2-4189-af8a-b437537ea565@w384.webp 384w,\n                        https:\/\/images.lialo.com\/cc97bd04-97c2-4189-af8a-b437537ea565@w854.webp 854w,\n                        https:\/\/images.lialo.com\/cc97bd04-97c2-4189-af8a-b437537ea565@w1024.webp 1024w\n                    \"\n                    sizes=\"(min-width: 840px) 840px, 100vw\"\n                    alt=\"Willemstad (Cura\u00e7ao) Highlights und Geheimtipps individueller Stadtrundgang\"\n\t\t\t\t\ttitle=\"\"\n                    loading=\"lazy\"\n                >\n            <\/div>\n\t\t\t<\/div><\/div>\n\n\n\n<h3 class=\"wp-block-heading\">Hilfreiche Tipps f\u00fcr die Stadt<\/h3>\n\n\n\n<div class=\"wp-block-faq-block-for-gutenberg-faq\" style=\"background:#f6f7f7\"><div class=\"question\" style=\"background:none;color:#000\"><h4 style=\"color:#000\">Was sind die wichtigsten Sehensw\u00fcrdigkeiten in Willemstad?<\/h4><\/div><div class=\"answer\" style=\"background:none;color:#000\">Willemstad, die Hauptstadt von Cura\u00e7ao ist bekannt f\u00fcr die vielen pastellfarbenen H\u00e4user der Altstadt, die direkt am Wasser stehen. Besonders sehenswert ist auch die auf Pontons ruhende K\u00f6nigin-Emma-Br\u00fccke. Sie verbindet die beiden lebendigen Stadtteile Punda und Otrobanda miteinander.<\/div><\/div>\n\n\n\n<div class=\"wp-block-faq-block-for-gutenberg-faq\" style=\"background:#f6f7f7\"><div class=\"question\" style=\"background:none;color:#000\"><h4 style=\"color:#000\">Kann ich Willemstad bei einer Kreuzfahrt auf eigene Faust erkunden?<\/h4><\/div><div class=\"answer\" style=\"background:none;color:#000\">Ja, Willemstad ist einer der besten H\u00e4fen f\u00fcr einen Stadtbummel. Die Schiffe legen sehr zentral an. Du kannst sicher und bequem zu Fu\u00df durch die Stadtteile Punda und Otrobanda bummeln. Die individuelle Stadtf\u00fchrung <a href=\"https:\/\/www.lialo.com\/de\/tour\/ez97\">Highlights und Geheimtipps<\/a> bietet dir die beste Route und viel Insider-Wissen. Du kannst die Tour jederzeit mit deinem Smartphone nutzen. Startpunkt ist direkt zwischen den Anlegestellen am Bri\u00f3nplein.<\/div><\/div>\n\n\n\n<div class=\"wp-block-faq-block-for-gutenberg-faq\" style=\"background:#f6f7f7\"><div class=\"question\" style=\"background:none;color:#000\"><h4 style=\"color:#000\">Wann \u00f6ffnet die Br\u00fccke?<\/h4><\/div><div class=\"answer\" style=\"background:none;color:#000\">Die Pontonbr\u00fccke \u00f6ffnet sich regelm\u00e4\u00dfig f\u00fcr Schiffe. Ein akustisches Signal k\u00fcndigt dies an. Wenn sie offen ist, f\u00e4hrt eine kostenlose F\u00e4hre nur wenige Meter weiter, die dich trocken auf die andere Seite bringt.<\/div><\/div>\n\n\n\n<div class=\"wp-block-faq-block-for-gutenberg-faq\" style=\"background:#f6f7f7\"><div class=\"question\" style=\"background:none;color:#000\"><h4 style=\"color:#000\">Welche Spezialit\u00e4ten gibt es in Willemstad?<\/h4><\/div><div class=\"answer\" style=\"background:none;color:#000\">In den Restaurants werden Gerichte serviert, die von der \u00fcberwiegend niederl\u00e4ndischen und afrokaribischen K\u00fcche der Insel beeinflusst sind. Dazu geh\u00f6rt Kabritu Stoba (Ziegeneintopf), Yuana (Leguan, in der Regel geschmort) und Keshi Yen\u00e1 (mit Fleisch gef\u00fcllter K\u00e4se).<\/div><\/div>\n\n\n\n<div class=\"wp-block-faq-block-for-gutenberg-faq\" style=\"background:#f6f7f7\"><div class=\"question\" style=\"background:none;color:#000\"><h4 style=\"color:#000\">Wie viel Zeit sollte ich f\u00fcr einen Stadtrundgang einplanen?<\/h4><\/div><div class=\"answer\" style=\"background:none;color:#000\">Die Stadt ist kompakt. F\u00fcr den <a href=\"https:\/\/www.lialo.com\/de\/tour\/ez97\">Stadtrundgang<\/a> solltest du etwa 2,5 Stunden einplanen. Danach hast du noch genug Zeit f\u00fcr Shopping oder einen Cocktail am Wasser.<\/div><\/div>\n\n\n\n<div class=\"wp-block-faq-block-for-gutenberg-faq\" style=\"background:#f6f7f7\"><div class=\"question\" style=\"background:none;color:#000\"><h4 style=\"color:#000\">Was kostet ein Landausflug auf eigene Faust?<\/h4><\/div><div class=\"answer\" style=\"background:none;color:#000\">Wenig! Die <a href=\"https:\/\/www.lialo.com\/de\/erlebnisse\/curacao\/willemstad\/stadtfuehrung\/\">Stadtf\u00fchrungen<\/a> kosten nur wenige Euro \u2013 f\u00fcr die ganze Familie (da ihr nur ein Smartphone ben\u00f6tigt). Im Vergleich zu den Reederei-Ausfl\u00fcgen (oft 50-100 \u20ac pro Person) sparst du deutlich und bist viel flexibler.<\/div><\/div>\n\n\n\n<div class=\"wp-block-faq-block-for-gutenberg-faq\" style=\"background:#f6f7f7\"><div class=\"question\" style=\"background:none;color:#000\"><h4 style=\"color:#000\">Kann ich auch &#8222;Willemstadt&#8220; schreiben?<\/h4><\/div><div class=\"answer\" style=\"background:none;color:#000\">Nein. Der Name Willemstad stammt aus dem Niederl\u00e4ndischen. Im Niederl\u00e4ndischen hei\u00dft das Wort f\u00fcr \u201eStadt\u201c schlicht \u201eStad\u201c (ohne t). Da Willemstad (sowohl in den Niederlanden als auch auf Cura\u00e7ao) niederl\u00e4ndisch benannt wurde, gelten die dortigen Rechtschreibregeln.<\/div><\/div>\n\n\n\n\t\t<style>\n\t\t\t.seo_cta {\n\t\t\t\ttext-align: center;\n\t\t\t\tmargin-top: 16px; \n\t\t\t}\n\t\t\t.wp-block-table .seo_cta {\n\t\t\t\tmargin-top: 0;\n\t\t\t}\n\t\t\t.seo_cta .button .mdc-button {\n\t\t\t\tbackground-color: #ffcf02;\n\t\t\t\theight: 48px;\n\t\t\t}\n\t\t<\/style>\n\t\n\t\t\t<div class=\"seo_cta\">\n\t\t\t\t<div class=\"button\">\n\t\t\t\t\t<div class=\"wp-block-material-button\"><a href=\"https:\/\/www.lialo.com\/de\/erlebnisse\/curacao\/willemstad\/stadtfuehrung\/\" class=\"mdc-button mdc-button--raised mdc-ripple-upgraded\"><i class=\"material-icons mdc-button__icon\">arrow_forward<\/i><div class=\"mdc-button__ripple\"><\/div><span class=\"mdc-button__label\">Auf eigene Faust entdecken!<\/span><\/a><\/div>\n\t\t\t\t<\/div>\n\t\t\t<\/div>\n\t\t\n\n\n\n<h3 class=\"wp-block-heading\">Willemstad Sehensw\u00fcrdigkeiten: Viele Details, die \u00fcberraschen<\/h3>\n\n\n\n<p>Die Stadt ist mehr als nur eine h\u00fcbsche Kulisse. Wer hinter die Fassaden schaut, entdeckt Erstaunliches:<\/p>\n\n\n\n<p>\ud83e\uddd0 <strong>Sand in der Kirche:<\/strong> Die Mikv\u00e9 Israel-Emanuel Synagoge in Punda ist die \u00e4lteste durchgehend genutzte Synagoge Amerikas. Der Boden ist komplett mit Sand bedeckt \u2013 zur Erinnerung an den Auszug durch die W\u00fcste und um Schritte zu d\u00e4mpfen.<\/p>\n\n\n\n<p>\ud83e\uddd0 <strong>Die schaukelnde alte Dame:<\/strong> Die K\u00f6nigin-Emma-Br\u00fccke verbindet die Stadtteile Punda und Otrobanda. Sie ist weltweit einzigartig, denn sie schwimmt auf Pontons. Wenn ein Schiff kommt, f\u00e4hrt die ganze Br\u00fccke zur Seite.<\/p>\n\n\n\n<p>\ud83e\uddd0 <strong>Suppe mit Biss:<\/strong> Auf dem Alten Markt (&#8222;Plasa Bieu&#8220;) steht oft &#8222;Stoba Yoana&#8220; auf der Karte. Dahinter verbirgt sich ein Eintopf aus Leguanfleisch, das wie H\u00fchnchen schmeckt und als Delikatesse gilt.<\/p>\n\n\n\n<p>\ud83e\uddd0 <strong>Kunst aus M\u00fcll:<\/strong> An der Uferpromenade triffst du auf drei bunte V\u00f6gel. Schau genau hin: Sie bestehen aus alten Autoreifen, Staubsaugern und Fernbedienungen. Der K\u00fcnstler Omar Sling schafft hier Kunst aus Recycling-Material.<\/p>\n\n\n\n<p><strong>Und viele mehr:<\/strong><\/p>\n\n\n\n\t\t<style>\n\t\t\t.seo_cta {\n\t\t\t\ttext-align: center;\n\t\t\t\tmargin-top: 16px; \n\t\t\t}\n\t\t\t.wp-block-table .seo_cta {\n\t\t\t\tmargin-top: 0;\n\t\t\t}\n\t\t\t.seo_cta .button .mdc-button {\n\t\t\t\tbackground-color: #ffcf02;\n\t\t\t\theight: 48px;\n\t\t\t}\n\t\t<\/style>\n\t\n\t\t\t<div class=\"seo_cta\">\n\t\t\t\t<div class=\"button\">\n\t\t\t\t\t<div class=\"wp-block-material-button\"><a href=\"https:\/\/www.lialo.com\/de\/erlebnisse\/curacao\/willemstad\/stadtfuehrung\/\" class=\"mdc-button mdc-button--raised mdc-ripple-upgraded\"><i class=\"material-icons mdc-button__icon\">arrow_forward<\/i><div class=\"mdc-button__ripple\"><\/div><span class=\"mdc-button__label\">Auf eigene Faust entdecken!<\/span><\/a><\/div>\n\t\t\t\t<\/div>\n\t\t\t<\/div>\n\t\t\n\n\n\n<h3 class=\"wp-block-heading\">\ud83d\udcdc Die Geschichte: Von Arawak bis Otrobanda<\/h3>\n\n\n\n<p>Die Geschichte der Insel ist tief bewegend. Das <strong>Kur\u00e1 Hulanda Museum<\/strong> im Stadtteil Otrobanda (&#8222;Die andere Seite&#8220;) erz\u00e4hlt eindrucksvoll von der Zeit des Sklavenhandels. Wusstest du, dass die Ureinwohner (Arawak) schon 4.000 v. Chr. hier lebten und von Kolumbus als besonders friedfertig beschrieben wurden?<\/p>\n\n\n\n<h3 class=\"wp-block-heading\">\ud83d\ude0b Genuss f\u00fcr Entdecker<\/h3>\n\n\n\n<p>In der alten Markthalle &#8222;Plasa Bieu&#8220; essen die Einheimischen zu Mittag. Hier gibt es deftige Hausmannskost zu fairen Preisen \u2013 perfekt f\u00fcr eine St\u00e4rkung.<\/p>\n\n\n\n<h3 class=\"wp-block-heading\">\ud83d\udca1 Wusstest du schon?<\/h3>\n\n\n\n<p>Die Einheimischen sprechen Papiamentu (oder Papiamento) \u2013 eine faszinierende Mischung aus Spanisch, Portugiesisch, Niederl\u00e4ndisch, Afrikanischen Sprachen und Arawak, der Sprache der Ureinwohner.<\/p>\n\n\n\n\t\t<style>\n\t\t\t.seo_cta {\n\t\t\t\ttext-align: center;\n\t\t\t\tmargin-top: 16px; \n\t\t\t}\n\t\t\t.wp-block-table .seo_cta {\n\t\t\t\tmargin-top: 0;\n\t\t\t}\n\t\t\t.seo_cta .button .mdc-button {\n\t\t\t\tbackground-color: #ffcf02;\n\t\t\t\theight: 48px;\n\t\t\t}\n\t\t<\/style>\n\t\n\t\t\t<div class=\"seo_cta\">\n\t\t\t\t<div class=\"button\">\n\t\t\t\t\t<div class=\"wp-block-material-button\"><a href=\"https:\/\/www.lialo.com\/de\/erlebnisse\/curacao\/willemstad\/stadtfuehrung\/\" class=\"mdc-button mdc-button--raised mdc-ripple-upgraded\"><i class=\"material-icons mdc-button__icon\">arrow_forward<\/i><div class=\"mdc-button__ripple\"><\/div><span class=\"mdc-button__label\">Auf eigene Faust entdecken!<\/span><\/a><\/div>\n\t\t\t\t<\/div>\n\t\t\t<\/div>\n\t\t\n\n\n<div class=\"seo_bottom\">\n\t\t<h3>Was ist lialo?<\/h3>\n\t\t<p><b>lialo<\/b> (Abk\u00fcrzung f\u00fcr <b>Li<\/b>ke<b> a<\/b> <b>Lo<\/b>cal) macht dein Smartphone zum pers\u00f6nlichen Stadtf\u00fchrer. Die digitalen Touren sind jederzeit verf\u00fcgbar, flexibel im Ablauf und bieten dir ein individuelles Erlebnis.<\/p>\n\t\t<p>Entdecke die Stadt authentisch \u2013 fast so, als w\u00fcrde sie dir ein guter Freund oder eine gute Freundin zeigen. Die Autor*innen erstellen ihre Touren mit \u2665\ufe0f vor Ort und teilen ihr Wissen, pers\u00f6nliche Anekdoten und echte Geheimtipps mit dir.<\/p>\n\t\t<figure class=\"wp-block-image size-full\"><a href=\"https:\/\/www.youtube.com\/watch?v=GbhiNKrMV3E\" target=\"_blank\" rel=\"noopener\"><img decoding=\"async\" width=\"846\" height=\"475\" src=\"https:\/\/www.lialo.blog\/de\/erlebnisse\/wp-content\/uploads\/2022\/10\/lialo-Thumbnail-2-2.jpg\" alt=\"\" class=\"wp-image-36441\" srcset=\"https:\/\/www.lialo.blog\/de\/erlebnisse\/wp-content\/uploads\/2022\/10\/lialo-Thumbnail-2-2.jpg 846w, https:\/\/www.lialo.blog\/de\/erlebnisse\/wp-content\/uploads\/2022\/10\/lialo-Thumbnail-2-2-300x168.jpg 300w, https:\/\/www.lialo.blog\/de\/erlebnisse\/wp-content\/uploads\/2022\/10\/lialo-Thumbnail-2-2-768x431.jpg 768w\" sizes=\"(max-width: 846px) 100vw, 846px\"><\/a><\/figure>\n\t\t<h4>Wenn du Fragen hast, melde dich gern bei uns<\/h4>\n\t\t<p>#gerneperdu<br><a href=\"mailto:hallo@lialo.com\">hallo@lialo.com<\/a><\/p>\n\t<\/div>\n","protected":false},"excerpt":{"rendered":"<p>Bon Bini auf der buntesten Insel der Karibik Willkommen in &#8222;Klein-Amsterdam&#8220; unter Palmen! Willemstad leuchtet schon von Weitem in Bonbonfarben. Die Hauptstadt von Cura\u00e7ao ist UNESCO-Weltkulturerbe und l\u00e4sst sich perfekt zu Fu\u00df erkunden. F\u00fcr Kreuzfahrer ist die Lage ein Traum: Die Schiffe legen oft direkt am Mega Pier oder der Mathey Werft an \u2013 nur [&hellip;]<\/p>\n","protected":false},"author":2,"featured_media":47313,"parent":42315,"menu_order":0,"comment_status":"closed","ping_status":"closed","template":"","meta":{"_acf_changed":false,"material-hide-sections":[],"footnotes":""},"class_list":["post-42317","page","type-page","status-publish","has-post-thumbnail","hentry"],"acf":[],"_links":{"self":[{"href":"https:\/\/www.lialo.blog\/de\/erlebnisse\/wp-json\/wp\/v2\/pages\/42317","targetHints":{"allow":["GET"]}}],"collection":[{"href":"https:\/\/www.lialo.blog\/de\/erlebnisse\/wp-json\/wp\/v2\/pages"}],"about":[{"href":"https:\/\/www.lialo.blog\/de\/erlebnisse\/wp-json\/wp\/v2\/types\/page"}],"author":[{"embeddable":true,"href":"https:\/\/www.lialo.blog\/de\/erlebnisse\/wp-json\/wp\/v2\/users\/2"}],"replies":[{"embeddable":true,"href":"https:\/\/www.lialo.blog\/de\/erlebnisse\/wp-json\/wp\/v2\/comments?post=42317"}],"version-history":[{"count":7,"href":"https:\/\/www.lialo.blog\/de\/erlebnisse\/wp-json\/wp\/v2\/pages\/42317\/revisions"}],"predecessor-version":[{"id":47621,"href":"https:\/\/www.lialo.blog\/de\/erlebnisse\/wp-json\/wp\/v2\/pages\/42317\/revisions\/47621"}],"up":[{"embeddable":true,"href":"https:\/\/www.lialo.blog\/de\/erlebnisse\/wp-json\/wp\/v2\/pages\/42315"}],"wp:featuredmedia":[{"embeddable":true,"href":"https:\/\/www.lialo.blog\/de\/erlebnisse\/wp-json\/wp\/v2\/media\/47313"}],"wp:attachment":[{"href":"https:\/\/www.lialo.blog\/de\/erlebnisse\/wp-json\/wp\/v2\/media?parent=42317"}],"curies":[{"name":"wp","href":"https:\/\/api.w.org\/{rel}","templated":true}]}}