{"id":42050,"date":"2024-02-15T15:30:16","date_gmt":"2024-02-15T14:30:16","guid":{"rendered":"https:\/\/www.lialo.blog\/blog\/?page_id=42050"},"modified":"2026-03-12T11:47:14","modified_gmt":"2026-03-12T10:47:14","slug":"wien","status":"publish","type":"page","link":"https:\/\/www.lialo.blog\/de\/erlebnisse\/oesterreich\/wien\/","title":{"rendered":"Wien entdecken: Sehensw\u00fcrdigkeiten, Geheimtipps &amp; Touren \u2615"},"content":{"rendered":"\n<h2 class=\"wp-block-heading\">Wien \u2013 Kaiserlich, morbid und voller Musik<\/h2>\n\n\n\n<p>Servus! Wien ist weit mehr als Sisi-Romantik und Fiaker-Fahrten. Zwischen dem Prunk der <strong>Hofburg <\/strong>und dem morbiden Charme der <strong>Kapuzinergruft <\/strong>liegt eine Stadt voller Geschichten. Ob du den unvollendeten Turm des <strong>Stephansdoms <\/strong>bestaunst, auf der <strong>Musikmeile <\/strong>\u00fcber die Sterne der Komponisten wanderst oder das Geheimnis des <strong>Stock im Eisen<\/strong> l\u00fcftest \u2013 die Innere Stadt l\u00e4sst sich wunderbar zu Fu\u00df erkunden. Hier trifft imperiale Geschichte auf kuriosen Wiener Schm\u00e4h.<\/p>\n\n\n\n\t\t<style>\n\t\t\t.seo_cta {\n\t\t\t\ttext-align: center;\n\t\t\t\tmargin-top: 16px; \n\t\t\t}\n\t\t\t.wp-block-table .seo_cta {\n\t\t\t\tmargin-top: 0;\n\t\t\t}\n\t\t\t.seo_cta .button .mdc-button {\n\t\t\t\tbackground-color: #ffcf02;\n\t\t\t\theight: 48px;\n\t\t\t}\n\t\t<\/style>\n\t\n\t\t\t<div class=\"seo_cta\">\n\t\t\t\t<div class=\"button\">\n\t\t\t\t\t<div class=\"wp-block-material-button\"><a href=\"https:\/\/www.lialo.com\/de\/erlebnisse\/oesterreich\/wien\/stadtfuehrung\/\" class=\"mdc-button mdc-button--raised mdc-ripple-upgraded\"><i class=\"material-icons mdc-button__icon\">arrow_forward<\/i><div class=\"mdc-button__ripple\"><\/div><span class=\"mdc-button__label\">Auf eigene Faust entdecken!<\/span><\/a><\/div>\n\t\t\t\t<\/div>\n\t\t\t<\/div>\n\t\t\n\n\n\n<div class=\"wp-block-group\"><div class=\"wp-block-group__inner-container is-layout-constrained wp-block-group-is-layout-constrained\">\n<h2 class=\"wp-block-heading\">\ud83d\udc49 Tipp: Wien interaktiv erleben<\/h2>\n\n\n<div class=\"tour_preview_images\">\n\t\t\t<style>\n\t\t\t\t.tour_preview_images {\n\t\t\t\t\tcontainer-type: inline-size;\n\t\t\t\t\tcontainer-name: gallery;\n\t\t\t\t}\n\t\t\t\t.tour_preview_images-grid {\n\t\t\t\t\tdisplay: flex;\n\t\t\t\t\tflex-wrap: wrap; \n\t\t\t\t\tgap: 1rem;\n\t\t\t\t\twidth: 100%;\n\t\t\t\t}\n\t\t\t\t.tour_preview_images-item {\n\t\t\t\t\twidth: 100%;\n\t\t\t\t\tflex-grow: 1;\n\t\t\t\t\taspect-ratio: 16 \/ 9; \n\t\t\t\t\toverflow: hidden;\n\t\t\t\t\tborder-radius: 4px;\n\t\t\t\t\tbackground-color: #ddd;\n\t\t\t\t}\n\t\t\t\t.tour_preview_images-item img {\n\t\t\t\t\twidth: 100%;\n\t\t\t\t\theight: 100%;\n\t\t\t\t\tobject-fit: cover;\n\t\t\t\t\tdisplay: block;\n\t\t\t\t\ttransition: transform 0.3s ease;\n\t\t\t\t}\n\t\t\t\t@container gallery (min-width: 300px) {\n\t\t\t\t\t.tour_preview_images-item {\n\t\t\t\t\t\twidth: calc((100% - 1rem) \/ 2);\n\t\t\t\t\t}\n\t\t\t\t}\n\t\t\t\t@container gallery (min-width: 600px) {\n\t\t\t\t\t.tour_preview_images-item {\n\t\t\t\t\t\twidth: calc((100% - 2rem) \/ 3);\n\t\t\t\t\t}\n\t\t\t\t}\n\t\t\t<\/style>\n\t\t<div class=\"tour_preview_images-grid\">\n\t\t\t    <div class=\"tour_preview_images-item\">\n                <img decoding=\"async\" \n                    src=\"https:\/\/images.lialo.com\/cd1389aa-c90a-400d-8402-c810e46371b6@w1024.webp\" \n                    srcset=\"\n                        https:\/\/images.lialo.com\/cd1389aa-c90a-400d-8402-c810e46371b6@w384.webp 384w,\n                        https:\/\/images.lialo.com\/cd1389aa-c90a-400d-8402-c810e46371b6@w854.webp 854w,\n                        https:\/\/images.lialo.com\/cd1389aa-c90a-400d-8402-c810e46371b6@w1024.webp 1024w\n                    \"\n                    sizes=\"(min-width: 840px) 840px, 100vw\"\n                    alt=\"Wien Innere Stadt Schnitzeljagd und Stadtf\u00fchrung individueller Stadtrundgang\"\n\t\t\t\t\ttitle=\"\"\n                    loading=\"lazy\"\n                >\n            <\/div>\n\t\t\t<\/div><\/div>\n\n\n\n<p>Wenn du die Geheimnisse der Stadt live vor Ort err\u00e4tseln m\u00f6chtest, empfehlen wir dir die selbstgef\u00fchrte Schnitzeljagd durch die Wiener Innere Stadt. Sie f\u00fchrt dich auf einer knapp 3 km langen Route zu den ber\u00fchmtesten Wahrzeichen und verborgenen Ecken der Metropole. Dabei l\u00fcftest du das Geheimnis um den unfertigen Nordturm des Stephansdoms, erf\u00e4hrst, warum das musikalische Wunderkind Mozart einst seinem Haustier-Vogel ein feierliches Begr\u00e4bnis ausrichtete, und entschl\u00fcsselst die Teufels-Legende um den mysteri\u00f6sen, mit N\u00e4geln beschlagenen Baumstamm (&#8222;Stock im Eisen&#8220;).<\/p>\n\n\n\n<p>So lernst du Wien von einer Seite kennen, die in keinem klassischen Reisef\u00fchrer steht!<\/p>\n\n\n\n\t\t<style>\n\t\t\t.seo_cta {\n\t\t\t\ttext-align: center;\n\t\t\t\tmargin-top: 16px; \n\t\t\t}\n\t\t\t.wp-block-table .seo_cta {\n\t\t\t\tmargin-top: 0;\n\t\t\t}\n\t\t\t.seo_cta .button .mdc-button {\n\t\t\t\tbackground-color: #ffcf02;\n\t\t\t\theight: 48px;\n\t\t\t}\n\t\t<\/style>\n\t\n\t\t\t<div class=\"seo_cta\">\n\t\t\t\t<div class=\"button\">\n\t\t\t\t\t<div class=\"wp-block-material-button\"><a href=\"https:\/\/www.lialo.com\/de\/erlebnisse\/oesterreich\/wien\/schnitzeljagd\/altstadt-schnitzeljagd\/\" class=\"mdc-button mdc-button--raised mdc-ripple-upgraded\"><i class=\"material-icons mdc-button__icon\">arrow_forward<\/i><div class=\"mdc-button__ripple\"><\/div><span class=\"mdc-button__label\">Zur Wien Schnitzeljagd<\/span><\/a><\/div>\n\t\t\t\t<\/div>\n\t\t\t<\/div>\n\t\t\n<\/div><\/div>\n\n\n\n<h3 class=\"wp-block-heading\">Hilfreiche Tipps f\u00fcr die Stadt<\/h3>\n\n\n\n<div class=\"wp-block-faq-block-for-gutenberg-faq\" style=\"background:#f6f7f7\"><div class=\"question\" style=\"background:none;color:#000\"><h4 style=\"color:#000\">Was sind die Top-Sehensw\u00fcrdigkeiten in Wien?<\/h4><\/div><div class=\"answer\" style=\"background:none;color:#000\">Der <strong>Stephansdom <\/strong>(das Herz der Stadt), die <strong>Hofburg <\/strong>mit den Kaiserappartements und dem Sisi-Museum sowie die <strong>Wiener Staatsoper<\/strong> sind absolute Pflicht. Auch die barocke Karlskirche und die Kapuzinergruft geh\u00f6ren zu den Highlights der Inneren Stadt.<\/div><\/div>\n\n\n\n<div class=\"wp-block-faq-block-for-gutenberg-faq\" style=\"background:#f6f7f7\"><div class=\"question\" style=\"background:none;color:#000\"><h4 style=\"color:#000\">Kann man Wien gut zu Fu\u00df erkunden?<\/h4><\/div><div class=\"answer\" style=\"background:none;color:#000\">Ja, besonders den 1. Bezirk (Innere Stadt). Die Dichte an Sehensw\u00fcrdigkeiten ist extrem hoch. Vom Karlsplatz bis zum Stephansdom und weiter zur Hofburg kannst du alles bequem erlaufen und dabei durch die sch\u00f6nsten Fu\u00dfg\u00e4ngerzonen flanieren.<\/div><\/div>\n\n\n\n<div class=\"wp-block-faq-block-for-gutenberg-faq\" style=\"background:#f6f7f7\"><div class=\"question\" style=\"background:none;color:#000\"><h4 style=\"color:#000\">Wo erlebe ich das imperiale Wien?<\/h4><\/div><div class=\"answer\" style=\"background:none;color:#000\">In der Hofburg. Hier kannst du sehen, wie Kaiser Franz Joseph und Sisi lebten (inklusive Turnger\u00e4ten!). Auch die Neue Burg am Heldenplatz mit den Reiterstatuen von Prinz Eugen und Erzherzog Karl verspr\u00fcht den Glanz der Monarchie.<\/div><\/div>\n\n\n\n<div class=\"wp-block-faq-block-for-gutenberg-faq\" style=\"background:#f6f7f7\"><div class=\"question\" style=\"background:none;color:#000\"><h4 style=\"color:#000\">Was kann ich bei schlechtem Wetter machen?<\/h4><\/div><div class=\"answer\" style=\"background:none;color:#000\">Man k\u00f6nnte sagen, Wien ist perfekt f\u00fcr Regentage. Besuche das Schmetterlingshaus im Burggarten (konstante 26 Grad!), tauche in die Kaisergruft ab oder besuche eines der vielen Museen in der Hofburg (z.B. die Schatzkammer). Und nat\u00fcrlich: Ein langes Kaffeehaus-Fr\u00fchst\u00fcck geht immer.<\/div><\/div>\n\n\n\n<div class=\"wp-block-faq-block-for-gutenberg-faq\" style=\"background:#f6f7f7\"><div class=\"question\" style=\"background:none;color:#000\"><h4 style=\"color:#000\">Wo kann man in Wien gut entspannen?<\/h4><\/div><div class=\"answer\" style=\"background:none;color:#000\">Der Burggarten ist eine Oase mitten in der Stadt. Fr\u00fcher war er der Privatgarten des Kaisers, heute ist er \u00f6ffentlich zug\u00e4nglich. Hier kannst du vor dem Mozart-Denkmal im Gras liegen oder im Palmenhaus Kaffee trinken.<\/div><\/div>\n\n\n\n<div class=\"wp-block-faq-block-for-gutenberg-faq\" style=\"background:#f6f7f7\"><div class=\"question\" style=\"background:none;color:#000\"><h4 style=\"color:#000\">Wo ist abends in Wien was los?<\/h4><\/div><div class=\"answer\" style=\"background:none;color:#000\">Im Sommer ist der Donaukanal (nahe Schwedenplatz) der Hotspot mit Strandbars und dem Badeschiff. Das &#8222;Bermudadreieck&#8220; nahe dem Ruprechtsplatz ist bekannt f\u00fcr sein dichtes Kneipennetz.<\/div><\/div>\n\n\n\n<div class=\"wp-block-faq-block-for-gutenberg-faq\" style=\"background:#f6f7f7\"><div class=\"question\" style=\"background:none;color:#000\"><h4 style=\"color:#000\">Was hat es mit dem UNESCO-Welterbe auf sich?<\/h4><\/div><div class=\"answer\" style=\"background:none;color:#000\">Das historische Zentrum von Wien ist UNESCO-Weltkulturerbe. Dazu geh\u00f6rt die gesamte Innere Stadt mit ihren Geb\u00e4uden aus verschiedenen Epochen \u2013 vom Mittelalter (Stephansdom) \u00fcber den Barock bis zur Gr\u00fcnderzeit an der Ringstra\u00dfe.<\/div><\/div>\n\n\n\n\t\t<style>\n\t\t\t.seo_cta {\n\t\t\t\ttext-align: center;\n\t\t\t\tmargin-top: 16px; \n\t\t\t}\n\t\t\t.wp-block-table .seo_cta {\n\t\t\t\tmargin-top: 0;\n\t\t\t}\n\t\t\t.seo_cta .button .mdc-button {\n\t\t\t\tbackground-color: #ffcf02;\n\t\t\t\theight: 48px;\n\t\t\t}\n\t\t<\/style>\n\t\n\t\t\t<div class=\"seo_cta\">\n\t\t\t\t<div class=\"button\">\n\t\t\t\t\t<div class=\"wp-block-material-button\"><a href=\"https:\/\/www.lialo.com\/de\/erlebnisse\/oesterreich\/wien\/stadtfuehrung\/\" class=\"mdc-button mdc-button--raised mdc-ripple-upgraded\"><i class=\"material-icons mdc-button__icon\">arrow_forward<\/i><div class=\"mdc-button__ripple\"><\/div><span class=\"mdc-button__label\">Auf eigene Faust entdecken!<\/span><\/a><\/div>\n\t\t\t\t<\/div>\n\t\t\t<\/div>\n\t\t\n\n\n\n<h3 class=\"wp-block-heading\">Wien Sehensw\u00fcrdigkeiten: Viele Details, die \u00fcberraschen<\/h3>\n\n\n\n<p>Wien hat weltbekannte Wahrzeichen, doch wer genau hinschaut, entdeckt verbl\u00fcffende Geheimnisse:<\/p>\n\n\n\n<p>\ud83e\uddd0 <strong>Das Zeremonien-Ritual:<\/strong> An der Kapuzinergruft, der Ruhest\u00e4tte der Habsburger, muss der Sarg dreimal anklopfen. Erst wenn der Herold den Verstorbenen als \u201esterblichen, s\u00fcndigen Menschen\u201c ank\u00fcndigt, \u00f6ffnen die M\u00f6nche das Tor.<\/p>\n\n\n\n<p>\ud83e\uddd0 <strong>Gef\u00e4hrliche Pferde:<\/strong> Die beiden Pegasus-Statuen auf der Staatsoper standen lange Zeit auf wackeligen Beinen \u2013 oder besser gesagt Hufen. Da sie nur auf drei Beinen stehen, drohten sie 2005 abzust\u00fcrzen und mussten aufwendig saniert werden<\/p>\n\n\n\n<p>\ud83e\uddd0 <strong>Ma\u00df am Dom:<\/strong> Am Riesentor des Stephansdoms sind zwei Metallst\u00e4be eingelassen. Das sind keine Verzierungen, sondern Tuch- und Leinenellen \u2013 das einstige rechtsg\u00fcltige L\u00e4ngenma\u00df f\u00fcr die B\u00fcrger, um H\u00e4ndler zu \u00fcberpr\u00fcfen.<\/p>\n\n\n\n<p>\ud83e\uddd0 <strong>Mozarts Vogel:<\/strong> Wusstest du, dass Mozart einen Vogel hatte? Buchst\u00e4blich! Er behauptete, sein Star k\u00f6nne den Anfang seines Klavierkonzerts singen. Als der Vogel starb, hielt er eine feierliche Beerdigung ab.<\/p>\n\n\n\n<p><strong>Und viele mehr:<\/strong><\/p>\n\n\n\n\t\t<style>\n\t\t\t.seo_cta {\n\t\t\t\ttext-align: center;\n\t\t\t\tmargin-top: 16px; \n\t\t\t}\n\t\t\t.wp-block-table .seo_cta {\n\t\t\t\tmargin-top: 0;\n\t\t\t}\n\t\t\t.seo_cta .button .mdc-button {\n\t\t\t\tbackground-color: #ffcf02;\n\t\t\t\theight: 48px;\n\t\t\t}\n\t\t<\/style>\n\t\n\t\t\t<div class=\"seo_cta\">\n\t\t\t\t<div class=\"button\">\n\t\t\t\t\t<div class=\"wp-block-material-button\"><a href=\"https:\/\/www.lialo.com\/de\/erlebnisse\/oesterreich\/wien\/stadtfuehrung\/\" class=\"mdc-button mdc-button--raised mdc-ripple-upgraded\"><i class=\"material-icons mdc-button__icon\">arrow_forward<\/i><div class=\"mdc-button__ripple\"><\/div><span class=\"mdc-button__label\">Auf eigene Faust entdecken!<\/span><\/a><\/div>\n\t\t\t\t<\/div>\n\t\t\t<\/div>\n\t\t\n\n\n\n<h3 class=\"wp-block-heading\">\ud83d\udcdc Die Legende vom unfertigen Turm<\/h3>\n\n\n\n<p>Der Nordturm des Stephansdoms ist nur halb so hoch wie der S\u00fcdturm. Warum? Die Sage erz\u00e4hlt vom Baumeister Puchsbaum, der einen Pakt mit dem Teufel schloss, um den Turm in einem Jahr fertigzustellen. Die Bedingung: Er durfte keinen heiligen Namen nennen. Als er seine geliebte Maria sah und ihren Namen rief, st\u00fcrzte der Teufel ihn in die Tiefe \u2013 und der Turm blieb unvollendet.<\/p>\n\n\n\n<h3 class=\"wp-block-heading\">\ud83d\ude0b Genuss f\u00fcr Entdecker<\/h3>\n\n\n\n<p><strong>Schnitzel:<\/strong> Wenn sich die Wiener einig sind, dann hier: Das beste Schnitzel gibt es beim Figlm\u00fcller in der Wollzeile oder B\u00e4ckerstra\u00dfe. Reservieren ist Pflicht, aber das Warten lohnt sich!<\/p>\n\n\n\n<p><strong>Falco Restaurant:<\/strong> \u201eRock me Amadeus\u201c zum Essen? Im Falco&#8217;s am Schwarzenbergplatz speist du zwischen goldenen Schallplatten und Original-Kleidung des Pop-Stars.<\/p>\n\n\n\n<p><strong>Das Badeschiff:<\/strong> Mitten im Donaukanal liegt ein Schiff mit Pool. Im Sommer zum Baden, im Winter zum Eisstockschie\u00dfen \u2013 der perfekte Ort f\u00fcr einen Drink mit urbanem Flair.<\/p>\n\n\n\n<h3 class=\"wp-block-heading\">\ud83d\udca1 Wusstest du schon?<\/h3>\n\n\n\n<p><strong>Opernball-Skandale:<\/strong> Der Wiener Opernball verwandelt die Staatsoper in nur 70 Stunden in einen Ballsaal. Doch nicht immer l\u00e4uft alles glatt: 2024 wurden die Eintrittskarten der 5.000 G\u00e4ste kaum kontrolliert.<\/p>\n\n\n\n<p><strong>Kaiserliche G\u00e4rtner:<\/strong> Kaiser Franz I. war ausgebildeter G\u00e4rtner und gestaltete den Burggarten selbst mit. Heute steht dort eines der sch\u00f6nsten Jugendstilglash\u00e4user der Welt: das Schmetterlingshaus.<\/p>\n\n\n\n\t\t<style>\n\t\t\t.seo_cta {\n\t\t\t\ttext-align: center;\n\t\t\t\tmargin-top: 16px; \n\t\t\t}\n\t\t\t.wp-block-table .seo_cta {\n\t\t\t\tmargin-top: 0;\n\t\t\t}\n\t\t\t.seo_cta .button .mdc-button {\n\t\t\t\tbackground-color: #ffcf02;\n\t\t\t\theight: 48px;\n\t\t\t}\n\t\t<\/style>\n\t\n\t\t\t<div class=\"seo_cta\">\n\t\t\t\t<div class=\"button\">\n\t\t\t\t\t<div class=\"wp-block-material-button\"><a href=\"https:\/\/www.lialo.com\/de\/erlebnisse\/oesterreich\/wien\/stadtfuehrung\/\" class=\"mdc-button mdc-button--raised mdc-ripple-upgraded\"><i class=\"material-icons mdc-button__icon\">arrow_forward<\/i><div class=\"mdc-button__ripple\"><\/div><span class=\"mdc-button__label\">Auf eigene Faust entdecken!<\/span><\/a><\/div>\n\t\t\t\t<\/div>\n\t\t\t<\/div>\n\t\t\n\n\n<div class=\"seo_bottom\">\n\t\t<h3>Was ist lialo?<\/h3>\n\t\t<p><b>lialo<\/b> (Abk\u00fcrzung f\u00fcr <b>Li<\/b>ke<b> a<\/b> <b>Lo<\/b>cal) macht dein Smartphone zum pers\u00f6nlichen Stadtf\u00fchrer. Die digitalen Touren sind jederzeit verf\u00fcgbar, flexibel im Ablauf und bieten dir ein individuelles Erlebnis.<\/p>\n\t\t<p>Entdecke die Stadt authentisch \u2013 fast so, als w\u00fcrde sie dir ein guter Freund oder eine gute Freundin zeigen. Die Autor*innen erstellen ihre Touren mit \u2665\ufe0f vor Ort und teilen ihr Wissen, pers\u00f6nliche Anekdoten und echte Geheimtipps mit dir.<\/p>\n\t\t<figure class=\"wp-block-image size-full\"><a href=\"https:\/\/www.youtube.com\/watch?v=GbhiNKrMV3E\" target=\"_blank\" rel=\"noopener\"><img decoding=\"async\" width=\"846\" height=\"475\" src=\"https:\/\/www.lialo.blog\/de\/erlebnisse\/wp-content\/uploads\/2022\/10\/lialo-Thumbnail-2-2.jpg\" alt=\"\" class=\"wp-image-36441\" srcset=\"https:\/\/www.lialo.blog\/de\/erlebnisse\/wp-content\/uploads\/2022\/10\/lialo-Thumbnail-2-2.jpg 846w, https:\/\/www.lialo.blog\/de\/erlebnisse\/wp-content\/uploads\/2022\/10\/lialo-Thumbnail-2-2-300x168.jpg 300w, https:\/\/www.lialo.blog\/de\/erlebnisse\/wp-content\/uploads\/2022\/10\/lialo-Thumbnail-2-2-768x431.jpg 768w\" sizes=\"(max-width: 846px) 100vw, 846px\"><\/a><\/figure>\n\t\t<h4>Wenn du Fragen hast, melde dich gern bei uns<\/h4>\n\t\t<p>#gerneperdu<br><a href=\"mailto:hallo@lialo.com\">hallo@lialo.com<\/a><\/p>\n\t<\/div>\n","protected":false},"excerpt":{"rendered":"<p>Wien \u2013 Kaiserlich, morbid und voller Musik Servus! Wien ist weit mehr als Sisi-Romantik und Fiaker-Fahrten. Zwischen dem Prunk der Hofburg und dem morbiden Charme der Kapuzinergruft liegt eine Stadt voller Geschichten. Ob du den unvollendeten Turm des Stephansdoms bestaunst, auf der Musikmeile \u00fcber die Sterne der Komponisten wanderst oder das Geheimnis des Stock im [&hellip;]<\/p>\n","protected":false},"author":2,"featured_media":42068,"parent":42048,"menu_order":0,"comment_status":"closed","ping_status":"closed","template":"","meta":{"_acf_changed":false,"material-hide-sections":[],"footnotes":""},"class_list":["post-42050","page","type-page","status-publish","has-post-thumbnail","hentry"],"acf":[],"_links":{"self":[{"href":"https:\/\/www.lialo.blog\/de\/erlebnisse\/wp-json\/wp\/v2\/pages\/42050","targetHints":{"allow":["GET"]}}],"collection":[{"href":"https:\/\/www.lialo.blog\/de\/erlebnisse\/wp-json\/wp\/v2\/pages"}],"about":[{"href":"https:\/\/www.lialo.blog\/de\/erlebnisse\/wp-json\/wp\/v2\/types\/page"}],"author":[{"embeddable":true,"href":"https:\/\/www.lialo.blog\/de\/erlebnisse\/wp-json\/wp\/v2\/users\/2"}],"replies":[{"embeddable":true,"href":"https:\/\/www.lialo.blog\/de\/erlebnisse\/wp-json\/wp\/v2\/comments?post=42050"}],"version-history":[{"count":8,"href":"https:\/\/www.lialo.blog\/de\/erlebnisse\/wp-json\/wp\/v2\/pages\/42050\/revisions"}],"predecessor-version":[{"id":47835,"href":"https:\/\/www.lialo.blog\/de\/erlebnisse\/wp-json\/wp\/v2\/pages\/42050\/revisions\/47835"}],"up":[{"embeddable":true,"href":"https:\/\/www.lialo.blog\/de\/erlebnisse\/wp-json\/wp\/v2\/pages\/42048"}],"wp:featuredmedia":[{"embeddable":true,"href":"https:\/\/www.lialo.blog\/de\/erlebnisse\/wp-json\/wp\/v2\/media\/42068"}],"wp:attachment":[{"href":"https:\/\/www.lialo.blog\/de\/erlebnisse\/wp-json\/wp\/v2\/media?parent=42050"}],"curies":[{"name":"wp","href":"https:\/\/api.w.org\/{rel}","templated":true}]}}