{"id":41745,"date":"2024-01-02T10:59:07","date_gmt":"2024-01-02T09:59:07","guid":{"rendered":"https:\/\/www.lialo.blog\/blog\/?page_id=41745"},"modified":"2026-02-25T08:48:35","modified_gmt":"2026-02-25T15:48:35","slug":"santa-cruz-de-tenerife","status":"publish","type":"page","link":"https:\/\/www.lialo.blog\/de\/erlebnisse\/spanien\/santa-cruz-de-tenerife\/","title":{"rendered":"Santa Cruz de Tenerife: Sehensw\u00fcrdigkeiten, Geheimtipps &amp; Touren \ud83c\udf0b"},"content":{"rendered":"\n<h2 class=\"wp-block-heading\">Santa Cruz \u2013 Das Herz von Teneriffa<\/h2>\n\n\n\n<p>Willkommen in der Hauptstadt der gr\u00f6\u00dften Kanareninsel! Santa Cruz de Tenerife ist eine Stadt der Kontraste: Hier treffen futuristische Bauten wie das Auditorio auf uralte Kirchen, und gesch\u00e4ftige Einkaufsstra\u00dfen auf entspannte Pl\u00e4tze unter schattigen B\u00e4umen. Egal, ob du mit dem Kreuzfahrtschiff (AIDA, Mein Schiff, MSC, etc.) anlegst oder deinen Urlaub auf der Insel verbringst \u2013 <strong>Santa Cruz<\/strong> ist der perfekte Startpunkt. Die Stadt wurde erst sp\u00e4t zur Hauptstadt, hat sich aber durch ihre m\u00e4chtigen Befestigungsanlagen gegen Piraten behauptet und ist heute das kulturelle Zentrum.<\/p>\n\n\n\n\t\t<style>\n\t\t\t.seo_cta {\n\t\t\t\ttext-align: center;\n\t\t\t\tmargin-top: 16px; \n\t\t\t}\n\t\t\t.wp-block-table .seo_cta {\n\t\t\t\tmargin-top: 0;\n\t\t\t}\n\t\t\t.seo_cta .button .mdc-button {\n\t\t\t\tbackground-color: #ffcf02;\n\t\t\t\theight: 48px;\n\t\t\t}\n\t\t<\/style>\n\t\n\t\t\t<div class=\"seo_cta\">\n\t\t\t\t<div class=\"button\">\n\t\t\t\t\t<div class=\"wp-block-material-button\"><a href=\"https:\/\/www.lialo.com\/de\/erlebnisse\/spanien\/santa-cruz-de-tenerife\/stadtfuehrung\/\" class=\"mdc-button mdc-button--raised mdc-ripple-upgraded\"><i class=\"material-icons mdc-button__icon\">arrow_forward<\/i><div class=\"mdc-button__ripple\"><\/div><span class=\"mdc-button__label\">Auf eigene Faust entdecken!<\/span><\/a><\/div>\n\t\t\t\t<\/div>\n\t\t\t<\/div>\n\t\t\n\n\n<div class=\"tour_preview_images\">\n\t\t\t<style>\n\t\t\t\t.tour_preview_images {\n\t\t\t\t\tcontainer-type: inline-size;\n\t\t\t\t\tcontainer-name: gallery;\n\t\t\t\t}\n\t\t\t\t.tour_preview_images-grid {\n\t\t\t\t\tdisplay: flex;\n\t\t\t\t\tflex-wrap: wrap; \n\t\t\t\t\tgap: 1rem;\n\t\t\t\t\twidth: 100%;\n\t\t\t\t}\n\t\t\t\t.tour_preview_images-item {\n\t\t\t\t\twidth: 100%;\n\t\t\t\t\tflex-grow: 1;\n\t\t\t\t\taspect-ratio: 16 \/ 9; \n\t\t\t\t\toverflow: hidden;\n\t\t\t\t\tborder-radius: 4px;\n\t\t\t\t\tbackground-color: #ddd;\n\t\t\t\t}\n\t\t\t\t.tour_preview_images-item img {\n\t\t\t\t\twidth: 100%;\n\t\t\t\t\theight: 100%;\n\t\t\t\t\tobject-fit: cover;\n\t\t\t\t\tdisplay: block;\n\t\t\t\t\ttransition: transform 0.3s ease;\n\t\t\t\t}\n\t\t\t\t@container gallery (min-width: 300px) {\n\t\t\t\t\t.tour_preview_images-item {\n\t\t\t\t\t\twidth: calc((100% - 1rem) \/ 2);\n\t\t\t\t\t}\n\t\t\t\t}\n\t\t\t\t@container gallery (min-width: 600px) {\n\t\t\t\t\t.tour_preview_images-item {\n\t\t\t\t\t\twidth: calc((100% - 2rem) \/ 3);\n\t\t\t\t\t}\n\t\t\t\t}\n\t\t\t<\/style>\n\t\t<div class=\"tour_preview_images-grid\">\n\t\t\t    <div class=\"tour_preview_images-item\">\n                <img decoding=\"async\" \n                    src=\"https:\/\/images.lialo.com\/b1fa9c03-0d86-41ad-a1f5-79ebb66a2503@w1024.webp\" \n                    srcset=\"\n                        https:\/\/images.lialo.com\/b1fa9c03-0d86-41ad-a1f5-79ebb66a2503@w384.webp 384w,\n                        https:\/\/images.lialo.com\/b1fa9c03-0d86-41ad-a1f5-79ebb66a2503@w854.webp 854w,\n                        https:\/\/images.lialo.com\/b1fa9c03-0d86-41ad-a1f5-79ebb66a2503@w1024.webp 1024w\n                    \"\n                    sizes=\"(min-width: 840px) 840px, 100vw\"\n                    alt=\"Santa Cruz de Tenerife: Highlights und Altstadt individueller Stadtrundgang\"\n\t\t\t\t\ttitle=\"Auditorio und Befestigungsanlage\"\n                    loading=\"lazy\"\n                >\n            <\/div>\n\t\t\t\n\t\t\t    <div class=\"tour_preview_images-item\">\n                <img decoding=\"async\" \n                    src=\"https:\/\/images.lialo.com\/d58ec640-d109-4e9e-acf5-f83474de7208@w1024.webp\" \n                    srcset=\"\n                        https:\/\/images.lialo.com\/d58ec640-d109-4e9e-acf5-f83474de7208@w384.webp 384w,\n                        https:\/\/images.lialo.com\/d58ec640-d109-4e9e-acf5-f83474de7208@w854.webp 854w,\n                        https:\/\/images.lialo.com\/d58ec640-d109-4e9e-acf5-f83474de7208@w1024.webp 1024w\n                    \"\n                    sizes=\"(min-width: 840px) 840px, 100vw\"\n                    alt=\"Santa Cruz de Tenerife: Highlights und Altstadt individueller Stadtrundgang\"\n\t\t\t\t\ttitle=\"Die Plaza de Espana\"\n                    loading=\"lazy\"\n                >\n            <\/div>\n\t\t\t\n\t\t\t    <div class=\"tour_preview_images-item\">\n                <img decoding=\"async\" \n                    src=\"https:\/\/images.lialo.com\/c9088ae6-dbeb-4549-8b13-be74eedd31b8@w1024.webp\" \n                    srcset=\"\n                        https:\/\/images.lialo.com\/c9088ae6-dbeb-4549-8b13-be74eedd31b8@w384.webp 384w,\n                        https:\/\/images.lialo.com\/c9088ae6-dbeb-4549-8b13-be74eedd31b8@w854.webp 854w,\n                        https:\/\/images.lialo.com\/c9088ae6-dbeb-4549-8b13-be74eedd31b8@w1024.webp 1024w\n                    \"\n                    sizes=\"(min-width: 840px) 840px, 100vw\"\n                    alt=\"Santa Cruz de Tenerife: Highlights und Altstadt individueller Stadtrundgang\"\n\t\t\t\t\ttitle=\"S\u00fc\u00dfes zwischendurch\"\n                    loading=\"lazy\"\n                >\n            <\/div>\n\t\t\t\n\t\t\t    <div class=\"tour_preview_images-item\">\n                <img decoding=\"async\" \n                    src=\"https:\/\/images.lialo.com\/0f797a62-2272-4c91-a043-b761b18cada1@w1024.webp\" \n                    srcset=\"\n                        https:\/\/images.lialo.com\/0f797a62-2272-4c91-a043-b761b18cada1@w384.webp 384w,\n                        https:\/\/images.lialo.com\/0f797a62-2272-4c91-a043-b761b18cada1@w854.webp 854w,\n                        https:\/\/images.lialo.com\/0f797a62-2272-4c91-a043-b761b18cada1@w1024.webp 1024w\n                    \"\n                    sizes=\"(min-width: 840px) 840px, 100vw\"\n                    alt=\"Santa Cruz de Tenerife: Highlights und Altstadt individueller Stadtrundgang\"\n\t\t\t\t\ttitle=\"Santa Cruz - Stadt der Streetart- Szene\"\n                    loading=\"lazy\"\n                >\n            <\/div>\n\t\t\t<\/div><\/div>\n\n\n\n<h3 class=\"wp-block-heading\">Hilfreiche Tipps f\u00fcr die Stadt<\/h3>\n\n\n\n<div class=\"wp-block-faq-block-for-gutenberg-faq\" style=\"background:#f6f7f7\"><div class=\"question\" style=\"background:none;color:#000\"><h4 style=\"color:#000\">Was sind die wichtigsten Sehensw\u00fcrdigkeiten in Santa Cruz?<\/h4><\/div><div class=\"answer\" style=\"background:none;color:#000\">Das futuristische Auditorio (das an die Oper in Sydney erinnert), die Plaza de Espa\u00f1a mit dem unterirdischen Burg-Museum und der &#8222;Afrikanische Markt&#8220;. Wenn du noch ein wenig mehr Zeit hast, solltest du auch den Stadtstrand Las Teresitas besuchen.<\/div><\/div>\n\n\n\n<div class=\"wp-block-faq-block-for-gutenberg-faq\" style=\"background:#f6f7f7\"><div class=\"question\" style=\"background:none;color:#000\"><h4 style=\"color:#000\">Kann ich Santa Cruz bei einer Kreuzfahrt auf eigene Faust erkunden?<\/h4><\/div><div class=\"answer\" style=\"background:none;color:#000\">Ja, das ist sehr einfach. Die Kreuzfahrtschiffe legen nah am Zentrum an. Die Plaza de Espa\u00f1a ist in wenigen Minuten zu Fu\u00df oder mit dem Shuttle erreichbar. Die individuelle <a href=\"https:\/\/www.lialo.com\/de\/tour\/on43\">Stadtf\u00fchrung Santa Cruz Highlights und Altstadt<\/a> mit deinem Smartphone startet genau dort und f\u00fchrt dich sicher durch die Stadt.<\/div><\/div>\n\n\n\n<div class=\"wp-block-faq-block-for-gutenberg-faq\" style=\"background:#f6f7f7\"><div class=\"question\" style=\"background:none;color:#000\"><h4 style=\"color:#000\">Lohnt sich ein Ausflug nach La Laguna?<\/h4><\/div><div class=\"answer\" style=\"background:none;color:#000\">Unbedingt! <a href=\"https:\/\/www.lialo.com\/de\/erlebnisse\/spanien\/la-laguna-teneriffa\/\">La Laguna<\/a> ist UNESCO-Weltkulturerbe und v\u00f6llig anders als Santa Cruz \u2013 historischer, studentischer und nicht so hei\u00df. Mit der modernen Stra\u00dfenbahn bist du in ca. 30\u201340 Minuten vom Hafenbahnhof dort. Die <a href=\"https:\/\/www.lialo.com\/de\/tour\/rxgz\">Altstadt Stadtf\u00fchrung<\/a> f\u00fchrt dich dann mit deinem Smartphone ganz individuell und sicher durch die Stadt.<\/div><\/div>\n\n\n\n<div class=\"wp-block-faq-block-for-gutenberg-faq\" style=\"background:#f6f7f7\"><div class=\"question\" style=\"background:none;color:#000\"><h4 style=\"color:#000\">Wie viel Zeit sollte ich f\u00fcr einen Stadtrundgang einplanen?<\/h4><\/div><div class=\"answer\" style=\"background:none;color:#000\">F\u00fcr den <a href=\"https:\/\/www.lialo.com\/de\/tour\/on43\">Stadtrundgang in Santa Cruz<\/a> solltest du dir entspannte 2 bis 3 Stunden Zeit nehmen, besonders wenn du den Markt besuchen oder einen Barraquito trinken willst.<\/div><\/div>\n\n\n\n<div class=\"wp-block-faq-block-for-gutenberg-faq\" style=\"background:#f6f7f7\"><div class=\"question\" style=\"background:none;color:#000\"><h4 style=\"color:#000\">Was kostet ein Landausflug auf eigene Faust?<\/h4><\/div><div class=\"answer\" style=\"background:none;color:#000\">Wenig! Die <a href=\"https:\/\/www.lialo.com\/de\/erlebnisse\/spanien\/santa-cruz-de-tenerife\/stadtfuehrung\/\">Stadtf\u00fchrungen<\/a> kosten nur wenige Euro \u2013 f\u00fcr die ganze Familie (da ihr nur ein Smartphone ben\u00f6tigt). Im Vergleich zu den Reederei-Ausfl\u00fcgen (oft 50-100 \u20ac pro Person) sparst du deutlich und bist viel flexibler.<\/div><\/div>\n\n\n\n\t\t<style>\n\t\t\t.seo_cta {\n\t\t\t\ttext-align: center;\n\t\t\t\tmargin-top: 16px; \n\t\t\t}\n\t\t\t.wp-block-table .seo_cta {\n\t\t\t\tmargin-top: 0;\n\t\t\t}\n\t\t\t.seo_cta .button .mdc-button {\n\t\t\t\tbackground-color: #ffcf02;\n\t\t\t\theight: 48px;\n\t\t\t}\n\t\t<\/style>\n\t\n\t\t\t<div class=\"seo_cta\">\n\t\t\t\t<div class=\"button\">\n\t\t\t\t\t<div class=\"wp-block-material-button\"><a href=\"https:\/\/www.lialo.com\/de\/erlebnisse\/spanien\/santa-cruz-de-tenerife\/stadtfuehrung\/\" class=\"mdc-button mdc-button--raised mdc-ripple-upgraded\"><i class=\"material-icons mdc-button__icon\">arrow_forward<\/i><div class=\"mdc-button__ripple\"><\/div><span class=\"mdc-button__label\">Auf eigene Faust entdecken!<\/span><\/a><\/div>\n\t\t\t\t<\/div>\n\t\t\t<\/div>\n\t\t\n\n\n\n<h3 class=\"wp-block-heading\">Santa Cruz Sehensw\u00fcrdigkeiten: Viele Details, die \u00fcberraschen<\/h3>\n\n\n\n<p>Das Herz der Stadt schl\u00e4gt an der Plaza de Espa\u00f1a, doch wer genau hinschaut, entdeckt spannende Geschichten hinter den Fassaden:<\/p>\n\n\n\n<p>\ud83e\uddd0 <strong>Ein betrunkener Baum:<\/strong> Mitten in der Stadt begegnet dir ein Baum, den die Einheimischen \u201ePalo Borracho\u201c (betrunkener Stock) nennen. Sein Stamm ist bauchig aufgebl\u00e4ht wie eine Flasche \u2013 allerdings nicht vom Alkohol, sondern um Wasser f\u00fcr trockene Zeiten zu speichern. Ein kurioses Fotomotiv nahe der Einkaufsstra\u00dfe!<\/p>\n\n\n\n<p>\ud83e\uddd0 <strong>Die Insel, die es nicht gibt:<\/strong> Auf alten Karten war westlich von Teneriffa oft die Insel &#8222;San Borond\u00f3n&#8220; eingezeichnet. Sogar Christoph Kolumbus kannte sie. Sie tauchte im Nebel auf und verschwand wieder \u2013 ein Mythos, der sich bis ins 19. Jahrhundert hielt.<\/p>\n\n\n\n<p>\ud83e\uddd0 <strong>Kunst unter der Br\u00fccke:<\/strong> Grau war gestern. Unter der Br\u00fccke &#8222;Puente Serrador&#8220; wuchert ein &#8222;barocker botanischer Garten&#8220; \u2013 allerdings als riesiges, buntes Street-Art-Kunstwerk, das die Stadt mit dem modernen Kunstzentrum TEA (architektonisches Highlight) verbindet.<\/p>\n\n\n\n<p><strong>Und viele mehr:<\/strong><\/p>\n\n\n\n\t\t<style>\n\t\t\t.seo_cta {\n\t\t\t\ttext-align: center;\n\t\t\t\tmargin-top: 16px; \n\t\t\t}\n\t\t\t.wp-block-table .seo_cta {\n\t\t\t\tmargin-top: 0;\n\t\t\t}\n\t\t\t.seo_cta .button .mdc-button {\n\t\t\t\tbackground-color: #ffcf02;\n\t\t\t\theight: 48px;\n\t\t\t}\n\t\t<\/style>\n\t\n\t\t\t<div class=\"seo_cta\">\n\t\t\t\t<div class=\"button\">\n\t\t\t\t\t<div class=\"wp-block-material-button\"><a href=\"https:\/\/www.lialo.com\/de\/erlebnisse\/spanien\/santa-cruz-de-tenerife\/stadtfuehrung\/\" class=\"mdc-button mdc-button--raised mdc-ripple-upgraded\"><i class=\"material-icons mdc-button__icon\">arrow_forward<\/i><div class=\"mdc-button__ripple\"><\/div><span class=\"mdc-button__label\">Auf eigene Faust entdecken!<\/span><\/a><\/div>\n\t\t\t\t<\/div>\n\t\t\t<\/div>\n\t\t\n\n\n\n<h3 class=\"wp-block-heading\">\ud83d\udcdc Die Geschichte: Als Nelson seinen Arm verlor<\/h3>\n\n\n\n<p>Wusstest du, dass einer der ber\u00fchmtesten britischen Admirale hier seine einzige gro\u00dfe Niederlage erlitt? Im Jahr 1797 griff Horatio Nelson Santa Cruz an. Er wollte die Stadt erobern, scheiterte aber an der tapferen Gegenwehr und den Festungsanlagen. Dabei wurde er am rechten Arm getroffen, der amputiert werden musste. Die Kanone <strong>El Tigre<\/strong>, die den entscheidenden Schuss abgegeben haben soll, kannst du heute noch im Museum unter der Plaza de Espa\u00f1a sehen.<\/p>\n\n\n\n<h3 class=\"wp-block-heading\">\ud83d\ude0b Genuss f\u00fcr Entdecker<\/h3>\n\n\n\n<p>Kein Besuch auf Teneriffa ohne einen <strong>Barraquito<\/strong>! Dieses Kult-Getr\u00e4nk ist mehr als nur Kaffee: Es besteht aus Schichten von ges\u00fc\u00dfter Kondensmilch, Lik\u00f6r (meist Licor 43), Espresso und Milchschaum, verfeinert mit Zimt und Zitrone. Wenn du Hunger hast, besuche den <strong>Mercado de Nuestra Se\u00f1ora de \u00c1frica<\/strong>. Der Markt im nordafrikanischen Stil ist nicht nur architektonisch ein Hingucker, sondern bietet auch die frischesten Fr\u00fcchte und lokale Spezialit\u00e4ten.<\/p>\n\n\n\n<h3 class=\"wp-block-heading\">\ud83d\udca1 Wusstest du schon?<\/h3>\n\n\n\n<p>Die Einwohner von Santa Cruz werden liebevoll &#8222;Chicharreros&#8220; genannt. Urspr\u00fcnglich war das ein Spottname der reichen Nachbarn aus La Laguna, weil die Hafenbewohner angeblich nur billige Makrelen (Chicharros) a\u00dfen. Heute tragen sie den Namen mit Stolz \u2013 es gibt sogar ein Denkmal f\u00fcr den Fisch!<\/p>\n\n\n\n\t\t<style>\n\t\t\t.seo_cta {\n\t\t\t\ttext-align: center;\n\t\t\t\tmargin-top: 16px; \n\t\t\t}\n\t\t\t.wp-block-table .seo_cta {\n\t\t\t\tmargin-top: 0;\n\t\t\t}\n\t\t\t.seo_cta .button .mdc-button {\n\t\t\t\tbackground-color: #ffcf02;\n\t\t\t\theight: 48px;\n\t\t\t}\n\t\t<\/style>\n\t\n\t\t\t<div class=\"seo_cta\">\n\t\t\t\t<div class=\"button\">\n\t\t\t\t\t<div class=\"wp-block-material-button\"><a href=\"https:\/\/www.lialo.com\/de\/erlebnisse\/spanien\/santa-cruz-de-tenerife\/stadtfuehrung\/\" class=\"mdc-button mdc-button--raised mdc-ripple-upgraded\"><i class=\"material-icons mdc-button__icon\">arrow_forward<\/i><div class=\"mdc-button__ripple\"><\/div><span class=\"mdc-button__label\">Auf eigene Faust entdecken!<\/span><\/a><\/div>\n\t\t\t\t<\/div>\n\t\t\t<\/div>\n\t\t\n\n\n<div class=\"seo_bottom\">\n\t\t<h3>Was ist lialo?<\/h3>\n\t\t<p><b>lialo<\/b> (Abk\u00fcrzung f\u00fcr <b>Li<\/b>ke<b> a<\/b> <b>Lo<\/b>cal) macht dein Smartphone zum pers\u00f6nlichen Stadtf\u00fchrer. Die digitalen Touren sind jederzeit verf\u00fcgbar, flexibel im Ablauf und bieten dir ein individuelles Erlebnis.<\/p>\n\t\t<p>Entdecke die Stadt authentisch \u2013 fast so, als w\u00fcrde sie dir ein guter Freund oder eine gute Freundin zeigen. Die Autor*innen erstellen ihre Touren mit \u2665\ufe0f vor Ort und teilen ihr Wissen, pers\u00f6nliche Anekdoten und echte Geheimtipps mit dir.<\/p>\n\t\t<figure class=\"wp-block-image size-full\"><a href=\"https:\/\/www.youtube.com\/watch?v=GbhiNKrMV3E\" target=\"_blank\" rel=\"noopener\"><img decoding=\"async\" width=\"846\" height=\"475\" src=\"https:\/\/www.lialo.blog\/de\/erlebnisse\/wp-content\/uploads\/2022\/10\/lialo-Thumbnail-2-2.jpg\" alt=\"\" class=\"wp-image-36441\" srcset=\"https:\/\/www.lialo.blog\/de\/erlebnisse\/wp-content\/uploads\/2022\/10\/lialo-Thumbnail-2-2.jpg 846w, https:\/\/www.lialo.blog\/de\/erlebnisse\/wp-content\/uploads\/2022\/10\/lialo-Thumbnail-2-2-300x168.jpg 300w, https:\/\/www.lialo.blog\/de\/erlebnisse\/wp-content\/uploads\/2022\/10\/lialo-Thumbnail-2-2-768x431.jpg 768w\" sizes=\"(max-width: 846px) 100vw, 846px\"><\/a><\/figure>\n\t\t<h4>Wenn du Fragen hast, melde dich gern bei uns<\/h4>\n\t\t<p>#gerneperdu<br><a href=\"mailto:hallo@lialo.com\">hallo@lialo.com<\/a><\/p>\n\t<\/div>\n","protected":false},"excerpt":{"rendered":"<p>Santa Cruz \u2013 Das Herz von Teneriffa Willkommen in der Hauptstadt der gr\u00f6\u00dften Kanareninsel! Santa Cruz de Tenerife ist eine Stadt der Kontraste: Hier treffen futuristische Bauten wie das Auditorio auf uralte Kirchen, und gesch\u00e4ftige Einkaufsstra\u00dfen auf entspannte Pl\u00e4tze unter schattigen B\u00e4umen. Egal, ob du mit dem Kreuzfahrtschiff (AIDA, Mein Schiff, MSC, etc.) anlegst oder [&hellip;]<\/p>\n","protected":false},"author":2,"featured_media":47126,"parent":40208,"menu_order":0,"comment_status":"closed","ping_status":"closed","template":"","meta":{"_acf_changed":false,"material-hide-sections":[],"footnotes":""},"class_list":["post-41745","page","type-page","status-publish","has-post-thumbnail","hentry"],"acf":[],"_links":{"self":[{"href":"https:\/\/www.lialo.blog\/de\/erlebnisse\/wp-json\/wp\/v2\/pages\/41745","targetHints":{"allow":["GET"]}}],"collection":[{"href":"https:\/\/www.lialo.blog\/de\/erlebnisse\/wp-json\/wp\/v2\/pages"}],"about":[{"href":"https:\/\/www.lialo.blog\/de\/erlebnisse\/wp-json\/wp\/v2\/types\/page"}],"author":[{"embeddable":true,"href":"https:\/\/www.lialo.blog\/de\/erlebnisse\/wp-json\/wp\/v2\/users\/2"}],"replies":[{"embeddable":true,"href":"https:\/\/www.lialo.blog\/de\/erlebnisse\/wp-json\/wp\/v2\/comments?post=41745"}],"version-history":[{"count":18,"href":"https:\/\/www.lialo.blog\/de\/erlebnisse\/wp-json\/wp\/v2\/pages\/41745\/revisions"}],"predecessor-version":[{"id":47277,"href":"https:\/\/www.lialo.blog\/de\/erlebnisse\/wp-json\/wp\/v2\/pages\/41745\/revisions\/47277"}],"up":[{"embeddable":true,"href":"https:\/\/www.lialo.blog\/de\/erlebnisse\/wp-json\/wp\/v2\/pages\/40208"}],"wp:featuredmedia":[{"embeddable":true,"href":"https:\/\/www.lialo.blog\/de\/erlebnisse\/wp-json\/wp\/v2\/media\/47126"}],"wp:attachment":[{"href":"https:\/\/www.lialo.blog\/de\/erlebnisse\/wp-json\/wp\/v2\/media?parent=41745"}],"curies":[{"name":"wp","href":"https:\/\/api.w.org\/{rel}","templated":true}]}}