{"id":40321,"date":"2023-10-04T17:06:46","date_gmt":"2023-10-04T15:06:46","guid":{"rendered":"https:\/\/www.lialo.blog\/blog\/?page_id=40321"},"modified":"2026-02-25T08:48:35","modified_gmt":"2026-02-25T15:48:35","slug":"palma-de-mallorca","status":"publish","type":"page","link":"https:\/\/www.lialo.blog\/de\/erlebnisse\/spanien\/palma-de-mallorca\/","title":{"rendered":"Palma de Mallorca: Sehensw\u00fcrdigkeiten, Geheimtipps &amp; Touren \ud83e\udded"},"content":{"rendered":"\n<h2 class=\"wp-block-heading\">Die K\u00f6nigin der Balearen<\/h2>\n\n\n\n<p>Palma ist weit mehr als der Ballermann. Die Hauptstadt von Mallorca ist eine der elegantesten St\u00e4dte am Mittelmeer. Die gewaltige Kathedrale &#8222;La Seu&#8220; begr\u00fc\u00dft dich schon von Weitem, wenn dein Kreuzfahrtschiff in den Hafen einl\u00e4uft oder du mit dem Flugzeug einschwebst. Dahinter verbirgt sich eine historische Altstadt voller Leben: Prachtvolle Patios (Innenh\u00f6fe), arabische Spuren, moderne spanische Lebensart und Gassen, in denen Nonnen Geb\u00e4ck verkaufen und B\u00e4ume Geschichten erz\u00e4hlen.<\/p>\n\n\n\n\t\t<style>\n\t\t\t.seo_cta {\n\t\t\t\ttext-align: center;\n\t\t\t\tmargin-top: 16px; \n\t\t\t}\n\t\t\t.wp-block-table .seo_cta {\n\t\t\t\tmargin-top: 0;\n\t\t\t}\n\t\t\t.seo_cta .button .mdc-button {\n\t\t\t\tbackground-color: #ffcf02;\n\t\t\t\theight: 48px;\n\t\t\t}\n\t\t<\/style>\n\t\n\t\t\t<div class=\"seo_cta\">\n\t\t\t\t<div class=\"button\">\n\t\t\t\t\t<div class=\"wp-block-material-button\"><a href=\"https:\/\/www.lialo.com\/de\/erlebnisse\/spanien\/palma-de-mallorca\/stadtfuehrung\/\" class=\"mdc-button mdc-button--raised mdc-ripple-upgraded\"><i class=\"material-icons mdc-button__icon\">arrow_forward<\/i><div class=\"mdc-button__ripple\"><\/div><span class=\"mdc-button__label\">Auf eigene Faust entdecken!<\/span><\/a><\/div>\n\t\t\t\t<\/div>\n\t\t\t<\/div>\n\t\t\n\n\n<div class=\"tour_preview_images\">\n\t\t\t<style>\n\t\t\t\t.tour_preview_images {\n\t\t\t\t\tcontainer-type: inline-size;\n\t\t\t\t\tcontainer-name: gallery;\n\t\t\t\t}\n\t\t\t\t.tour_preview_images-grid {\n\t\t\t\t\tdisplay: flex;\n\t\t\t\t\tflex-wrap: wrap; \n\t\t\t\t\tgap: 1rem;\n\t\t\t\t\twidth: 100%;\n\t\t\t\t}\n\t\t\t\t.tour_preview_images-item {\n\t\t\t\t\twidth: 100%;\n\t\t\t\t\tflex-grow: 1;\n\t\t\t\t\taspect-ratio: 16 \/ 9; \n\t\t\t\t\toverflow: hidden;\n\t\t\t\t\tborder-radius: 4px;\n\t\t\t\t\tbackground-color: #ddd;\n\t\t\t\t}\n\t\t\t\t.tour_preview_images-item img {\n\t\t\t\t\twidth: 100%;\n\t\t\t\t\theight: 100%;\n\t\t\t\t\tobject-fit: cover;\n\t\t\t\t\tdisplay: block;\n\t\t\t\t\ttransition: transform 0.3s ease;\n\t\t\t\t}\n\t\t\t\t@container gallery (min-width: 300px) {\n\t\t\t\t\t.tour_preview_images-item {\n\t\t\t\t\t\twidth: calc((100% - 1rem) \/ 2);\n\t\t\t\t\t}\n\t\t\t\t}\n\t\t\t\t@container gallery (min-width: 600px) {\n\t\t\t\t\t.tour_preview_images-item {\n\t\t\t\t\t\twidth: calc((100% - 2rem) \/ 3);\n\t\t\t\t\t}\n\t\t\t\t}\n\t\t\t<\/style>\n\t\t<div class=\"tour_preview_images-grid\">\n\t\t\t    <div class=\"tour_preview_images-item\">\n                <img decoding=\"async\" \n                    src=\"https:\/\/images.lialo.com\/034f75be-2ba9-4f81-828b-e3aaa785de5c@w1024.webp\" \n                    srcset=\"\n                        https:\/\/images.lialo.com\/034f75be-2ba9-4f81-828b-e3aaa785de5c@w384.webp 384w,\n                        https:\/\/images.lialo.com\/034f75be-2ba9-4f81-828b-e3aaa785de5c@w854.webp 854w,\n                        https:\/\/images.lialo.com\/034f75be-2ba9-4f81-828b-e3aaa785de5c@w1024.webp 1024w\n                    \"\n                    sizes=\"(min-width: 840px) 840px, 100vw\"\n                    alt=\"Durch die Altstadt Gassen von Palma de Mallorca individueller Stadtrundgang\"\n\t\t\t\t\ttitle=\"Gasse der Altstadt von Palma.\"\n                    loading=\"lazy\"\n                >\n            <\/div>\n\t\t\t\n\t\t\t    <div class=\"tour_preview_images-item\">\n                <img decoding=\"async\" \n                    src=\"https:\/\/images.lialo.com\/71c33787-bb77-4225-995f-01f50d6f7320@w1024.webp\" \n                    srcset=\"\n                        https:\/\/images.lialo.com\/71c33787-bb77-4225-995f-01f50d6f7320@w384.webp 384w,\n                        https:\/\/images.lialo.com\/71c33787-bb77-4225-995f-01f50d6f7320@w854.webp 854w,\n                        https:\/\/images.lialo.com\/71c33787-bb77-4225-995f-01f50d6f7320@w1024.webp 1024w\n                    \"\n                    sizes=\"(min-width: 840px) 840px, 100vw\"\n                    alt=\"Durch die Altstadt Gassen von Palma de Mallorca individueller Stadtrundgang\"\n\t\t\t\t\ttitle=\"Pla\u00e7a Major (Palma de Mallorca).\"\n                    loading=\"lazy\"\n                >\n            <\/div>\n\t\t\t\n\t\t\t    <div class=\"tour_preview_images-item\">\n                <img decoding=\"async\" \n                    src=\"https:\/\/images.lialo.com\/0cd278cb-2fa4-4296-8024-a66bd21e8795@w1024.webp\" \n                    srcset=\"\n                        https:\/\/images.lialo.com\/0cd278cb-2fa4-4296-8024-a66bd21e8795@w384.webp 384w,\n                        https:\/\/images.lialo.com\/0cd278cb-2fa4-4296-8024-a66bd21e8795@w854.webp 854w,\n                        https:\/\/images.lialo.com\/0cd278cb-2fa4-4296-8024-a66bd21e8795@w1024.webp 1024w\n                    \"\n                    sizes=\"(min-width: 840px) 840px, 100vw\"\n                    alt=\"Durch die Altstadt Gassen von Palma de Mallorca individueller Stadtrundgang\"\n\t\t\t\t\ttitle=\"Hinterhof arabische B\u00e4der (Banys \u00c0rabs)\"\n                    loading=\"lazy\"\n                >\n            <\/div>\n\t\t\t<\/div><\/div>\n\n\n\n<h3 class=\"wp-block-heading\">Hilfreiche Tipps f\u00fcr die Stadt<\/h3>\n\n\n\n<div class=\"wp-block-faq-block-for-gutenberg-faq\" style=\"background:#f6f7f7\"><div class=\"question\" style=\"background:none;color:#000\"><h4 style=\"color:#000\">Was sind die wichtigsten Sehensw\u00fcrdigkeiten in Palma de Mallorca?<\/h4><\/div><div class=\"answer\" style=\"background:none;color:#000\">Die Kathedrale La Seu ist eines der h\u00f6chsten gotischen Geb\u00e4ude Europas und gilt als Wahrzeichen Palmas. Wenn du den Almudaina Palast direkt neben der Kathedrale besuchst, kannst du auch einen grandiosen Blick auf den Hafen und die Bucht von Palma genie\u00dfen. Nachdem du die Altstadt von Palma mit all den Shops, Restaurants, Bars und Caf\u00e9s besucht hast, bietet sich ein Besuch der Jardines de S`Hort del Rei an, um den s\u00fc\u00dfen Duft der Zitronen- und Orangenb\u00e4ume zwischen Skulpturen und Springbrunnen zu genie\u00dfen.<\/div><\/div>\n\n\n\n<div class=\"wp-block-faq-block-for-gutenberg-faq\" style=\"background:#f6f7f7\"><div class=\"question\" style=\"background:none;color:#000\"><h4 style=\"color:#000\">Kann ich Palma de Mallorca bei einer Kreuzfahrt auf eigene Faust erkunden?<\/h4><\/div><div class=\"answer\" style=\"background:none;color:#000\">F\u00fcr Kreuzfahrer ist Palma ideal: Vom Hafen (Estaci\u00f3 Mar\u00edtima) kommst du schnell mit dem Bus oder einem l\u00e4ngeren Spaziergang direkt zur Kathedrale und zum Start der <a href=\"https:\/\/www.lialo.com\/de\/tour\/ro8m\">Stadtf\u00fchrung mit deinem Smartphone<\/a> durch die Gassen der Altstadt von Palma de Mallorca.<\/div><\/div>\n\n\n\n<div class=\"wp-block-faq-block-for-gutenberg-faq\" style=\"background:#f6f7f7\"><div class=\"question\" style=\"background:none;color:#000\"><h4 style=\"color:#000\">Lohnt sich der Besuch der Kathedrale?<\/h4><\/div><div class=\"answer\" style=\"background:none;color:#000\">Definitiv. Das Kirchenschiff geh\u00f6rt zu den h\u00f6chsten Europas (44 Meter!). Ein Highlight ist das Lichtspiel der Rosettenfenster.<\/div><\/div>\n\n\n\n<div class=\"wp-block-faq-block-for-gutenberg-faq\" style=\"background:#f6f7f7\"><div class=\"question\" style=\"background:none;color:#000\"><h4 style=\"color:#000\">Wie viel Zeit sollte ich f\u00fcr einen Stadtrundgang einplanen?<\/h4><\/div><div class=\"answer\" style=\"background:none;color:#000\">Die <a href=\"https:\/\/www.lialo.com\/de\/tour\/ro8m\">Altstadt-Tour<\/a> ist ca. 3 km lang. Mit Pausen f\u00fcr Tapas, Eis oder eine Besichtigung der Kathedrale solltest du entspannte 2,5 bis 3 Stunden einplanen.<\/div><\/div>\n\n\n\n<div class=\"wp-block-faq-block-for-gutenberg-faq\" style=\"background:#f6f7f7\"><div class=\"question\" style=\"background:none;color:#000\"><h4 style=\"color:#000\">Was kostet ein Landausflug auf eigene Faust?<\/h4><\/div><div class=\"answer\" style=\"background:none;color:#000\">Wenig! Die <a href=\"https:\/\/www.lialo.com\/de\/erlebnisse\/spanien\/palma-de-mallorca\/stadtfuehrung\/\">Stadtf\u00fchrungen<\/a> kosten nur wenige Euro \u2013 f\u00fcr die ganze Familie (da ihr nur ein Smartphone ben\u00f6tigt). Im Vergleich zu den Reederei-Ausfl\u00fcgen (oft 50-100 \u20ac pro Person) sparst du deutlich und bist viel flexibler.<\/div><\/div>\n\n\n\n<div class=\"wp-block-faq-block-for-gutenberg-faq\" style=\"background:#f6f7f7\"><div class=\"question\" style=\"background:none;color:#000\"><h4 style=\"color:#000\">Hilfe, ich bin verwirrt: Palma, La Palma oder Las Palmas?<\/h4><\/div><div class=\"answer\" style=\"background:none;color:#000\">Das ist der Klassiker! Damit du richtig ankommst: Wir sind hier in <strong>Palma<\/strong> (die Hauptstadt von Mallorca, Flughafen-Code: PMI). Verwechsle das bitte nicht mit der Insel La Palma (Santa Cruz de La Palma) oder der Stadt Las Palmas auf Gran Canaria. Die Namen klingen \u00e4hnlich, die Ziele liegen aber hunderte Kilometer entfernt auf den Kanaren!<\/div><\/div>\n\n\n\n\t\t<style>\n\t\t\t.seo_cta {\n\t\t\t\ttext-align: center;\n\t\t\t\tmargin-top: 16px; \n\t\t\t}\n\t\t\t.wp-block-table .seo_cta {\n\t\t\t\tmargin-top: 0;\n\t\t\t}\n\t\t\t.seo_cta .button .mdc-button {\n\t\t\t\tbackground-color: #ffcf02;\n\t\t\t\theight: 48px;\n\t\t\t}\n\t\t<\/style>\n\t\n\t\t\t<div class=\"seo_cta\">\n\t\t\t\t<div class=\"button\">\n\t\t\t\t\t<div class=\"wp-block-material-button\"><a href=\"https:\/\/www.lialo.com\/de\/erlebnisse\/spanien\/palma-de-mallorca\/stadtfuehrung\/\" class=\"mdc-button mdc-button--raised mdc-ripple-upgraded\"><i class=\"material-icons mdc-button__icon\">arrow_forward<\/i><div class=\"mdc-button__ripple\"><\/div><span class=\"mdc-button__label\">Auf eigene Faust entdecken!<\/span><\/a><\/div>\n\t\t\t\t<\/div>\n\t\t\t<\/div>\n\t\t\n\n\n\n<h3 class=\"wp-block-heading\">Palma de Mallorca Sehensw\u00fcrdigkeiten: Viele Details, die \u00fcberraschen<\/h3>\n\n\n\n<p>Die Stadt ist voll von kleinen Wundern, die man im Vorbeigehen aber leicht \u00fcbersehen kann:<\/p>\n\n\n\n<p>\ud83e\uddd0 <strong>Das Lichtspiel der Acht:<\/strong> Die Kathedrale &#8222;La Seu&#8220; birgt ein mathematisches Geheimnis. Zweimal im Jahr (am 02.02. und 11.11.) projiziert die Sonne das Licht der gro\u00dfen Rosette exakt unter die Rosette der gegen\u00fcberliegenden Wand, sodass eine leuchtende &#8222;Acht&#8220; entsteht.<\/p>\n\n\n\n<p>\ud83e\uddd0 <strong>Kekse aus dem Drehkreuz:<\/strong> Im Kloster Santa Clara leben Nonnen in Klausur. Sie zeigen ihre Gesichter nicht, backen aber himmlische Kekse. Um sie zu kaufen, musst du eine Glocke l\u00e4uten und Geld in ein h\u00f6lzernes Drehkreuz legen \u2013 dann dreht sich die Ware zu dir heraus.<\/p>\n\n\n\n<p>\ud83e\uddd0 <strong>Der reisende Baum:<\/strong> Auf dem Rathausplatz steht ein uralter, knorriger Olivenbaum (&#8222;Olivera de Cort&#8220;). Er ist ca. 600 Jahre alt, steht dort aber erst seit 1989. Er wurde als Symbol des Friedens von einer Finca hierher verpflanzt.<\/p>\n\n\n\n<p>\ud83e\uddd0 <strong>Arabische Spuren:<\/strong> Mitten in der Stadt findest du die Banys \u00c0rabs. Diese arabischen B\u00e4der sind eines der wenigen Architektur-Denkm\u00e4ler, die aus der maurischen Zeit der Insel \u00fcbrig geblieben sind.<\/p>\n\n\n\n<p><strong>Und viele mehr:<\/strong><\/p>\n\n\n\n\t\t<style>\n\t\t\t.seo_cta {\n\t\t\t\ttext-align: center;\n\t\t\t\tmargin-top: 16px; \n\t\t\t}\n\t\t\t.wp-block-table .seo_cta {\n\t\t\t\tmargin-top: 0;\n\t\t\t}\n\t\t\t.seo_cta .button .mdc-button {\n\t\t\t\tbackground-color: #ffcf02;\n\t\t\t\theight: 48px;\n\t\t\t}\n\t\t<\/style>\n\t\n\t\t\t<div class=\"seo_cta\">\n\t\t\t\t<div class=\"button\">\n\t\t\t\t\t<div class=\"wp-block-material-button\"><a href=\"https:\/\/www.lialo.com\/de\/erlebnisse\/spanien\/palma-de-mallorca\/stadtfuehrung\/\" class=\"mdc-button mdc-button--raised mdc-ripple-upgraded\"><i class=\"material-icons mdc-button__icon\">arrow_forward<\/i><div class=\"mdc-button__ripple\"><\/div><span class=\"mdc-button__label\">Auf eigene Faust entdecken!<\/span><\/a><\/div>\n\t\t\t\t<\/div>\n\t\t\t<\/div>\n\t\t\n\n\n\n<h3 class=\"wp-block-heading\">\ud83d\udcdc Die Geschichte: Ein M\u00f6nch gr\u00fcndet Weltst\u00e4dte<\/h3>\n\n\n\n<p>Vor der Kirche Sant Francesc steht die Statue von <strong>Jun\u00edpero Serra<\/strong>. Der M\u00f6nch aus Mallorca reiste als Missionar nach Amerika. Er gr\u00fcndete dort Stationen, aus denen sp\u00e4ter Weltmetropolen wurden: Los Angeles, San Diego und San Francisco gehen auf diesen Mallorquiner zur\u00fcck.<\/p>\n\n\n\n<h3 class=\"wp-block-heading\">\ud83d\ude0b Genuss f\u00fcr Entdecker<\/h3>\n\n\n\n<p>Das Schmalzgeb\u00e4ck <strong>Ensa\u00efmada<\/strong> ist Kult. Am besten schmeckt es \u2013 zusammen mit dem ber\u00fchmten Mandeleis \u2013 im historischen Caf\u00e9 Ca&#8217;n Joan de s&#8217;Aigo, wo man auch noch die alte Mandelm\u00fchle sehen kann.<\/p>\n\n\n\n<h3 class=\"wp-block-heading\">\ud83d\udca1 Wusstest du schon?<\/h3>\n\n\n\n<p>Der Almudaina-Palast neben der Kathedrale ist nicht nur ein Museum. Er dient dem spanischen K\u00f6nig auch heute noch als offizielle Residenz, wenn er auf Mallorca zu Besuch ist.<\/p>\n\n\n\n\t\t<style>\n\t\t\t.seo_cta {\n\t\t\t\ttext-align: center;\n\t\t\t\tmargin-top: 16px; \n\t\t\t}\n\t\t\t.wp-block-table .seo_cta {\n\t\t\t\tmargin-top: 0;\n\t\t\t}\n\t\t\t.seo_cta .button .mdc-button {\n\t\t\t\tbackground-color: #ffcf02;\n\t\t\t\theight: 48px;\n\t\t\t}\n\t\t<\/style>\n\t\n\t\t\t<div class=\"seo_cta\">\n\t\t\t\t<div class=\"button\">\n\t\t\t\t\t<div class=\"wp-block-material-button\"><a href=\"https:\/\/www.lialo.com\/de\/erlebnisse\/spanien\/palma-de-mallorca\/stadtfuehrung\/\" class=\"mdc-button mdc-button--raised mdc-ripple-upgraded\"><i class=\"material-icons mdc-button__icon\">arrow_forward<\/i><div class=\"mdc-button__ripple\"><\/div><span class=\"mdc-button__label\">Auf eigene Faust entdecken!<\/span><\/a><\/div>\n\t\t\t\t<\/div>\n\t\t\t<\/div>\n\t\t\n\n\n<div class=\"seo_bottom\">\n\t\t<h3>Was ist lialo?<\/h3>\n\t\t<p><b>lialo<\/b> (Abk\u00fcrzung f\u00fcr <b>Li<\/b>ke<b> a<\/b> <b>Lo<\/b>cal) macht dein Smartphone zum pers\u00f6nlichen Stadtf\u00fchrer. Die digitalen Touren sind jederzeit verf\u00fcgbar, flexibel im Ablauf und bieten dir ein individuelles Erlebnis.<\/p>\n\t\t<p>Entdecke die Stadt authentisch \u2013 fast so, als w\u00fcrde sie dir ein guter Freund oder eine gute Freundin zeigen. Die Autor*innen erstellen ihre Touren mit \u2665\ufe0f vor Ort und teilen ihr Wissen, pers\u00f6nliche Anekdoten und echte Geheimtipps mit dir.<\/p>\n\t\t<figure class=\"wp-block-image size-full\"><a href=\"https:\/\/www.youtube.com\/watch?v=GbhiNKrMV3E\" target=\"_blank\" rel=\"noopener\"><img decoding=\"async\" width=\"846\" height=\"475\" src=\"https:\/\/www.lialo.blog\/de\/erlebnisse\/wp-content\/uploads\/2022\/10\/lialo-Thumbnail-2-2.jpg\" alt=\"\" class=\"wp-image-36441\" srcset=\"https:\/\/www.lialo.blog\/de\/erlebnisse\/wp-content\/uploads\/2022\/10\/lialo-Thumbnail-2-2.jpg 846w, https:\/\/www.lialo.blog\/de\/erlebnisse\/wp-content\/uploads\/2022\/10\/lialo-Thumbnail-2-2-300x168.jpg 300w, https:\/\/www.lialo.blog\/de\/erlebnisse\/wp-content\/uploads\/2022\/10\/lialo-Thumbnail-2-2-768x431.jpg 768w\" sizes=\"(max-width: 846px) 100vw, 846px\"><\/a><\/figure>\n\t\t<h4>Wenn du Fragen hast, melde dich gern bei uns<\/h4>\n\t\t<p>#gerneperdu<br><a href=\"mailto:hallo@lialo.com\">hallo@lialo.com<\/a><\/p>\n\t<\/div>\n","protected":false},"excerpt":{"rendered":"<p>Die K\u00f6nigin der Balearen Palma ist weit mehr als der Ballermann. Die Hauptstadt von Mallorca ist eine der elegantesten St\u00e4dte am Mittelmeer. Die gewaltige Kathedrale &#8222;La Seu&#8220; begr\u00fc\u00dft dich schon von Weitem, wenn dein Kreuzfahrtschiff in den Hafen einl\u00e4uft oder du mit dem Flugzeug einschwebst. Dahinter verbirgt sich eine historische Altstadt voller Leben: Prachtvolle Patios [&hellip;]<\/p>\n","protected":false},"author":2,"featured_media":47312,"parent":40208,"menu_order":0,"comment_status":"closed","ping_status":"closed","template":"","meta":{"_acf_changed":false,"material-hide-sections":[],"footnotes":""},"class_list":["post-40321","page","type-page","status-publish","has-post-thumbnail","hentry"],"acf":[],"_links":{"self":[{"href":"https:\/\/www.lialo.blog\/de\/erlebnisse\/wp-json\/wp\/v2\/pages\/40321","targetHints":{"allow":["GET"]}}],"collection":[{"href":"https:\/\/www.lialo.blog\/de\/erlebnisse\/wp-json\/wp\/v2\/pages"}],"about":[{"href":"https:\/\/www.lialo.blog\/de\/erlebnisse\/wp-json\/wp\/v2\/types\/page"}],"author":[{"embeddable":true,"href":"https:\/\/www.lialo.blog\/de\/erlebnisse\/wp-json\/wp\/v2\/users\/2"}],"replies":[{"embeddable":true,"href":"https:\/\/www.lialo.blog\/de\/erlebnisse\/wp-json\/wp\/v2\/comments?post=40321"}],"version-history":[{"count":7,"href":"https:\/\/www.lialo.blog\/de\/erlebnisse\/wp-json\/wp\/v2\/pages\/40321\/revisions"}],"predecessor-version":[{"id":47712,"href":"https:\/\/www.lialo.blog\/de\/erlebnisse\/wp-json\/wp\/v2\/pages\/40321\/revisions\/47712"}],"up":[{"embeddable":true,"href":"https:\/\/www.lialo.blog\/de\/erlebnisse\/wp-json\/wp\/v2\/pages\/40208"}],"wp:featuredmedia":[{"embeddable":true,"href":"https:\/\/www.lialo.blog\/de\/erlebnisse\/wp-json\/wp\/v2\/media\/47312"}],"wp:attachment":[{"href":"https:\/\/www.lialo.blog\/de\/erlebnisse\/wp-json\/wp\/v2\/media?parent=40321"}],"curies":[{"name":"wp","href":"https:\/\/api.w.org\/{rel}","templated":true}]}}