{"id":39686,"date":"2023-05-25T11:11:05","date_gmt":"2023-05-25T09:11:05","guid":{"rendered":"https:\/\/www.lialo.blog\/blog\/?page_id=39686"},"modified":"2026-02-25T08:48:35","modified_gmt":"2026-02-25T15:48:35","slug":"tuebingen","status":"publish","type":"page","link":"https:\/\/www.lialo.blog\/de\/erlebnisse\/deutschland\/tuebingen\/","title":{"rendered":"T\u00fcbingen entdecken: Sehensw\u00fcrdigkeiten, Geheimtipps &amp; Touren \ud83e\udded"},"content":{"rendered":"\n<h2 class=\"wp-block-heading has-text-align-left\">T\u00fcbingen \u2013 Wo Geist auf Gassen trifft<\/h2>\n\n\n\n<p class=\"has-text-align-left\">T\u00fcbingen ist jung und alt zugleich. Die 1477 gegr\u00fcndete Universit\u00e4t pr\u00e4gt bis heute den Rhythmus der Stadt. Doch abseits der Postkartenidylle der Neckarfront verbirgt sich in den verwinkelten Gassen zwischen Schloss und Tal eine Welt voller kurioser Geschichten: von feiernden Studenten, verzweifelten Dichtern und rebellischen B\u00fcrgermeistern.<\/p>\n\n\n\n\t\t<style>\n\t\t\t.seo_cta {\n\t\t\t\ttext-align: center;\n\t\t\t\tmargin-top: 16px; \n\t\t\t}\n\t\t\t.wp-block-table .seo_cta {\n\t\t\t\tmargin-top: 0;\n\t\t\t}\n\t\t\t.seo_cta .button .mdc-button {\n\t\t\t\tbackground-color: #ffcf02;\n\t\t\t\theight: 48px;\n\t\t\t}\n\t\t<\/style>\n\t\n\t\t\t<div class=\"seo_cta\">\n\t\t\t\t<div class=\"button\">\n\t\t\t\t\t<div class=\"wp-block-material-button\"><a href=\"https:\/\/www.lialo.com\/de\/erlebnisse\/deutschland\/tuebingen\/stadtfuehrung\/\" class=\"mdc-button mdc-button--raised mdc-ripple-upgraded\"><i class=\"material-icons mdc-button__icon\">arrow_forward<\/i><div class=\"mdc-button__ripple\"><\/div><span class=\"mdc-button__label\">Auf eigene Faust entdecken!<\/span><\/a><\/div>\n\t\t\t\t<\/div>\n\t\t\t<\/div>\n\t\t\n\n\n<div class=\"tour_preview_images\">\n\t\t\t<style>\n\t\t\t\t.tour_preview_images {\n\t\t\t\t\tcontainer-type: inline-size;\n\t\t\t\t\tcontainer-name: gallery;\n\t\t\t\t}\n\t\t\t\t.tour_preview_images-grid {\n\t\t\t\t\tdisplay: flex;\n\t\t\t\t\tflex-wrap: wrap; \n\t\t\t\t\tgap: 1rem;\n\t\t\t\t\twidth: 100%;\n\t\t\t\t}\n\t\t\t\t.tour_preview_images-item {\n\t\t\t\t\twidth: 100%;\n\t\t\t\t\tflex-grow: 1;\n\t\t\t\t\taspect-ratio: 16 \/ 9; \n\t\t\t\t\toverflow: hidden;\n\t\t\t\t\tborder-radius: 4px;\n\t\t\t\t\tbackground-color: #ddd;\n\t\t\t\t}\n\t\t\t\t.tour_preview_images-item img {\n\t\t\t\t\twidth: 100%;\n\t\t\t\t\theight: 100%;\n\t\t\t\t\tobject-fit: cover;\n\t\t\t\t\tdisplay: block;\n\t\t\t\t\ttransition: transform 0.3s ease;\n\t\t\t\t}\n\t\t\t\t@container gallery (min-width: 300px) {\n\t\t\t\t\t.tour_preview_images-item {\n\t\t\t\t\t\twidth: calc((100% - 1rem) \/ 2);\n\t\t\t\t\t}\n\t\t\t\t}\n\t\t\t\t@container gallery (min-width: 600px) {\n\t\t\t\t\t.tour_preview_images-item {\n\t\t\t\t\t\twidth: calc((100% - 2rem) \/ 3);\n\t\t\t\t\t}\n\t\t\t\t}\n\t\t\t<\/style>\n\t\t<div class=\"tour_preview_images-grid\">\n\t\t\t    <div class=\"tour_preview_images-item\">\n                <img decoding=\"async\" \n                    src=\"https:\/\/images.lialo.com\/57f6b668-4e85-40c5-be66-cd1bd1e834f0@w1024.webp\" \n                    srcset=\"\n                        https:\/\/images.lialo.com\/57f6b668-4e85-40c5-be66-cd1bd1e834f0@w384.webp 384w,\n                        https:\/\/images.lialo.com\/57f6b668-4e85-40c5-be66-cd1bd1e834f0@w854.webp 854w,\n                        https:\/\/images.lialo.com\/57f6b668-4e85-40c5-be66-cd1bd1e834f0@w1024.webp 1024w\n                    \"\n                    sizes=\"(min-width: 840px) 840px, 100vw\"\n                    alt=\"T\u00fcbingen Altstadt F\u00fchrung Haagtor - Neckarbr\u00fccke individueller Stadtrundgang\"\n\t\t\t\t\ttitle=\"\"\n                    loading=\"lazy\"\n                >\n            <\/div>\n\t\t\t\n\t\t\t    <div class=\"tour_preview_images-item\">\n                <img decoding=\"async\" \n                    src=\"https:\/\/images.lialo.com\/7645c2ad-bf39-448d-b344-3611086394df@w1024.webp\" \n                    srcset=\"\n                        https:\/\/images.lialo.com\/7645c2ad-bf39-448d-b344-3611086394df@w384.webp 384w,\n                        https:\/\/images.lialo.com\/7645c2ad-bf39-448d-b344-3611086394df@w854.webp 854w,\n                        https:\/\/images.lialo.com\/7645c2ad-bf39-448d-b344-3611086394df@w1024.webp 1024w\n                    \"\n                    sizes=\"(min-width: 840px) 840px, 100vw\"\n                    alt=\"T\u00fcbingen Altstadt F\u00fchrung Haagtor - Neckarbr\u00fccke individueller Stadtrundgang\"\n\t\t\t\t\ttitle=\"\"\n                    loading=\"lazy\"\n                >\n            <\/div>\n\t\t\t<\/div><\/div>\n\n\n\n<h3 class=\"wp-block-heading\">Hilfreiche Tipps f\u00fcr die Stadt<\/h3>\n\n\n\n<div class=\"wp-block-faq-block-for-gutenberg-faq\" style=\"background:#f6f7f7\"><div class=\"question\" style=\"background:none;color:#000\"><h4 style=\"color:#000\">Warum ist T\u00fcbingen eine Universit\u00e4tsstadt?<\/h4><\/div><div class=\"answer\" style=\"background:none;color:#000\">Die Universit\u00e4t wurde bereits 1477 von Graf Eberhard im Barte gegr\u00fcndet. Sie pr\u00e4gt die Stadt so sehr, dass man sagt: \u201eT\u00fcbingen hat keine Universit\u00e4t, T\u00fcbingen ist eine Universit\u00e4t.\u201c <\/div><\/div>\n\n\n\n<div class=\"wp-block-faq-block-for-gutenberg-faq\" style=\"background:#f6f7f7\"><div class=\"question\" style=\"background:none;color:#000\"><h4 style=\"color:#000\">Was sollte man in T\u00fcbingen gesehen haben?<\/h4><\/div><div class=\"answer\" style=\"background:none;color:#000\">Neben der klassischen Neckarfront mit dem H\u00f6lderlinturm und den Stocherk\u00e4hnen sind das Schloss Hohent\u00fcbingen (tolle Aussicht!) und das reich bemalte Rathaus mit seiner astronomischen Uhr absolute Highlights.<\/div><\/div>\n\n\n\n<div class=\"wp-block-faq-block-for-gutenberg-faq\" style=\"background:#f6f7f7\"><div class=\"question\" style=\"background:none;color:#000\"><h4 style=\"color:#000\">Gibt es in T\u00fcbingen wirklich eine \u201eKotz-Gasse\u201c?<\/h4><\/div><div class=\"answer\" style=\"background:none;color:#000\">Nicht ganz, aber in der M\u00fcnzgasse 13 erinnert das kuriose Schild an Goethes Besuch. Die Stra\u00dfe war fr\u00fcher eigentlich eine Prachtstra\u00dfe f\u00fcr Adel und Professoren \u2013 heute schmunzeln Touristen \u00fcber das Schild.<\/div><\/div>\n\n\n\n<div class=\"wp-block-faq-block-for-gutenberg-faq\" style=\"background:#f6f7f7\"><div class=\"question\" style=\"background:none;color:#000\"><h4 style=\"color:#000\">Warum sind manche Stra\u00dfen in der Altstadt so gerade?<\/h4><\/div><div class=\"answer\" style=\"background:none;color:#000\">Ein verheerender Stadtbrand vernichtete 1771 Teile der Haaggasse. Beim Wiederaufbau wurde nicht mehr krumm und schief gebaut, sondern modern und gerade \u2013 \u201ein Reih und Glied\u201c.<\/div><\/div>\n\n\n\n<div class=\"wp-block-faq-block-for-gutenberg-faq\" style=\"background:#f6f7f7\"><div class=\"question\" style=\"background:none;color:#000\"><h4 style=\"color:#000\">Welches Essen ist f\u00fcr T\u00fcbingen typisch?<\/h4><\/div><div class=\"answer\" style=\"background:none;color:#000\">T\u00fcbingen bietet allerlei Leckereien der traditionellen schw\u00e4bischen K\u00fcche. Dazu z\u00e4hlen Maultaschen, Linsen und Sp\u00e4tzle ebenso wie Filderkraut oder der schw\u00e4bische Zwiebelrostbraten.<\/div><\/div>\n\n\n\n\t\t<style>\n\t\t\t.seo_cta {\n\t\t\t\ttext-align: center;\n\t\t\t\tmargin-top: 16px; \n\t\t\t}\n\t\t\t.wp-block-table .seo_cta {\n\t\t\t\tmargin-top: 0;\n\t\t\t}\n\t\t\t.seo_cta .button .mdc-button {\n\t\t\t\tbackground-color: #ffcf02;\n\t\t\t\theight: 48px;\n\t\t\t}\n\t\t<\/style>\n\t\n\t\t\t<div class=\"seo_cta\">\n\t\t\t\t<div class=\"button\">\n\t\t\t\t\t<div class=\"wp-block-material-button\"><a href=\"https:\/\/www.lialo.com\/de\/erlebnisse\/deutschland\/tuebingen\/stadtfuehrung\/\" class=\"mdc-button mdc-button--raised mdc-ripple-upgraded\"><i class=\"material-icons mdc-button__icon\">arrow_forward<\/i><div class=\"mdc-button__ripple\"><\/div><span class=\"mdc-button__label\">Auf eigene Faust entdecken!<\/span><\/a><\/div>\n\t\t\t\t<\/div>\n\t\t\t<\/div>\n\t\t\n\n\n\n<h3 class=\"wp-block-heading\">T\u00fcbingen Sehensw\u00fcrdigkeiten: Viele Details, die \u00fcberraschen<\/h3>\n\n\n\n<p>Das Herz der Stadt schl\u00e4gt rund um den Marktplatz und den Holzmarkt. Doch wer genau hinschaut, entdeckt Spuren, die in keinem gew\u00f6hnlichen Reisef\u00fchrer stehen:<\/p>\n\n\n\n<p>\ud83e\uddd0 <strong>Goethes Absturz?<\/strong> In der M\u00fcnzgasse h\u00e4ngt an einem Haus ein Schild mit der derben Aufschrift: \u201eHier kotzte G\u00f6the\u201c. Ob der Dichterf\u00fcrst bei seinem Besuch 1797 wirklich zu tief ins Glas geschaut hat oder ob es nur eine studentische Legende ist? Finde es heraus.<\/p>\n\n\n\n<p>\ud83e\uddd0 <strong>L\u00e4rmbel\u00e4stigung f\u00fcr den Herzog:<\/strong> Ein kleines G\u00e4sschen tr\u00e4gt den dramatischen Namen \u201eMordiog\u00e4ssle\u201c. Doch hier geschah kein Verbrechen. Finde heraus, welcher n\u00e4chtliche Krach so gewaltig war, dass er sogar den Herzog oben im Schloss aus dem Schlaf riss.<\/p>\n\n\n\n<p>\ud83e\uddd0 <strong>Die Palme im Haus:<\/strong> In der alten \u201eBurse\u201c entdeckst du an einem Holzpfeiler ein f\u00fcr Schwaben v\u00f6llig untypisches Symbol: eine Palme, begleitet vom Motto \u201eAttempto\u201c (\u201eIch wag es\u201c). Welcher ber\u00fchmte Mann verewigte sich hier mit diesem gewagten Zeichen?<\/p>\n\n\n\n<p>\ud83e\uddd0 <strong>Der Haspelturm:<\/strong> Ein Turm des Schlosses tr\u00e4gt einen kuriosen Namen. Hatte hier jemand Sprachst\u00f6rungen und hat sich st\u00e4ndig \u201everhaspelt\u201c? Weit gefehlt!<\/p>\n\n\n\n<p><strong>Und viele mehr:<\/strong><\/p>\n\n\n\n\t\t<style>\n\t\t\t.seo_cta {\n\t\t\t\ttext-align: center;\n\t\t\t\tmargin-top: 16px; \n\t\t\t}\n\t\t\t.wp-block-table .seo_cta {\n\t\t\t\tmargin-top: 0;\n\t\t\t}\n\t\t\t.seo_cta .button .mdc-button {\n\t\t\t\tbackground-color: #ffcf02;\n\t\t\t\theight: 48px;\n\t\t\t}\n\t\t<\/style>\n\t\n\t\t\t<div class=\"seo_cta\">\n\t\t\t\t<div class=\"button\">\n\t\t\t\t\t<div class=\"wp-block-material-button\"><a href=\"https:\/\/www.lialo.com\/de\/erlebnisse\/deutschland\/tuebingen\/stadtfuehrung\/\" class=\"mdc-button mdc-button--raised mdc-ripple-upgraded\"><i class=\"material-icons mdc-button__icon\">arrow_forward<\/i><div class=\"mdc-button__ripple\"><\/div><span class=\"mdc-button__label\">Auf eigene Faust entdecken!<\/span><\/a><\/div>\n\t\t\t\t<\/div>\n\t\t\t<\/div>\n\t\t\n\n\n\n<h3 class=\"wp-block-heading\">\ud83d\udcdc Genie und Wahnsinn im Turm<\/h3>\n\n\n\n<p>T\u00fcbingens wohl ber\u00fchmtestes Wahrzeichen am Neckar erz\u00e4hlt eine tragische Geschichte. Im ersten Stock des gelben Turms lebte der Dichter Friedrich H\u00f6lderlin 36 Jahre lang als \u201ePflegefall\u201c. Er litt an einer psychischen Erkrankung und wurde hier von der Familie eines Schreinermeisters versorgt. In seinem bescheidenen Zimmer mit Bett, Tisch und zwei St\u00fchlen empfing er dennoch die Geistesgr\u00f6\u00dfen seiner Zeit. Er starb 1843 in diesem Turm, der heute als Museum dient.<\/p>\n\n\n\n<h3 class=\"wp-block-heading has-text-align-left\">\ud83d\ude0b Genuss f\u00fcr Entdecker<\/h3>\n\n\n\n<p class=\"has-text-align-left\">T\u00fcbingen l\u00e4sst sich auch kulinarisch erkunden \u2013 ob studentisch g\u00fcnstig oder schw\u00e4bisch deftig.<\/p>\n\n\n\n<p><strong>Eis-Duell:<\/strong> In der Neckargasse konkurrieren zwei Eisdielen direkt gegen\u00fcber um die Gunst der Schleckerm\u00e4uler. Die Schlange verr\u00e4t meist, wer gerade die Nase vorn hat.<\/p>\n\n\n\n<p><strong>Pommes am Kornhaus:<\/strong> Es riecht verf\u00fchrerisch? Kein Wunder, direkt am historischen Kornhaus gibt es laut vielen Studenten die besten Pommes der Stadt.<\/p>\n\n\n\n<p class=\"has-text-align-left\"><strong>Chillen am Neckar:<\/strong> Ein Muss nach der Tour ist ein k\u00fchles Getr\u00e4nk auf der Neckarmauer oder im Biergarten beim <em>\u201eNeckarm\u00fcller\u201c<\/em>.<\/p>\n\n\n\n<h3 class=\"wp-block-heading has-text-align-left\">\ud83d\udca1 Wusstest du schon?<\/h3>\n\n\n\n<p>T\u00fcbingen hat eine <em>\u201eUnterstadt\u201c<\/em> und eine <em>\u201eOberstadt\u201c<\/em>. Fr\u00fcher war das eine strenge soziale Trennung: Unten im feuchten Ammertal lebten die Handwerker, Gerber und Weing\u00e4rtner (die \u201eGogen\u201c), oben auf dem Berg residierten die feinen Professoren und der Adel. Die Grenze markierte unter anderem die <em>\u201eKrumme Br\u00fccke\u201c<\/em>.<\/p>\n\n\n\n\t\t<style>\n\t\t\t.seo_cta {\n\t\t\t\ttext-align: center;\n\t\t\t\tmargin-top: 16px; \n\t\t\t}\n\t\t\t.wp-block-table .seo_cta {\n\t\t\t\tmargin-top: 0;\n\t\t\t}\n\t\t\t.seo_cta .button .mdc-button {\n\t\t\t\tbackground-color: #ffcf02;\n\t\t\t\theight: 48px;\n\t\t\t}\n\t\t<\/style>\n\t\n\t\t\t<div class=\"seo_cta\">\n\t\t\t\t<div class=\"button\">\n\t\t\t\t\t<div class=\"wp-block-material-button\"><a href=\"https:\/\/www.lialo.com\/de\/erlebnisse\/deutschland\/tuebingen\/stadtfuehrung\/\" class=\"mdc-button mdc-button--raised mdc-ripple-upgraded\"><i class=\"material-icons mdc-button__icon\">arrow_forward<\/i><div class=\"mdc-button__ripple\"><\/div><span class=\"mdc-button__label\">Auf eigene Faust entdecken!<\/span><\/a><\/div>\n\t\t\t\t<\/div>\n\t\t\t<\/div>\n\t\t\n\n\n<div class=\"seo_bottom\">\n\t\t<h3>Was ist lialo?<\/h3>\n\t\t<p><b>lialo<\/b> (Abk\u00fcrzung f\u00fcr <b>Li<\/b>ke<b> a<\/b> <b>Lo<\/b>cal) macht dein Smartphone zum pers\u00f6nlichen Stadtf\u00fchrer. Die digitalen Touren sind jederzeit verf\u00fcgbar, flexibel im Ablauf und bieten dir ein individuelles Erlebnis.<\/p>\n\t\t<p>Entdecke die Stadt authentisch \u2013 fast so, als w\u00fcrde sie dir ein guter Freund oder eine gute Freundin zeigen. Die Autor*innen erstellen ihre Touren mit \u2665\ufe0f vor Ort und teilen ihr Wissen, pers\u00f6nliche Anekdoten und echte Geheimtipps mit dir.<\/p>\n\t\t<figure class=\"wp-block-image size-full\"><a href=\"https:\/\/www.youtube.com\/watch?v=GbhiNKrMV3E\" target=\"_blank\" rel=\"noopener\"><img decoding=\"async\" width=\"846\" height=\"475\" src=\"https:\/\/www.lialo.blog\/de\/erlebnisse\/wp-content\/uploads\/2022\/10\/lialo-Thumbnail-2-2.jpg\" alt=\"\" class=\"wp-image-36441\" srcset=\"https:\/\/www.lialo.blog\/de\/erlebnisse\/wp-content\/uploads\/2022\/10\/lialo-Thumbnail-2-2.jpg 846w, https:\/\/www.lialo.blog\/de\/erlebnisse\/wp-content\/uploads\/2022\/10\/lialo-Thumbnail-2-2-300x168.jpg 300w, https:\/\/www.lialo.blog\/de\/erlebnisse\/wp-content\/uploads\/2022\/10\/lialo-Thumbnail-2-2-768x431.jpg 768w\" sizes=\"(max-width: 846px) 100vw, 846px\"><\/a><\/figure>\n\t\t<h4>Wenn du Fragen hast, melde dich gern bei uns<\/h4>\n\t\t<p>#gerneperdu<br><a href=\"mailto:hallo@lialo.com\">hallo@lialo.com<\/a><\/p>\n\t<\/div>\n","protected":false},"excerpt":{"rendered":"<p>T\u00fcbingen \u2013 Wo Geist auf Gassen trifft T\u00fcbingen ist jung und alt zugleich. Die 1477 gegr\u00fcndete Universit\u00e4t pr\u00e4gt bis heute den Rhythmus der Stadt. Doch abseits der Postkartenidylle der Neckarfront verbirgt sich in den verwinkelten Gassen zwischen Schloss und Tal eine Welt voller kurioser Geschichten: von feiernden Studenten, verzweifelten Dichtern und rebellischen B\u00fcrgermeistern. Hilfreiche Tipps [&hellip;]<\/p>\n","protected":false},"author":2,"featured_media":46550,"parent":40165,"menu_order":0,"comment_status":"closed","ping_status":"closed","template":"","meta":{"_acf_changed":false,"material-hide-sections":[],"footnotes":""},"class_list":["post-39686","page","type-page","status-publish","has-post-thumbnail","hentry"],"acf":[],"_links":{"self":[{"href":"https:\/\/www.lialo.blog\/de\/erlebnisse\/wp-json\/wp\/v2\/pages\/39686","targetHints":{"allow":["GET"]}}],"collection":[{"href":"https:\/\/www.lialo.blog\/de\/erlebnisse\/wp-json\/wp\/v2\/pages"}],"about":[{"href":"https:\/\/www.lialo.blog\/de\/erlebnisse\/wp-json\/wp\/v2\/types\/page"}],"author":[{"embeddable":true,"href":"https:\/\/www.lialo.blog\/de\/erlebnisse\/wp-json\/wp\/v2\/users\/2"}],"replies":[{"embeddable":true,"href":"https:\/\/www.lialo.blog\/de\/erlebnisse\/wp-json\/wp\/v2\/comments?post=39686"}],"version-history":[{"count":23,"href":"https:\/\/www.lialo.blog\/de\/erlebnisse\/wp-json\/wp\/v2\/pages\/39686\/revisions"}],"predecessor-version":[{"id":47714,"href":"https:\/\/www.lialo.blog\/de\/erlebnisse\/wp-json\/wp\/v2\/pages\/39686\/revisions\/47714"}],"up":[{"embeddable":true,"href":"https:\/\/www.lialo.blog\/de\/erlebnisse\/wp-json\/wp\/v2\/pages\/40165"}],"wp:featuredmedia":[{"embeddable":true,"href":"https:\/\/www.lialo.blog\/de\/erlebnisse\/wp-json\/wp\/v2\/media\/46550"}],"wp:attachment":[{"href":"https:\/\/www.lialo.blog\/de\/erlebnisse\/wp-json\/wp\/v2\/media?parent=39686"}],"curies":[{"name":"wp","href":"https:\/\/api.w.org\/{rel}","templated":true}]}}