{"id":39282,"date":"2023-03-10T15:26:09","date_gmt":"2023-03-10T14:26:09","guid":{"rendered":"https:\/\/www.lialo.blog\/blog\/?page_id=39282"},"modified":"2026-02-25T08:48:35","modified_gmt":"2026-02-25T15:48:35","slug":"solingen","status":"publish","type":"page","link":"https:\/\/www.lialo.blog\/de\/erlebnisse\/deutschland\/solingen\/","title":{"rendered":"Solingen entdecken: Sehensw\u00fcrdigkeiten, Geheimtipps &amp; Touren \ud83e\udded"},"content":{"rendered":"\n<h2 class=\"wp-block-heading\">Solingen \u2013 Klingen, Kunst und Fachwerkidylle<\/h2>\n\n\n\n<p>Weltweit ist Solingen als die \u201eKlingenstadt\u201c bekannt. Das Qualit\u00e4tssiegel \u201eMade in Solingen\u201c ist ber\u00fchmt, doch die Stadt im Bergischen Land bietet weit mehr als scharfe Messer. Zwischen Industriekultur und gr\u00fcner Natur verbirgt sich mit dem historischen Stadtteil <strong>Gr\u00e4frath<\/strong> ein echtes Juwel mit bergischem Schiefer, Kopfsteinpflaster und einer bewegten Geschichte, die bis ins Mittelalter reicht. Der historische Ortskern, die gute Gastronomie und die Museen machen den Stadtteil zu einem perfekten Ausflugsziel in NRW.<\/p>\n\n\n\n\t\t<style>\n\t\t\t.seo_cta {\n\t\t\t\ttext-align: center;\n\t\t\t\tmargin-top: 16px; \n\t\t\t}\n\t\t\t.wp-block-table .seo_cta {\n\t\t\t\tmargin-top: 0;\n\t\t\t}\n\t\t\t.seo_cta .button .mdc-button {\n\t\t\t\tbackground-color: #ffcf02;\n\t\t\t\theight: 48px;\n\t\t\t}\n\t\t<\/style>\n\t\n\t\t\t<div class=\"seo_cta\">\n\t\t\t\t<div class=\"button\">\n\t\t\t\t\t<div class=\"wp-block-material-button\"><a href=\"https:\/\/www.lialo.com\/de\/erlebnisse\/deutschland\/solingen\/stadtfuehrung\/\" class=\"mdc-button mdc-button--raised mdc-ripple-upgraded\"><i class=\"material-icons mdc-button__icon\">arrow_forward<\/i><div class=\"mdc-button__ripple\"><\/div><span class=\"mdc-button__label\">Auf eigene Faust entdecken!<\/span><\/a><\/div>\n\t\t\t\t<\/div>\n\t\t\t<\/div>\n\t\t\n\n\n<div class=\"tour_preview_images\">\n\t\t\t<style>\n\t\t\t\t.tour_preview_images {\n\t\t\t\t\tcontainer-type: inline-size;\n\t\t\t\t\tcontainer-name: gallery;\n\t\t\t\t}\n\t\t\t\t.tour_preview_images-grid {\n\t\t\t\t\tdisplay: flex;\n\t\t\t\t\tflex-wrap: wrap; \n\t\t\t\t\tgap: 1rem;\n\t\t\t\t\twidth: 100%;\n\t\t\t\t}\n\t\t\t\t.tour_preview_images-item {\n\t\t\t\t\twidth: 100%;\n\t\t\t\t\tflex-grow: 1;\n\t\t\t\t\taspect-ratio: 16 \/ 9; \n\t\t\t\t\toverflow: hidden;\n\t\t\t\t\tborder-radius: 4px;\n\t\t\t\t\tbackground-color: #ddd;\n\t\t\t\t}\n\t\t\t\t.tour_preview_images-item img {\n\t\t\t\t\twidth: 100%;\n\t\t\t\t\theight: 100%;\n\t\t\t\t\tobject-fit: cover;\n\t\t\t\t\tdisplay: block;\n\t\t\t\t\ttransition: transform 0.3s ease;\n\t\t\t\t}\n\t\t\t\t@container gallery (min-width: 300px) {\n\t\t\t\t\t.tour_preview_images-item {\n\t\t\t\t\t\twidth: calc((100% - 1rem) \/ 2);\n\t\t\t\t\t}\n\t\t\t\t}\n\t\t\t\t@container gallery (min-width: 600px) {\n\t\t\t\t\t.tour_preview_images-item {\n\t\t\t\t\t\twidth: calc((100% - 2rem) \/ 3);\n\t\t\t\t\t}\n\t\t\t\t}\n\t\t\t<\/style>\n\t\t<div class=\"tour_preview_images-grid\">\n\t\t\t    <div class=\"tour_preview_images-item\">\n                <img decoding=\"async\" \n                    src=\"https:\/\/images.lialo.com\/fbf72c97-9c4c-4a59-8c4f-a27cdb0bba96@w1024.webp\" \n                    srcset=\"\n                        https:\/\/images.lialo.com\/fbf72c97-9c4c-4a59-8c4f-a27cdb0bba96@w384.webp 384w,\n                        https:\/\/images.lialo.com\/fbf72c97-9c4c-4a59-8c4f-a27cdb0bba96@w854.webp 854w,\n                        https:\/\/images.lialo.com\/fbf72c97-9c4c-4a59-8c4f-a27cdb0bba96@w1024.webp 1024w\n                    \"\n                    sizes=\"(min-width: 840px) 840px, 100vw\"\n                    alt=\"Das idyllische Solingen-Gr\u00e4frath individueller Stadtrundgang\"\n\t\t\t\t\ttitle=\"\"\n                    loading=\"lazy\"\n                >\n            <\/div>\n\t\t\t\n\t\t\t    <div class=\"tour_preview_images-item\">\n                <img decoding=\"async\" \n                    src=\"https:\/\/images.lialo.com\/08fd4d9c-e96d-4d29-b78f-85f4a8dce426@w1024.webp\" \n                    srcset=\"\n                        https:\/\/images.lialo.com\/08fd4d9c-e96d-4d29-b78f-85f4a8dce426@w384.webp 384w,\n                        https:\/\/images.lialo.com\/08fd4d9c-e96d-4d29-b78f-85f4a8dce426@w854.webp 854w,\n                        https:\/\/images.lialo.com\/08fd4d9c-e96d-4d29-b78f-85f4a8dce426@w1024.webp 1024w\n                    \"\n                    sizes=\"(min-width: 840px) 840px, 100vw\"\n                    alt=\"Das idyllische Solingen-Gr\u00e4frath individueller Stadtrundgang\"\n\t\t\t\t\ttitle=\"\"\n                    loading=\"lazy\"\n                >\n            <\/div>\n\t\t\t\n\t\t\t    <div class=\"tour_preview_images-item\">\n                <img decoding=\"async\" \n                    src=\"https:\/\/images.lialo.com\/acd5cd39-35c9-42a1-b499-54a4c1c1deef@w1024.webp\" \n                    srcset=\"\n                        https:\/\/images.lialo.com\/acd5cd39-35c9-42a1-b499-54a4c1c1deef@w384.webp 384w,\n                        https:\/\/images.lialo.com\/acd5cd39-35c9-42a1-b499-54a4c1c1deef@w854.webp 854w,\n                        https:\/\/images.lialo.com\/acd5cd39-35c9-42a1-b499-54a4c1c1deef@w1024.webp 1024w\n                    \"\n                    sizes=\"(min-width: 840px) 840px, 100vw\"\n                    alt=\"Das idyllische Solingen-Gr\u00e4frath individueller Stadtrundgang\"\n\t\t\t\t\ttitle=\"Klingenmuseum\"\n                    loading=\"lazy\"\n                >\n            <\/div>\n\t\t\t\n\t\t\t    <div class=\"tour_preview_images-item\">\n                <img decoding=\"async\" \n                    src=\"https:\/\/images.lialo.com\/93b643f9-0f80-4446-a312-d56ff7f4752c@w1024.webp\" \n                    srcset=\"\n                        https:\/\/images.lialo.com\/93b643f9-0f80-4446-a312-d56ff7f4752c@w384.webp 384w,\n                        https:\/\/images.lialo.com\/93b643f9-0f80-4446-a312-d56ff7f4752c@w854.webp 854w,\n                        https:\/\/images.lialo.com\/93b643f9-0f80-4446-a312-d56ff7f4752c@w1024.webp 1024w\n                    \"\n                    sizes=\"(min-width: 840px) 840px, 100vw\"\n                    alt=\"Das idyllische Solingen-Gr\u00e4frath individueller Stadtrundgang\"\n\t\t\t\t\ttitle=\"Kunstmuseum\"\n                    loading=\"lazy\"\n                >\n            <\/div>\n\t\t\t<\/div><\/div>\n\n\n\n<h3 class=\"wp-block-heading\">Hilfreiche Tipps f\u00fcr die Stadt<\/h3>\n\n\n\n<div class=\"wp-block-faq-block-for-gutenberg-faq\" style=\"background:#f6f7f7\"><div class=\"question\" style=\"background:none;color:#000\"><h4 style=\"color:#000\">Was sind die wichtigsten Sehensw\u00fcrdigkeiten in Solingen?<\/h4><\/div><div class=\"answer\" style=\"background:none;color:#000\">Neben dem historischen Stadtkern von Gr\u00e4frath mit seiner idyllischen Altstadt sind Schloss Burg und die M\u00fcngstener Br\u00fccke \u2013 die h\u00f6chste Eisenbahnbr\u00fccke Deutschlands \u2013 absolute Highlights. Kulturinteressierte sollten das Deutsche Klingenmuseum Solingen besuchen, das die gr\u00f6\u00dfte Bestecksammlung der Welt zeigt. <\/div><\/div>\n\n\n\n<div class=\"wp-block-faq-block-for-gutenberg-faq\" style=\"background:#f6f7f7\"><div class=\"question\" style=\"background:none;color:#000\"><h4 style=\"color:#000\">Wie bewegt man sich in Solingen besonders fort?<\/h4><\/div><div class=\"answer\" style=\"background:none;color:#000\">Solingen ist die Stadt des \u201eStangentaxis\u201c!  Gemeint ist der Oberleitungsbus (Obus). Solingen verf\u00fcgt mit fast 100 Kilometern \u00fcber das l\u00e4ngste Obus-Netz Deutschlands. <\/div><\/div>\n\n\n\n<div class=\"wp-block-faq-block-for-gutenberg-faq\" style=\"background:#f6f7f7\"><div class=\"question\" style=\"background:none;color:#000\"><h4 style=\"color:#000\">Lohnt sich Solingen f\u00fcr einen Tagesausflug?<\/h4><\/div><div class=\"answer\" style=\"background:none;color:#000\">Absolut. Solingen bietet eine seltene Mischung: Du kannst im historische Gr\u00e4frath in die Zeit des Biedermeier eintauchen, auf der \u201eKorkenziehertrasse\u201c (einer alten Bahntrasse) Rad fahren oder im Factory-Outlet Markenprodukte wie Zwilling oder Haribo shoppen.<\/div><\/div>\n\n\n\n<div class=\"wp-block-faq-block-for-gutenberg-faq\" style=\"background:#f6f7f7\"><div class=\"question\" style=\"background:none;color:#000\"><h4 style=\"color:#000\">Was isst man in Solingen?<\/h4><\/div><div class=\"answer\" style=\"background:none;color:#000\">Die Kottenwurst gilt als eine typisch Solinger Spezialit\u00e4t. Die Kottenwurst ist eine Art Mettwurst aus Schweinefleisch. Ihren Namen erhielt die Wurst von den Arbeitern der Eisenindustrie, den so genannten Kotten.<\/div><\/div>\n\n\n\n<div class=\"wp-block-faq-block-for-gutenberg-faq\" style=\"background:#f6f7f7\"><div class=\"question\" style=\"background:none;color:#000\"><h4 style=\"color:#000\">Warum hei\u00dft Solingen auch &#8222;Klingenstadt&#8220;?<\/h4><\/div><div class=\"answer\" style=\"background:none;color:#000\">Solingen ist als Zentrum der deutschen Schneidwarenindustrie vor allem f\u00fcr seine qualitativ hochwertigen Klingen bekannt. Bereits seit dem 13. Jahrhundert wurden hier Klingen f\u00fcr Schwerter, Messer und Scheren hergestellt. Mittlerweile ist Solingen weltweit f\u00fchrend in der Klingenherstellung. Noch heute sind \u00fcber 90 % der deutschen Besteckbranche hier ans\u00e4ssig. Um mehr dar\u00fcber zu erfahren, lohnt sich ein Besuch im Deutschen Klingenmuseum Solingen, das die gr\u00f6\u00dfte Bestecksammlung der Welt zeigt.<\/div><\/div>\n\n\n\n\t\t<style>\n\t\t\t.seo_cta {\n\t\t\t\ttext-align: center;\n\t\t\t\tmargin-top: 16px; \n\t\t\t}\n\t\t\t.wp-block-table .seo_cta {\n\t\t\t\tmargin-top: 0;\n\t\t\t}\n\t\t\t.seo_cta .button .mdc-button {\n\t\t\t\tbackground-color: #ffcf02;\n\t\t\t\theight: 48px;\n\t\t\t}\n\t\t<\/style>\n\t\n\t\t\t<div class=\"seo_cta\">\n\t\t\t\t<div class=\"button\">\n\t\t\t\t\t<div class=\"wp-block-material-button\"><a href=\"https:\/\/www.lialo.com\/de\/erlebnisse\/deutschland\/solingen\/stadtfuehrung\/\" class=\"mdc-button mdc-button--raised mdc-ripple-upgraded\"><i class=\"material-icons mdc-button__icon\">arrow_forward<\/i><div class=\"mdc-button__ripple\"><\/div><span class=\"mdc-button__label\">Auf eigene Faust entdecken!<\/span><\/a><\/div>\n\t\t\t\t<\/div>\n\t\t\t<\/div>\n\t\t\n\n\n\n<h3 class=\"wp-block-heading\">Solingen Gr\u00e4frath Sehensw\u00fcrdigkeiten: Viele Details, die \u00fcberraschen<\/h3>\n\n\n\n<p>Das Herz von Gr\u00e4frath schl\u00e4gt rund um den Marktplatz, der zu den sch\u00f6nsten in ganz Nordrhein-Westfalen z\u00e4hlt. Doch wer genau hinschaut, entdeckt kurioses und geheimnisvolles hinter den schieferverkleideten Fassaden:<\/p>\n\n\n\n<p>\ud83e\uddd0 <strong>Post mit Promille?<\/strong> Erfahre, warum ein Geb\u00e4ude den kuriosen Namen \u201eFlaschenbierpostamt\u201c tr\u00e4gt und was die Postboten dort \u2013 angeblich nur nach Dienstschluss \u2013 am liebsten machten.<\/p>\n\n\n\n<p>\ud83e\uddd0 <strong>Rettung auf Stufe 1:<\/strong> Die Kirchtreppe war fr\u00fcher mehr als ein Aufstieg. Entdecke, warum Verfolgte hier schon nach wenigen Schritten pl\u00f6tzlich vor der Polizei sicher waren.<\/p>\n\n\n\n<p>\ud83e\uddd0 <strong>Edward mit den Scherenh\u00e4nden:<\/strong> Vor dem Klingenmuseum tanzt eine riesige Schere auf einem Bein. Das Kunstwerk erinnert viele Besucher an den ber\u00fchmten Filmklassiker \u2013 ein perfekter Ort f\u00fcr ein lustiges Selfie.<\/p>\n\n\n\n<p><strong>Und viele mehr:<\/strong><\/p>\n\n\n\n\t\t<style>\n\t\t\t.seo_cta {\n\t\t\t\ttext-align: center;\n\t\t\t\tmargin-top: 16px; \n\t\t\t}\n\t\t\t.wp-block-table .seo_cta {\n\t\t\t\tmargin-top: 0;\n\t\t\t}\n\t\t\t.seo_cta .button .mdc-button {\n\t\t\t\tbackground-color: #ffcf02;\n\t\t\t\theight: 48px;\n\t\t\t}\n\t\t<\/style>\n\t\n\t\t\t<div class=\"seo_cta\">\n\t\t\t\t<div class=\"button\">\n\t\t\t\t\t<div class=\"wp-block-material-button\"><a href=\"https:\/\/www.lialo.com\/de\/erlebnisse\/deutschland\/solingen\/stadtfuehrung\/\" class=\"mdc-button mdc-button--raised mdc-ripple-upgraded\"><i class=\"material-icons mdc-button__icon\">arrow_forward<\/i><div class=\"mdc-button__ripple\"><\/div><span class=\"mdc-button__label\">Auf eigene Faust entdecken!<\/span><\/a><\/div>\n\t\t\t\t<\/div>\n\t\t\t<\/div>\n\t\t\n\n\n\n<h3 class=\"wp-block-heading\">\ud83d\udcdc Die Legende der heiligen Reliquie<\/h3>\n\n\n\n<p>Gr\u00e4frath war einst ein bedeutender Wallfahrtsort, und das verdankt der Ort einer wundersamen Geschichte aus dem 14. Jahrhundert. Ein Ritter wollte seiner Schwester, einer Klosterfrau, einen Knochensplitter der heiligen Katharina aus dem Heiligen Land mitbringen. Als sein Schiff in Seenot geriet, opferte er das K\u00e4stchen dem Meer, um sich zu retten. Zuhause angekommen, musste er den Verlust beichten \u2013 doch das K\u00e4stchen war auf wundersame Weise bereits von einem Unbekannten seiner Schwester \u00fcberbracht worden. Aus dem Knochensplitter soll sp\u00e4ter \u00d6l, Honig oder Wein geflossen sein.<\/p>\n\n\n\n<h3 class=\"wp-block-heading\">\ud83d\ude0b Genuss f\u00fcr Entdecker<\/h3>\n\n\n\n<p>Nach dem Spaziergang \u00fcber das historische Kopfsteinpflaster laden gem\u00fctliche Caf\u00e9s und Restaurants am Marktplatz ein.<\/p>\n\n\n\n<p><strong>Deftig:<\/strong> Ein Klassiker der Region ist das <em>\u201eSolinger Zwiebelfleisch\u201c<\/em>, ein Gericht aus Rindfleisch und Zwiebeln.<\/p>\n\n\n\n<p><strong>Scharfes Werkzeug:<\/strong> In der K\u00fcche darf ein echtes <em>\u201eZ\u00f6ppken\u201c<\/em> nicht fehlen. So nennen die Solinger ihre kleinen K\u00fcchenmesser zum Sch\u00e4len von Kartoffeln oder Obst.<\/p>\n\n\n\n<h3 class=\"wp-block-heading\">\ud83d\udca1 Wusstest du schon?<\/h3>\n\n\n\n<p>Schon im sp\u00e4ten Mittelalter war Solingen eine globale Marke. Schwerter trugen die lateinische Inschrift <em>\u201eMe fecit Solingen\u201c<\/em> (\u201eIch wurde in Solingen gemacht\u201c). Diese Klingen waren bei europ\u00e4ischen F\u00fcrsten hei\u00df begehrt und galten f\u00fcr Krieger als eine Art Lebensversicherung.<\/p>\n\n\n\n\t\t<style>\n\t\t\t.seo_cta {\n\t\t\t\ttext-align: center;\n\t\t\t\tmargin-top: 16px; \n\t\t\t}\n\t\t\t.wp-block-table .seo_cta {\n\t\t\t\tmargin-top: 0;\n\t\t\t}\n\t\t\t.seo_cta .button .mdc-button {\n\t\t\t\tbackground-color: #ffcf02;\n\t\t\t\theight: 48px;\n\t\t\t}\n\t\t<\/style>\n\t\n\t\t\t<div class=\"seo_cta\">\n\t\t\t\t<div class=\"button\">\n\t\t\t\t\t<div class=\"wp-block-material-button\"><a href=\"https:\/\/www.lialo.com\/de\/erlebnisse\/deutschland\/solingen\/stadtfuehrung\/\" class=\"mdc-button mdc-button--raised mdc-ripple-upgraded\"><i class=\"material-icons mdc-button__icon\">arrow_forward<\/i><div class=\"mdc-button__ripple\"><\/div><span class=\"mdc-button__label\">Auf eigene Faust entdecken!<\/span><\/a><\/div>\n\t\t\t\t<\/div>\n\t\t\t<\/div>\n\t\t\n\n\n<div class=\"seo_bottom\">\n\t\t<h3>Was ist lialo?<\/h3>\n\t\t<p><b>lialo<\/b> (Abk\u00fcrzung f\u00fcr <b>Li<\/b>ke<b> a<\/b> <b>Lo<\/b>cal) macht dein Smartphone zum pers\u00f6nlichen Stadtf\u00fchrer. Die digitalen Touren sind jederzeit verf\u00fcgbar, flexibel im Ablauf und bieten dir ein individuelles Erlebnis.<\/p>\n\t\t<p>Entdecke die Stadt authentisch \u2013 fast so, als w\u00fcrde sie dir ein guter Freund oder eine gute Freundin zeigen. Die Autor*innen erstellen ihre Touren mit \u2665\ufe0f vor Ort und teilen ihr Wissen, pers\u00f6nliche Anekdoten und echte Geheimtipps mit dir.<\/p>\n\t\t<figure class=\"wp-block-image size-full\"><a href=\"https:\/\/www.youtube.com\/watch?v=GbhiNKrMV3E\" target=\"_blank\" rel=\"noopener\"><img decoding=\"async\" width=\"846\" height=\"475\" src=\"https:\/\/www.lialo.blog\/de\/erlebnisse\/wp-content\/uploads\/2022\/10\/lialo-Thumbnail-2-2.jpg\" alt=\"\" class=\"wp-image-36441\" srcset=\"https:\/\/www.lialo.blog\/de\/erlebnisse\/wp-content\/uploads\/2022\/10\/lialo-Thumbnail-2-2.jpg 846w, https:\/\/www.lialo.blog\/de\/erlebnisse\/wp-content\/uploads\/2022\/10\/lialo-Thumbnail-2-2-300x168.jpg 300w, https:\/\/www.lialo.blog\/de\/erlebnisse\/wp-content\/uploads\/2022\/10\/lialo-Thumbnail-2-2-768x431.jpg 768w\" sizes=\"(max-width: 846px) 100vw, 846px\"><\/a><\/figure>\n\t\t<h4>Wenn du Fragen hast, melde dich gern bei uns<\/h4>\n\t\t<p>#gerneperdu<br><a href=\"mailto:hallo@lialo.com\">hallo@lialo.com<\/a><\/p>\n\t<\/div>\n","protected":false},"excerpt":{"rendered":"<p>Solingen \u2013 Klingen, Kunst und Fachwerkidylle Weltweit ist Solingen als die \u201eKlingenstadt\u201c bekannt. Das Qualit\u00e4tssiegel \u201eMade in Solingen\u201c ist ber\u00fchmt, doch die Stadt im Bergischen Land bietet weit mehr als scharfe Messer. Zwischen Industriekultur und gr\u00fcner Natur verbirgt sich mit dem historischen Stadtteil Gr\u00e4frath ein echtes Juwel mit bergischem Schiefer, Kopfsteinpflaster und einer bewegten Geschichte, [&hellip;]<\/p>\n","protected":false},"author":2,"featured_media":46551,"parent":40165,"menu_order":0,"comment_status":"closed","ping_status":"closed","template":"","meta":{"_acf_changed":false,"material-hide-sections":[],"footnotes":""},"class_list":["post-39282","page","type-page","status-publish","has-post-thumbnail","hentry"],"acf":[],"_links":{"self":[{"href":"https:\/\/www.lialo.blog\/de\/erlebnisse\/wp-json\/wp\/v2\/pages\/39282","targetHints":{"allow":["GET"]}}],"collection":[{"href":"https:\/\/www.lialo.blog\/de\/erlebnisse\/wp-json\/wp\/v2\/pages"}],"about":[{"href":"https:\/\/www.lialo.blog\/de\/erlebnisse\/wp-json\/wp\/v2\/types\/page"}],"author":[{"embeddable":true,"href":"https:\/\/www.lialo.blog\/de\/erlebnisse\/wp-json\/wp\/v2\/users\/2"}],"replies":[{"embeddable":true,"href":"https:\/\/www.lialo.blog\/de\/erlebnisse\/wp-json\/wp\/v2\/comments?post=39282"}],"version-history":[{"count":29,"href":"https:\/\/www.lialo.blog\/de\/erlebnisse\/wp-json\/wp\/v2\/pages\/39282\/revisions"}],"predecessor-version":[{"id":47713,"href":"https:\/\/www.lialo.blog\/de\/erlebnisse\/wp-json\/wp\/v2\/pages\/39282\/revisions\/47713"}],"up":[{"embeddable":true,"href":"https:\/\/www.lialo.blog\/de\/erlebnisse\/wp-json\/wp\/v2\/pages\/40165"}],"wp:featuredmedia":[{"embeddable":true,"href":"https:\/\/www.lialo.blog\/de\/erlebnisse\/wp-json\/wp\/v2\/media\/46551"}],"wp:attachment":[{"href":"https:\/\/www.lialo.blog\/de\/erlebnisse\/wp-json\/wp\/v2\/media?parent=39282"}],"curies":[{"name":"wp","href":"https:\/\/api.w.org\/{rel}","templated":true}]}}