{"id":38795,"date":"2023-02-13T16:31:16","date_gmt":"2023-02-13T15:31:16","guid":{"rendered":"https:\/\/www.lialo.blog\/blog\/?page_id=38795"},"modified":"2026-02-25T08:48:35","modified_gmt":"2026-02-25T15:48:35","slug":"ratingen","status":"publish","type":"page","link":"https:\/\/www.lialo.blog\/de\/erlebnisse\/deutschland\/ratingen\/","title":{"rendered":"Ratingen entdecken: Sehensw\u00fcrdigkeiten, Geheimtipps &amp; Touren \ud83d\udc4d"},"content":{"rendered":"\n<h2 class=\"wp-block-heading has-text-align-left\">Ratingen \u2013 Historischer Charme im Herzen Nordrhein-Westfalens<\/h2>\n\n\n\n<p><span data-path-to-node=\"3,1\"><span class=\"citation-80\">Im Westen des Ruhrgebiets und in direkter Nachbarschaft zu D\u00fcsseldorf gelegen, bietet Ratingen die perfekte Mischung aus zentraler Lage und idyllischer Ruhe. Doch die Stadt im Kreis Mettmann hat mehr zu bieten als nur eine malerische Landschaft \u2013 sie steckt voller kleiner Geheimnisse.<\/span><\/span><\/p>\n\n\n\n\t\t<style>\n\t\t\t.seo_cta {\n\t\t\t\ttext-align: center;\n\t\t\t\tmargin-top: 16px; \n\t\t\t}\n\t\t\t.wp-block-table .seo_cta {\n\t\t\t\tmargin-top: 0;\n\t\t\t}\n\t\t\t.seo_cta .button .mdc-button {\n\t\t\t\tbackground-color: #ffcf02;\n\t\t\t\theight: 48px;\n\t\t\t}\n\t\t<\/style>\n\t\n\t\t\t<div class=\"seo_cta\">\n\t\t\t\t<div class=\"button\">\n\t\t\t\t\t<div class=\"wp-block-material-button\"><a href=\"https:\/\/www.lialo.com\/de\/erlebnisse\/deutschland\/ratingen\/stadtfuehrung\/\" class=\"mdc-button mdc-button--raised mdc-ripple-upgraded\"><i class=\"material-icons mdc-button__icon\">arrow_forward<\/i><div class=\"mdc-button__ripple\"><\/div><span class=\"mdc-button__label\">Auf eigene Faust entdecken!<\/span><\/a><\/div>\n\t\t\t\t<\/div>\n\t\t\t<\/div>\n\t\t\n\n\n<div class=\"tour_preview_images\">\n\t\t\t<style>\n\t\t\t\t.tour_preview_images {\n\t\t\t\t\tcontainer-type: inline-size;\n\t\t\t\t\tcontainer-name: gallery;\n\t\t\t\t}\n\t\t\t\t.tour_preview_images-grid {\n\t\t\t\t\tdisplay: flex;\n\t\t\t\t\tflex-wrap: wrap; \n\t\t\t\t\tgap: 1rem;\n\t\t\t\t\twidth: 100%;\n\t\t\t\t}\n\t\t\t\t.tour_preview_images-item {\n\t\t\t\t\twidth: 100%;\n\t\t\t\t\tflex-grow: 1;\n\t\t\t\t\taspect-ratio: 16 \/ 9; \n\t\t\t\t\toverflow: hidden;\n\t\t\t\t\tborder-radius: 4px;\n\t\t\t\t\tbackground-color: #ddd;\n\t\t\t\t}\n\t\t\t\t.tour_preview_images-item img {\n\t\t\t\t\twidth: 100%;\n\t\t\t\t\theight: 100%;\n\t\t\t\t\tobject-fit: cover;\n\t\t\t\t\tdisplay: block;\n\t\t\t\t\ttransition: transform 0.3s ease;\n\t\t\t\t}\n\t\t\t\t@container gallery (min-width: 300px) {\n\t\t\t\t\t.tour_preview_images-item {\n\t\t\t\t\t\twidth: calc((100% - 1rem) \/ 2);\n\t\t\t\t\t}\n\t\t\t\t}\n\t\t\t\t@container gallery (min-width: 600px) {\n\t\t\t\t\t.tour_preview_images-item {\n\t\t\t\t\t\twidth: calc((100% - 2rem) \/ 3);\n\t\t\t\t\t}\n\t\t\t\t}\n\t\t\t<\/style>\n\t\t<div class=\"tour_preview_images-grid\">\n\t\t\t    <div class=\"tour_preview_images-item\">\n                <img decoding=\"async\" \n                    src=\"https:\/\/images.lialo.com\/dd57d609-4201-4cfc-97bd-0b0b87850d39@w1024.webp\" \n                    srcset=\"\n                        https:\/\/images.lialo.com\/dd57d609-4201-4cfc-97bd-0b0b87850d39@w384.webp 384w,\n                        https:\/\/images.lialo.com\/dd57d609-4201-4cfc-97bd-0b0b87850d39@w854.webp 854w,\n                        https:\/\/images.lialo.com\/dd57d609-4201-4cfc-97bd-0b0b87850d39@w1024.webp 1024w\n                    \"\n                    sizes=\"(min-width: 840px) 840px, 100vw\"\n                    alt=\"F\u00fchrung durch die historische Altstadt Ratingen individueller Stadtrundgang\"\n\t\t\t\t\ttitle=\"Suitbertus Stuben\"\n                    loading=\"lazy\"\n                >\n            <\/div>\n\t\t\t\n\t\t\t    <div class=\"tour_preview_images-item\">\n                <img decoding=\"async\" \n                    src=\"https:\/\/images.lialo.com\/d7c6ca0d-ca39-44a4-9914-d35056b72d61@w1024.webp\" \n                    srcset=\"\n                        https:\/\/images.lialo.com\/d7c6ca0d-ca39-44a4-9914-d35056b72d61@w384.webp 384w,\n                        https:\/\/images.lialo.com\/d7c6ca0d-ca39-44a4-9914-d35056b72d61@w854.webp 854w,\n                        https:\/\/images.lialo.com\/d7c6ca0d-ca39-44a4-9914-d35056b72d61@w1024.webp 1024w\n                    \"\n                    sizes=\"(min-width: 840px) 840px, 100vw\"\n                    alt=\"F\u00fchrung durch die historische Altstadt Ratingen individueller Stadtrundgang\"\n\t\t\t\t\ttitle=\"L\u00f6wenbrunnen am Marktplatz\"\n                    loading=\"lazy\"\n                >\n            <\/div>\n\t\t\t\n\t\t\t    <div class=\"tour_preview_images-item\">\n                <img decoding=\"async\" \n                    src=\"https:\/\/images.lialo.com\/6e5b2f88-8c67-400a-94af-db541b7175af@w1024.webp\" \n                    srcset=\"\n                        https:\/\/images.lialo.com\/6e5b2f88-8c67-400a-94af-db541b7175af@w384.webp 384w,\n                        https:\/\/images.lialo.com\/6e5b2f88-8c67-400a-94af-db541b7175af@w854.webp 854w,\n                        https:\/\/images.lialo.com\/6e5b2f88-8c67-400a-94af-db541b7175af@w1024.webp 1024w\n                    \"\n                    sizes=\"(min-width: 840px) 840px, 100vw\"\n                    alt=\"F\u00fchrung durch die historische Altstadt Ratingen individueller Stadtrundgang\"\n\t\t\t\t\ttitle=\"\u00a9 Anja K\u00fchner\"\n                    loading=\"lazy\"\n                >\n            <\/div>\n\t\t\t\n\t\t\t    <div class=\"tour_preview_images-item\">\n                <img decoding=\"async\" \n                    src=\"https:\/\/images.lialo.com\/1ca30909-fe4b-4031-885e-2093d9cb2f54@w1024.webp\" \n                    srcset=\"\n                        https:\/\/images.lialo.com\/1ca30909-fe4b-4031-885e-2093d9cb2f54@w384.webp 384w,\n                        https:\/\/images.lialo.com\/1ca30909-fe4b-4031-885e-2093d9cb2f54@w854.webp 854w,\n                        https:\/\/images.lialo.com\/1ca30909-fe4b-4031-885e-2093d9cb2f54@w1024.webp 1024w\n                    \"\n                    sizes=\"(min-width: 840px) 840px, 100vw\"\n                    alt=\"F\u00fchrung durch die historische Altstadt Ratingen individueller Stadtrundgang\"\n\t\t\t\t\ttitle=\"Spielzeugmuseum im Trinsenturm\"\n                    loading=\"lazy\"\n                >\n            <\/div>\n\t\t\t<\/div><\/div>\n\n\n\n<h3 class=\"wp-block-heading\">Hilfreiche Tipps f\u00fcr die Stadt<\/h3>\n\n\n\n<div class=\"wp-block-faq-block-for-gutenberg-faq\" style=\"background:#f6f7f7\"><div class=\"question\" style=\"background:none;color:#000\"><h4 style=\"color:#000\">Was sind die wichtigsten Sehensw\u00fcrdigkeiten in Ratingen?<\/h4><\/div><div class=\"answer\" style=\"background:none;color:#000\">Das Herzst\u00fcck ist der historische Marktplatz, der bereits seit dem Mittelalter besteht. Von dort aus solltest du unbedingt die Kirche St. Peter und Paul besuchen, deren Fundamente bis ins 8. Jahrhundert reichen. Ein weiteres Highlight sind die Reste der Stadtbefestigung: Drei Wehrt\u00fcrme (Kornsturm, Dicker Turm und Trinsenturm) sowie Teile der Stadtmauer sind noch sehr gut erhalten. Auch die Wasserburg \u201eHaus zum Haus\u201c ist ein beliebtes Ziel.<\/div><\/div>\n\n\n\n<div class=\"wp-block-faq-block-for-gutenberg-faq\" style=\"background:#f6f7f7\"><div class=\"question\" style=\"background:none;color:#000\"><h4 style=\"color:#000\">Welche kulinarischen Spezialit\u00e4ten gibt es in Ratingen?<\/h4><\/div><div class=\"answer\" style=\"background:none;color:#000\">Wer es deftig mag, sollte den \u201eBergischen Pillekuchen\u201c probieren \u2013 einen gro\u00dfen Kartoffelpuffer, der oft im \u201eSchl\u00fcssel am Marktplatz\u201c serviert wird. F\u00fcr den kleinen Hunger gibt es die \u201eRatinger D\u00e4umlinge\u201c, kleine Mettw\u00fcrstchen, die an die Dumeklemmer-Sage erinnern. Geschichtsinteressierte entdecken in der Gr\u00fctstra\u00dfe Hinweise auf das alte \u201eGr\u00fctbier\u201c, das fr\u00fcher ohne Hopfen, daf\u00fcr mit Kr\u00e4utern wie Gagelstrauch gebraut wurde.<\/div><\/div>\n\n\n\n<div class=\"wp-block-faq-block-for-gutenberg-faq\" style=\"background:#f6f7f7\"><div class=\"question\" style=\"background:none;color:#000\"><h4 style=\"color:#000\">Wie komme ich am besten von D\u00fcsseldorf nach Ratingen?<\/h4><\/div><div class=\"answer\" style=\"background:none;color:#000\">Ratingen liegt direkt nord\u00f6stlich von D\u00fcsseldorf und ist sehr gut angebunden. Die Stadtbahnlinie U72 (fr\u00fcher Linie 12) verbindet beide St\u00e4dte direkt und endet an der Haltestelle \u201eRatingen Mitte\u201c. Schon 1897 feierten die Ratinger diese Stra\u00dfenbahnverbindung, die sie schnell in die Metropole oder ins Gr\u00fcne brachte.<\/div><\/div>\n\n\n\n<div class=\"wp-block-faq-block-for-gutenberg-faq\" style=\"background:#f6f7f7\"><div class=\"question\" style=\"background:none;color:#000\"><h4 style=\"color:#000\">Lohnt sich Ratingen f\u00fcr einen Tagesausflug?<\/h4><\/div><div class=\"answer\" style=\"background:none;color:#000\">Absolut. Ratingen gilt als das \u201egr\u00fcne Tor\u201c zum Bergischen Land und bietet eine Mischung aus historischer Altstadt und Natur, wie dem Angerbachtal. Da Ratingen seine Stadtrechte sogar schon 12 Jahre l\u00e4nger besitzt als D\u00fcsseldorf, gibt es hier viel Geschichte auf kompaktem Raum zu entdecken.<\/div><\/div>\n\n\n\n<div class=\"wp-block-faq-block-for-gutenberg-faq\" style=\"background:#f6f7f7\"><div class=\"question\" style=\"background:none;color:#000\"><h4 style=\"color:#000\">Geh\u00f6rt Ratingen zu D\u00fcsseldorf?<\/h4><\/div><div class=\"answer\" style=\"background:none;color:#000\">Ratingen erhielt bereits im Jahr 1276, und damit 12 Jahre fr\u00fcher als seine gro\u00dfe Nachbarstadt D\u00fcsseldorf, die Stadtrechte. Ratingen ist eine kreisangeh\u00f6rige Stadt und die gr\u00f6\u00dfte Stadt des Kreises Mettmann.<\/div><\/div>\n\n\n\n<div class=\"wp-block-faq-block-for-gutenberg-faq\" style=\"background:#f6f7f7\"><div class=\"question\" style=\"background:none;color:#000\"><h4 style=\"color:#000\">Wo liegt Ratingen?<\/h4><\/div><div class=\"answer\" style=\"background:none;color:#000\">Ratingen liegt im nordrhein-westf\u00e4lischen Kreis Mettmann. Im \u00dcbergangsbereich zwischen Niederrheinischem Tiefland und Niederbergischen Land liegt Ratingen in zentraler Lage der Metropolregion Rhein-Ruhr nord\u00f6stlich von D\u00fcsseldorf.<\/div><\/div>\n\n\n\n\t\t<style>\n\t\t\t.seo_cta {\n\t\t\t\ttext-align: center;\n\t\t\t\tmargin-top: 16px; \n\t\t\t}\n\t\t\t.wp-block-table .seo_cta {\n\t\t\t\tmargin-top: 0;\n\t\t\t}\n\t\t\t.seo_cta .button .mdc-button {\n\t\t\t\tbackground-color: #ffcf02;\n\t\t\t\theight: 48px;\n\t\t\t}\n\t\t<\/style>\n\t\n\t\t\t<div class=\"seo_cta\">\n\t\t\t\t<div class=\"button\">\n\t\t\t\t\t<div class=\"wp-block-material-button\"><a href=\"https:\/\/www.lialo.com\/de\/erlebnisse\/deutschland\/ratingen\/stadtfuehrung\/\" class=\"mdc-button mdc-button--raised mdc-ripple-upgraded\"><i class=\"material-icons mdc-button__icon\">arrow_forward<\/i><div class=\"mdc-button__ripple\"><\/div><span class=\"mdc-button__label\">Auf eigene Faust entdecken!<\/span><\/a><\/div>\n\t\t\t\t<\/div>\n\t\t\t<\/div>\n\t\t\n\n\n\n<h3 class=\"wp-block-heading\">Ratingen Sehensw\u00fcrdigkeiten: Viele Details, die \u00fcberraschen<\/h3>\n\n\n\n<p>Das Herz der Stadt schl\u00e4gt auf dem Marktplatz, wo schon seit 1371 Waren gehandelt werden. Doch wer genau hinschaut, entdeckt mehr als nur die bekannten Klassiker wie die Wasserburg \u201eHaus zum Haus\u201c oder die Reste der Stadtmauer:<\/p>\n\n\n\n<p>\ud83e\uddd0 <strong>Ein L\u00f6we mit dunkler Vergangenheit:<\/strong> Auf dem Marktplatz steht stolz der L\u00f6wenbrunnen. Er h\u00e4lt ein Rad in den Tatzen \u2013 doch das ist kein Wagenrad. Finde heraus, welche d\u00fcstere Warnung aus dem Mittelalter sich dahinter verbirgt.<\/p>\n\n\n\n<p>\ud83e\uddd0 <strong>Heute Spielzeugmuseum:<\/strong> Der Trinsenturm an der Stadtmauer beherbergt heute ein Spielzeugmuseum. Kaum zu glauben, wer hier im 17. Jahrhundert wohnte \u2013 es war eine Person, der man damals lieber nicht begegnen wollte.<\/p>\n\n\n\n<p>\ud83e\uddd0 <strong>Verspielter Wehrturm:<\/strong> Einer der alten Wacht\u00fcrme dient heute einem ganz anderen, \u00fcberraschend \u201ekindlichen\u201c Zweck.<\/p>\n\n\n\n<p>\ud83e\uddd0 <strong>St. Peter und Paul:<\/strong> Die Fundamente dieser Kirche reichen bis ins 8. Jahrhundert zur\u00fcck!<\/p>\n\n\n\n<p>\ud83e\uddd0 <strong>Ein R\u00e4tsel im Boden:<\/strong> Mitten in der Stadt versteckt sich ein \u201eMagisches Quadrat\u201c. Kannst du das Zahlenr\u00e4tsel von Albrecht D\u00fcrer im Pflaster entdecken?<\/p>\n\n\n\n<p><strong>Und viele mehr:<\/strong><\/p>\n\n\n\n\t\t<style>\n\t\t\t.seo_cta {\n\t\t\t\ttext-align: center;\n\t\t\t\tmargin-top: 16px; \n\t\t\t}\n\t\t\t.wp-block-table .seo_cta {\n\t\t\t\tmargin-top: 0;\n\t\t\t}\n\t\t\t.seo_cta .button .mdc-button {\n\t\t\t\tbackground-color: #ffcf02;\n\t\t\t\theight: 48px;\n\t\t\t}\n\t\t<\/style>\n\t\n\t\t\t<div class=\"seo_cta\">\n\t\t\t\t<div class=\"button\">\n\t\t\t\t\t<div class=\"wp-block-material-button\"><a href=\"https:\/\/www.lialo.com\/de\/erlebnisse\/deutschland\/ratingen\/stadtfuehrung\/\" class=\"mdc-button mdc-button--raised mdc-ripple-upgraded\"><i class=\"material-icons mdc-button__icon\">arrow_forward<\/i><div class=\"mdc-button__ripple\"><\/div><span class=\"mdc-button__label\">Auf eigene Faust entdecken!<\/span><\/a><\/div>\n\t\t\t\t<\/div>\n\t\t\t<\/div>\n\t\t\n\n\n\n<h3 class=\"wp-block-heading\">\ud83d\udcdc Die Sage der \u201eDumeklemmer\u201c<\/h3>\n\n\n\n<p>Warum werden die Ratinger eigentlich \u201eDumeklemmer\u201c (Daumenklemmer) genannt? Die Legende erz\u00e4hlt von einem Missionar, einem Stadttor und einem schmerzhaften Fluch, der alle Ratinger Kinder betraf. Das <strong>Dumeklemmer-Denkmal<\/strong> in der Innenstadt erinnert daran \u2013 doch auf unserer Tour erf\u00e4hrst du, welch schaurige wahre Geschichte sich eventuell dahinter verbirgt.<\/p>\n\n\n\n<h3 class=\"wp-block-heading\">\ud83d\ude0b Genuss f\u00fcr Entdecker<\/h3>\n\n\n\n<p>Nach dem Spaziergang laden zahlreiche Restaurants und Caf\u00e9s zum Verweilen ein. Wenn du wie ein echter Ratinger essen willst, bestelle keine gew\u00f6hnliche Pizza, sondern frage nach dem <strong>\u201eBergischen Pillekuchen\u201c<\/strong>. Und f\u00fcr den kleinen Hunger zwischendurch? Da gibt es passend zur Sage die <strong>\u201eRatinger D\u00e4umlinge\u201c<\/strong>.<\/p>\n\n\n\n<h3 class=\"wp-block-heading\">\ud83d\udca1 Wusstest du schon?<\/h3>\n\n\n\n<p>Ratingen tr\u00e4gt seine Stadtnase zu Recht sehr hoch: Die Stadt hatte ihre Rechte schon volle 12 Jahre bevor der gro\u00dfe Nachbar D\u00fcsseldorf zur Stadt erhoben wurde.<\/p>\n\n\n\n\t\t<style>\n\t\t\t.seo_cta {\n\t\t\t\ttext-align: center;\n\t\t\t\tmargin-top: 16px; \n\t\t\t}\n\t\t\t.wp-block-table .seo_cta {\n\t\t\t\tmargin-top: 0;\n\t\t\t}\n\t\t\t.seo_cta .button .mdc-button {\n\t\t\t\tbackground-color: #ffcf02;\n\t\t\t\theight: 48px;\n\t\t\t}\n\t\t<\/style>\n\t\n\t\t\t<div class=\"seo_cta\">\n\t\t\t\t<div class=\"button\">\n\t\t\t\t\t<div class=\"wp-block-material-button\"><a href=\"https:\/\/www.lialo.com\/de\/erlebnisse\/deutschland\/ratingen\/stadtfuehrung\/\" class=\"mdc-button mdc-button--raised mdc-ripple-upgraded\"><i class=\"material-icons mdc-button__icon\">arrow_forward<\/i><div class=\"mdc-button__ripple\"><\/div><span class=\"mdc-button__label\">Auf eigene Faust entdecken!<\/span><\/a><\/div>\n\t\t\t\t<\/div>\n\t\t\t<\/div>\n\t\t\n\n\n<div class=\"seo_bottom\">\n\t\t<h3>Was ist lialo?<\/h3>\n\t\t<p><b>lialo<\/b> (Abk\u00fcrzung f\u00fcr <b>Li<\/b>ke<b> a<\/b> <b>Lo<\/b>cal) macht dein Smartphone zum pers\u00f6nlichen Stadtf\u00fchrer. Die digitalen Touren sind jederzeit verf\u00fcgbar, flexibel im Ablauf und bieten dir ein individuelles Erlebnis.<\/p>\n\t\t<p>Entdecke die Stadt authentisch \u2013 fast so, als w\u00fcrde sie dir ein guter Freund oder eine gute Freundin zeigen. Die Autor*innen erstellen ihre Touren mit \u2665\ufe0f vor Ort und teilen ihr Wissen, pers\u00f6nliche Anekdoten und echte Geheimtipps mit dir.<\/p>\n\t\t<figure class=\"wp-block-image size-full\"><a href=\"https:\/\/www.youtube.com\/watch?v=GbhiNKrMV3E\" target=\"_blank\" rel=\"noopener\"><img decoding=\"async\" width=\"846\" height=\"475\" src=\"https:\/\/www.lialo.blog\/de\/erlebnisse\/wp-content\/uploads\/2022\/10\/lialo-Thumbnail-2-2.jpg\" alt=\"\" class=\"wp-image-36441\" srcset=\"https:\/\/www.lialo.blog\/de\/erlebnisse\/wp-content\/uploads\/2022\/10\/lialo-Thumbnail-2-2.jpg 846w, https:\/\/www.lialo.blog\/de\/erlebnisse\/wp-content\/uploads\/2022\/10\/lialo-Thumbnail-2-2-300x168.jpg 300w, https:\/\/www.lialo.blog\/de\/erlebnisse\/wp-content\/uploads\/2022\/10\/lialo-Thumbnail-2-2-768x431.jpg 768w\" sizes=\"(max-width: 846px) 100vw, 846px\"><\/a><\/figure>\n\t\t<h4>Wenn du Fragen hast, melde dich gern bei uns<\/h4>\n\t\t<p>#gerneperdu<br><a href=\"mailto:hallo@lialo.com\">hallo@lialo.com<\/a><\/p>\n\t<\/div>\n","protected":false},"excerpt":{"rendered":"<p>Ratingen \u2013 Historischer Charme im Herzen Nordrhein-Westfalens Im Westen des Ruhrgebiets und in direkter Nachbarschaft zu D\u00fcsseldorf gelegen, bietet Ratingen die perfekte Mischung aus zentraler Lage und idyllischer Ruhe. Doch die Stadt im Kreis Mettmann hat mehr zu bieten als nur eine malerische Landschaft \u2013 sie steckt voller kleiner Geheimnisse. Hilfreiche Tipps f\u00fcr die Stadt [&hellip;]<\/p>\n","protected":false},"author":2,"featured_media":46552,"parent":40165,"menu_order":0,"comment_status":"closed","ping_status":"closed","template":"","meta":{"_acf_changed":false,"material-hide-sections":[],"footnotes":""},"class_list":["post-38795","page","type-page","status-publish","has-post-thumbnail","hentry"],"acf":[],"_links":{"self":[{"href":"https:\/\/www.lialo.blog\/de\/erlebnisse\/wp-json\/wp\/v2\/pages\/38795","targetHints":{"allow":["GET"]}}],"collection":[{"href":"https:\/\/www.lialo.blog\/de\/erlebnisse\/wp-json\/wp\/v2\/pages"}],"about":[{"href":"https:\/\/www.lialo.blog\/de\/erlebnisse\/wp-json\/wp\/v2\/types\/page"}],"author":[{"embeddable":true,"href":"https:\/\/www.lialo.blog\/de\/erlebnisse\/wp-json\/wp\/v2\/users\/2"}],"replies":[{"embeddable":true,"href":"https:\/\/www.lialo.blog\/de\/erlebnisse\/wp-json\/wp\/v2\/comments?post=38795"}],"version-history":[{"count":41,"href":"https:\/\/www.lialo.blog\/de\/erlebnisse\/wp-json\/wp\/v2\/pages\/38795\/revisions"}],"predecessor-version":[{"id":47634,"href":"https:\/\/www.lialo.blog\/de\/erlebnisse\/wp-json\/wp\/v2\/pages\/38795\/revisions\/47634"}],"up":[{"embeddable":true,"href":"https:\/\/www.lialo.blog\/de\/erlebnisse\/wp-json\/wp\/v2\/pages\/40165"}],"wp:featuredmedia":[{"embeddable":true,"href":"https:\/\/www.lialo.blog\/de\/erlebnisse\/wp-json\/wp\/v2\/media\/46552"}],"wp:attachment":[{"href":"https:\/\/www.lialo.blog\/de\/erlebnisse\/wp-json\/wp\/v2\/media?parent=38795"}],"curies":[{"name":"wp","href":"https:\/\/api.w.org\/{rel}","templated":true}]}}