{"id":37635,"date":"2022-11-29T14:06:48","date_gmt":"2022-11-29T13:06:48","guid":{"rendered":"https:\/\/www.lialo.blog\/blog\/?page_id=37635"},"modified":"2026-02-25T08:48:35","modified_gmt":"2026-02-25T15:48:35","slug":"hamburg","status":"publish","type":"page","link":"https:\/\/www.lialo.blog\/de\/erlebnisse\/deutschland\/hamburg\/","title":{"rendered":"Hamburg entdecken: Sehensw\u00fcrdigkeiten, Geheimtipps &amp; Touren \u2693"},"content":{"rendered":"\n<h2 class=\"wp-block-heading\">Hamburg \u2013 Mehr als nur Reeperbahn und Regen<\/h2>\n\n\n\n<p>Moin! Hamburg ist Wasser, Wind und Backstein. Wer an die Hansestadt denkt, hat oft den Hafen oder die s\u00fcndige Meile im Kopf. Doch zwischen den modernen Glasfassaden der HafenCity und den vornehmen Villen in Blankenese steckt eine Stadt voller Kontraste. Ob du durch das UNESCO-Weltkulturerbe der Speicherstadt schlanderst, den Ausblick vom Michel genie\u00dft oder am Elbstrand die &#8222;dicken P\u00f6tte&#8220; beobachtest \u2013 Hamburg l\u00e4sst sich wunderbar zu Fu\u00df und auf dem Wasser erkunden.<\/p>\n\n\n\n<p>Du machst eine Kreuzfahrt? Perfekt! Hamburg ist die ideale Stadt f\u00fcr ein Vor- oder Nachprogramm. Egal ob dein Schiff (AIDA, Mein Schiff, MSC &amp; Co.) am Cruise Center Altona, in der HafenCity oder in Steinwerder an- \/ablegt: Die Wege zu den Highlights sind kurz. Statt im Terminal zu warten, kannst du die Stadt mit lialo Touren auf eigene Faust erkunden.<\/p>\n\n\n\n\t\t<style>\n\t\t\t.seo_cta {\n\t\t\t\ttext-align: center;\n\t\t\t\tmargin-top: 16px; \n\t\t\t}\n\t\t\t.wp-block-table .seo_cta {\n\t\t\t\tmargin-top: 0;\n\t\t\t}\n\t\t\t.seo_cta .button .mdc-button {\n\t\t\t\tbackground-color: #ffcf02;\n\t\t\t\theight: 48px;\n\t\t\t}\n\t\t<\/style>\n\t\n\t\t\t<div class=\"seo_cta\">\n\t\t\t\t<div class=\"button\">\n\t\t\t\t\t<div class=\"wp-block-material-button\"><a href=\"https:\/\/www.lialo.com\/de\/erlebnisse\/deutschland\/hamburg\/stadtfuehrung\/\" class=\"mdc-button mdc-button--raised mdc-ripple-upgraded\"><i class=\"material-icons mdc-button__icon\">arrow_forward<\/i><div class=\"mdc-button__ripple\"><\/div><span class=\"mdc-button__label\">Auf eigene Faust entdecken!<\/span><\/a><\/div>\n\t\t\t\t<\/div>\n\t\t\t<\/div>\n\t\t\n\n\n\n<div class=\"wp-block-group\"><div class=\"wp-block-group__inner-container is-layout-constrained wp-block-group-is-layout-constrained\">\n<h2 class=\"wp-block-heading\">\ud83d\udc49 Tipp: Hop-on Hop-off Stadtrundfahrt ganz individuell<\/h2>\n\n\n<div class=\"tour_preview_images\">\n\t\t\t<style>\n\t\t\t\t.tour_preview_images {\n\t\t\t\t\tcontainer-type: inline-size;\n\t\t\t\t\tcontainer-name: gallery;\n\t\t\t\t}\n\t\t\t\t.tour_preview_images-grid {\n\t\t\t\t\tdisplay: flex;\n\t\t\t\t\tflex-wrap: wrap; \n\t\t\t\t\tgap: 1rem;\n\t\t\t\t\twidth: 100%;\n\t\t\t\t}\n\t\t\t\t.tour_preview_images-item {\n\t\t\t\t\twidth: 100%;\n\t\t\t\t\tflex-grow: 1;\n\t\t\t\t\taspect-ratio: 16 \/ 9; \n\t\t\t\t\toverflow: hidden;\n\t\t\t\t\tborder-radius: 4px;\n\t\t\t\t\tbackground-color: #ddd;\n\t\t\t\t}\n\t\t\t\t.tour_preview_images-item img {\n\t\t\t\t\twidth: 100%;\n\t\t\t\t\theight: 100%;\n\t\t\t\t\tobject-fit: cover;\n\t\t\t\t\tdisplay: block;\n\t\t\t\t\ttransition: transform 0.3s ease;\n\t\t\t\t}\n\t\t\t\t@container gallery (min-width: 300px) {\n\t\t\t\t\t.tour_preview_images-item {\n\t\t\t\t\t\twidth: calc((100% - 1rem) \/ 2);\n\t\t\t\t\t}\n\t\t\t\t}\n\t\t\t\t@container gallery (min-width: 600px) {\n\t\t\t\t\t.tour_preview_images-item {\n\t\t\t\t\t\twidth: calc((100% - 2rem) \/ 3);\n\t\t\t\t\t}\n\t\t\t\t}\n\t\t\t<\/style>\n\t\t<div class=\"tour_preview_images-grid\">\n\t\t\t    <div class=\"tour_preview_images-item\">\n                <img decoding=\"async\" \n                    src=\"https:\/\/images.lialo.com\/427225cb-830b-4a2e-a566-5d06de65ea38@w1024.webp\" \n                    srcset=\"\n                        https:\/\/images.lialo.com\/427225cb-830b-4a2e-a566-5d06de65ea38@w384.webp 384w,\n                        https:\/\/images.lialo.com\/427225cb-830b-4a2e-a566-5d06de65ea38@w854.webp 854w,\n                        https:\/\/images.lialo.com\/427225cb-830b-4a2e-a566-5d06de65ea38@w1024.webp 1024w\n                    \"\n                    sizes=\"(min-width: 840px) 840px, 100vw\"\n                    alt=\"Stadtrundfahrt Hamburg mit der U3 individueller Stadtrundgang\"\n\t\t\t\t\ttitle=\"\"\n                    loading=\"lazy\"\n                >\n            <\/div>\n\t\t\t\n\t\t\t    <div class=\"tour_preview_images-item\">\n                <img decoding=\"async\" \n                    src=\"https:\/\/images.lialo.com\/0298f6d0-f349-4aba-bf7b-136a651d2b0b@w1024.webp\" \n                    srcset=\"\n                        https:\/\/images.lialo.com\/0298f6d0-f349-4aba-bf7b-136a651d2b0b@w384.webp 384w,\n                        https:\/\/images.lialo.com\/0298f6d0-f349-4aba-bf7b-136a651d2b0b@w854.webp 854w,\n                        https:\/\/images.lialo.com\/0298f6d0-f349-4aba-bf7b-136a651d2b0b@w1024.webp 1024w\n                    \"\n                    sizes=\"(min-width: 840px) 840px, 100vw\"\n                    alt=\"Stadtrundfahrt Hamburg mit der U3 individueller Stadtrundgang\"\n\t\t\t\t\ttitle=\"\"\n                    loading=\"lazy\"\n                >\n            <\/div>\n\t\t\t\n\t\t\t    <div class=\"tour_preview_images-item\">\n                <img decoding=\"async\" \n                    src=\"https:\/\/images.lialo.com\/823db4b1-0239-4f7c-9a28-75a2ee371b97@w1024.webp\" \n                    srcset=\"\n                        https:\/\/images.lialo.com\/823db4b1-0239-4f7c-9a28-75a2ee371b97@w384.webp 384w,\n                        https:\/\/images.lialo.com\/823db4b1-0239-4f7c-9a28-75a2ee371b97@w854.webp 854w,\n                        https:\/\/images.lialo.com\/823db4b1-0239-4f7c-9a28-75a2ee371b97@w1024.webp 1024w\n                    \"\n                    sizes=\"(min-width: 840px) 840px, 100vw\"\n                    alt=\"Stadtrundfahrt Hamburg mit der U3 individueller Stadtrundgang\"\n\t\t\t\t\ttitle=\"\"\n                    loading=\"lazy\"\n                >\n            <\/div>\n\t\t\t\n\t\t\t    <div class=\"tour_preview_images-item\">\n                <img decoding=\"async\" \n                    src=\"https:\/\/images.lialo.com\/3eb8479c-0d80-48b1-a5a6-41e26dcd262f@w1024.webp\" \n                    srcset=\"\n                        https:\/\/images.lialo.com\/3eb8479c-0d80-48b1-a5a6-41e26dcd262f@w384.webp 384w,\n                        https:\/\/images.lialo.com\/3eb8479c-0d80-48b1-a5a6-41e26dcd262f@w854.webp 854w,\n                        https:\/\/images.lialo.com\/3eb8479c-0d80-48b1-a5a6-41e26dcd262f@w1024.webp 1024w\n                    \"\n                    sizes=\"(min-width: 840px) 840px, 100vw\"\n                    alt=\"Stadtrundfahrt Hamburg mit der U3 individueller Stadtrundgang\"\n\t\t\t\t\ttitle=\"\"\n                    loading=\"lazy\"\n                >\n            <\/div>\n\t\t\t<\/div><\/div>\n\n\n\n<p>Du willst eine Panorama-Fahrt machen, aber keine teure Bustour buchen? Wir haben den ultimativen Tipp: Die <strong>U-Bahnlinie U3<\/strong>. Sie ist die \u00e4lteste Linie der Stadt und f\u00e4hrt fast komplett oberirdisch auf historischen Viadukten. Sie bringt dich am Hafen entlang (bester Blick auf die Elphi!), durch das noble Eppendorf mit seinen Jugendstilh\u00e4usern und mitten durch das Szeneviertel St. Pauli. Mit Manuela, dem Guide auf deinem Smartphone, wird die Fahrt zur <strong>individuellen Stadtrundfahrt<\/strong> und du wei\u00dft genau, wo sich Aussteigen lohnt \u2013 etwa f\u00fcr einen Blick in Hamburgs einzigen Weinberg.<\/p>\n\n\n\n\t\t<style>\n\t\t\t.seo_cta {\n\t\t\t\ttext-align: center;\n\t\t\t\tmargin-top: 16px; \n\t\t\t}\n\t\t\t.wp-block-table .seo_cta {\n\t\t\t\tmargin-top: 0;\n\t\t\t}\n\t\t\t.seo_cta .button .mdc-button {\n\t\t\t\tbackground-color: #ffcf02;\n\t\t\t\theight: 48px;\n\t\t\t}\n\t\t<\/style>\n\t\n\t\t\t<div class=\"seo_cta\">\n\t\t\t\t<div class=\"button\">\n\t\t\t\t\t<div class=\"wp-block-material-button\"><a href=\"https:\/\/www.lialo.com\/de\/erlebnisse\/deutschland\/hamburg\/stadtrundfahrt\/hop-on-hop-off-u3-guide\/\" class=\"mdc-button mdc-button--raised mdc-ripple-upgraded\"><i class=\"material-icons mdc-button__icon\">arrow_forward<\/i><div class=\"mdc-button__ripple\"><\/div><span class=\"mdc-button__label\">Zum U3 Guide<\/span><\/a><\/div>\n\t\t\t\t<\/div>\n\t\t\t<\/div>\n\t\t\n<\/div><\/div>\n\n\n\n<h3 class=\"wp-block-heading\">\ud83d\udeb6 Die besten Touren zu Fu\u00df<\/h3>\n\n\n\n<p>Du willst tiefer eintauchen und Ecken finden, die viele &#8222;Quiddjes&#8220; (Nicht-Hamburger) \u00fcbersehen? Die selbstgef\u00fchrten lialo Touren bringen dich direkt hin:<\/p>\n\n\n\n<p><strong>Der Kontrast:<\/strong> <a href=\"https:\/\/www.lialo.com\/de\/tour\/j694\">HafenCity und Speicherstadt<\/a><br>Erlebe den Wandel vom alten Lagerhauskomplex (UNESCO-Erbe) zur futuristischen Elbphilharmonie.<\/p>\n\n\n\n<p><strong>Der Kiez mal anders:<\/strong> <a href=\"https:\/\/www.lialo.com\/de\/tour\/v9d1\">St. Pauli und Schanze<\/a><br>Entdecke abseits der Partymeile historische Wohnterrassen, kultige Passagen und echte Kiezkultur.<\/p>\n\n\n\n<p><strong>F\u00fcr Weitblicker:<\/strong> <a href=\"https:\/\/www.lialo.com\/de\/tour\/b87j\">Blankenese \u2013 Auf und Ab<\/a><br>Erkunde das verwunschene Treppenviertel mit seinen Fischerh\u00e4usern und Villen am Elbhang.<\/p>\n\n\n\n<p><strong><strong>Und viele mehr:<\/strong><\/strong><\/p>\n\n\n\n\t\t<style>\n\t\t\t.seo_cta {\n\t\t\t\ttext-align: center;\n\t\t\t\tmargin-top: 16px; \n\t\t\t}\n\t\t\t.wp-block-table .seo_cta {\n\t\t\t\tmargin-top: 0;\n\t\t\t}\n\t\t\t.seo_cta .button .mdc-button {\n\t\t\t\tbackground-color: #ffcf02;\n\t\t\t\theight: 48px;\n\t\t\t}\n\t\t<\/style>\n\t\n\t\t\t<div class=\"seo_cta\">\n\t\t\t\t<div class=\"button\">\n\t\t\t\t\t<div class=\"wp-block-material-button\"><a href=\"https:\/\/www.lialo.com\/de\/erlebnisse\/hamburg\/stadtfuehrung\/\" class=\"mdc-button mdc-button--raised mdc-ripple-upgraded\"><i class=\"material-icons mdc-button__icon\">arrow_forward<\/i><div class=\"mdc-button__ripple\"><\/div><span class=\"mdc-button__label\">Alle Hamburg-Touren ansehen<\/span><\/a><\/div>\n\t\t\t\t<\/div>\n\t\t\t<\/div>\n\t\t\n\n\n\n<h3 class=\"wp-block-heading\">\ud83d\udd75\ufe0f Kostenlos &amp; Kurios: Hamburg f\u00fcr Entdecker<\/h3>\n\n\n\n<p>Hamburg muss nicht teuer sein. Neben der g\u00fcnstigen U-Bahn-Fahrt gibt es spannende Touren f\u00fcr den schmalen Taler oder komplett gratis als <strong>Free Walking Tour<\/strong>:<\/p>\n\n\n\n<p><strong>St\u00f6rtebeker &amp; Highlights:<\/strong> Eine kostenlose Runde vom Denkmal des ber\u00fchmten Piraten durch die Speicherstadt bis zum Rathaus. Perfekt f\u00fcr den ersten \u00dcberblick.<\/p>\n\n\n\n<p><strong>Geheimnisse im Hafen:<\/strong> Starte am Schellfischposten (bekannt aus &#8222;Inas Nacht&#8220;) und finde heraus, was es mit dem U-Boot U-434 oder der Haifisch-Bar auf sich hat.<\/p>\n\n\n\n<p><strong><strong>Und viele mehr:<\/strong><\/strong><\/p>\n\n\n\n\t\t<style>\n\t\t\t.seo_cta {\n\t\t\t\ttext-align: center;\n\t\t\t\tmargin-top: 16px; \n\t\t\t}\n\t\t\t.wp-block-table .seo_cta {\n\t\t\t\tmargin-top: 0;\n\t\t\t}\n\t\t\t.seo_cta .button .mdc-button {\n\t\t\t\tbackground-color: #ffcf02;\n\t\t\t\theight: 48px;\n\t\t\t}\n\t\t<\/style>\n\t\n\t\t\t<div class=\"seo_cta\">\n\t\t\t\t<div class=\"button\">\n\t\t\t\t\t<div class=\"wp-block-material-button\"><a href=\"https:\/\/www.lialo.com\/de\/erlebnisse\/hamburg\/stadtfuehrung\/\" class=\"mdc-button mdc-button--raised mdc-ripple-upgraded\"><i class=\"material-icons mdc-button__icon\">arrow_forward<\/i><div class=\"mdc-button__ripple\"><\/div><span class=\"mdc-button__label\">Alle Hamburg-Touren ansehen<\/span><\/a><\/div>\n\t\t\t\t<\/div>\n\t\t\t<\/div>\n\t\t\n\n\n\n<h3 class=\"wp-block-heading\">Hilfreiche Tipps f\u00fcr die Stadt<\/h3>\n\n\n\n<div class=\"wp-block-faq-block-for-gutenberg-faq\" style=\"background:#f6f7f7\"><div class=\"question\" style=\"background:none;color:#000\"><h4 style=\"color:#000\">Was muss man in Hamburg unbedingt gesehen haben?<\/h4><\/div><div class=\"answer\" style=\"background:none;color:#000\">Die &#8222;Big Three&#8220; sind die Elbphilharmonie (Elphi), die Speicherstadt und die Landungsbr\u00fccken. Aber auch der Michel (St. Michaelis Kirche) und das Miniatur Wunderland sind absolute Highlights.<\/div><\/div>\n\n\n\n<div class=\"wp-block-faq-block-for-gutenberg-faq\" style=\"background:#f6f7f7\"><div class=\"question\" style=\"background:none;color:#000\"><h4 style=\"color:#000\">Was kann man in Hamburg bei \u201eSchietwetter\u201c (Regen) machen?<\/h4><\/div><div class=\"answer\" style=\"background:none;color:#000\">Hamburg hat tolle Museen! Das Miniatur Wunderland ist die gr\u00f6\u00dfte Modelleisenbahn der Welt und ein Muss. Alternativ: Mach die <a href=\"https:\/\/www.lialo.com\/de\/erlebnisse\/deutschland\/hamburg\/stadtrundfahrt\/hop-on-hop-off-u3-guide\/\">U3-Tour<\/a> \u2013 da sitzt du im Trockenen und siehst trotzdem den Hafen.<\/div><\/div>\n\n\n\n<div class=\"wp-block-faq-block-for-gutenberg-faq\" style=\"background:#f6f7f7\"><div class=\"question\" style=\"background:none;color:#000\"><h4 style=\"color:#000\">Welches Ticket brauche ich f\u00fcr die U3 und F\u00e4hren?<\/h4><\/div><div class=\"answer\" style=\"background:none;color:#000\">F\u00fcr die U3 und die HADAG-Hafenf\u00e4hren (z.B. Linie 62) reicht eine normale HVV-Fahrkarte. Auch das Deutschlandticket ist g\u00fcltig.<\/div><\/div>\n\n\n\n<div class=\"wp-block-faq-block-for-gutenberg-faq\" style=\"background:#f6f7f7\"><div class=\"question\" style=\"background:none;color:#000\"><h4 style=\"color:#000\">Wo gibt es das beste Fischbr\u00f6tchen?<\/h4><\/div><div class=\"answer\" style=\"background:none;color:#000\">\u00dcberall am Hafen! Ein Klassiker sind die Buden an den Landungsbr\u00fccken (Br\u00fccke 10) oder in der N\u00e4he des Alten Elbtunnels.<\/div><\/div>\n\n\n\n<div class=\"wp-block-faq-block-for-gutenberg-faq\" style=\"background:#f6f7f7\"><div class=\"question\" style=\"background:none;color:#000\"><h4 style=\"color:#000\">Wie erreiche ich die Sehensw\u00fcrdigkeiten am besten?<\/h4><\/div><div class=\"answer\" style=\"background:none;color:#000\">Hamburg ist gro\u00df, aber dennoch kann man die Stadt auch gut zu Fu\u00df oder mit dem Fahrrad erkunden. Au\u00dferdem gibt es einen gut ausgebauten \u00f6ffentlichen Nahverkehr. Insbesondere die U3 ist nicht nur geeignet, um von A nach B zu kommen, sondern auch, um damit eine <a href=\"https:\/\/www.lialo.com\/de\/erlebnisse\/deutschland\/hamburg\/stadtrundfahrt\/hop-on-hop-off-u3-guide\/\">Stadtrundfahrt<\/a> zu machen.<\/div><\/div>\n\n\n\n<div class=\"wp-block-faq-block-for-gutenberg-faq\" style=\"background:#f6f7f7\"><div class=\"question\" style=\"background:none;color:#000\"><h4 style=\"color:#000\">Wie komme ich von den Cruise Centern in die Stadt?<\/h4><\/div><div class=\"answer\" style=\"background:none;color:#000\"><strong>Altona:<\/strong> Du bist mittendrin! Zu Fu\u00df oder mit dem Bus 111 erreichst du Fischmarkt und Reeperbahn in wenigen Minuten.<br><strong>HafenCity:<\/strong> Perfekter Startpunkt. Die U-Bahn U4 bringt dich schnell zum Jungfernstieg, oder du startest direkt zu Fu\u00df in die Speicherstadt.<br><strong>Steinwerder:<\/strong> Hier musst du den Shuttle-Bus oder die F\u00e4hre (Linie 73) zu den Landungsbr\u00fccken nehmen. Von dort startet die Tour <a href=\"https:\/\/www.lialo.com\/de\/tour\/kejy\">Geheimnisse im Hafen<\/a>.<\/div><\/div>\n\n\n\n<div class=\"wp-block-faq-block-for-gutenberg-faq\" style=\"background:#f6f7f7\"><div class=\"question\" style=\"background:none;color:#000\"><h4 style=\"color:#000\">Kann ich das Gep\u00e4ck irgendwo lassen?<\/h4><\/div><div class=\"answer\" style=\"background:none;color:#000\">Am Hauptbahnhof gibt es Schlie\u00dff\u00e4cher. Viele Hotels bieten auch eine Aufbewahrung an. Frag einfach mal nach.<\/div><\/div>\n\n\n\n<div class=\"wp-block-faq-block-for-gutenberg-faq\" style=\"background:#f6f7f7\"><div class=\"question\" style=\"background:none;color:#000\"><h4 style=\"color:#000\">Lohnt sich ein Ausflug in die Speicherstadt?<\/h4><\/div><div class=\"answer\" style=\"background:none;color:#000\">Absolut! Die Speicherstadt ist UNESCO-Weltkulturerbe und weltweit einzigartig. Sie liegt fu\u00dfl\u00e4ufig zur HafenCity und ist voller Museen (Miniatur Wunderland, Dungeon). Die <a href=\"https:\/\/www.lialo.com\/de\/tour\/j694\">Tour durch die HafenCity und Speicherstadt<\/a> f\u00fchrt dich tief in die Geschichte der Lagerh\u00e4user und Fleete.<\/div><\/div>\n\n\n\n<div class=\"wp-block-faq-block-for-gutenberg-faq\" style=\"background:#f6f7f7\"><div class=\"question\" style=\"background:none;color:#000\"><h4 style=\"color:#000\">Welche Spezialit\u00e4ten gibt es in Hamburg?<\/h4><\/div><div class=\"answer\" style=\"background:none;color:#000\">Wenn du essen m\u00f6chtest wie die Hamburger, dann halte Ausschau nach Fischbr\u00f6tchen, Labskaus, Franzbr\u00f6tchen und Pannfisch, denn die geh\u00f6ren ganz sicher auf die Liste der kulinarischen Spezialit\u00e4ten der Hansestadt.<\/div><\/div>\n\n\n\n<div class=\"wp-block-faq-block-for-gutenberg-faq\" style=\"background:#f6f7f7\"><div class=\"question\" style=\"background:none;color:#000\"><h4 style=\"color:#000\">Welche sind die besten Hamburger Sehensw\u00fcrdigkeiten?<\/h4><\/div><div class=\"answer\" style=\"background:none;color:#000\">Top Hamburg Highlights sind unter anderem die Reeperbahn, die Elbphilharmonie, das <a href=\"https:\/\/www.lialo.com\/de\/tour\/511g\">Hamburger Rathaus<\/a>, das Museumsschif Cap San Diego und der &#8222;Michel&#8220; (die Kirche St. Michaelis) sowie die Landungsbr\u00fccken und nat\u00fcrlich der <a href=\"https:\/\/www.lialo.com\/de\/tour\/kejy\">Hamburger Hafen<\/a>.<\/div><\/div>\n\n\n\n<div class=\"wp-block-faq-block-for-gutenberg-faq\" style=\"background:#f6f7f7\"><div class=\"question\" style=\"background:none;color:#000\"><h4 style=\"color:#000\">Worauf muss man in Hamburg achten?<\/h4><\/div><div class=\"answer\" style=\"background:none;color:#000\">Wenn du deinen Hamburg Ausflug unbeschwert genie\u00dfen m\u00f6chtest, solltest du w\u00e4hrend eines Spaziergangs \u00fcber die Reeperbahn besonders gut auf deine Wertsachen aufpassen. Vor allem am Abend nutzen viele Taschendiebe die Gelegenheit auf dem Kiez, um Handys und Geldb\u00f6rsen zu entwenden.<\/div><\/div>\n\n\n\n\t\t<style>\n\t\t\t.seo_cta {\n\t\t\t\ttext-align: center;\n\t\t\t\tmargin-top: 16px; \n\t\t\t}\n\t\t\t.wp-block-table .seo_cta {\n\t\t\t\tmargin-top: 0;\n\t\t\t}\n\t\t\t.seo_cta .button .mdc-button {\n\t\t\t\tbackground-color: #ffcf02;\n\t\t\t\theight: 48px;\n\t\t\t}\n\t\t<\/style>\n\t\n\t\t\t<div class=\"seo_cta\">\n\t\t\t\t<div class=\"button\">\n\t\t\t\t\t<div class=\"wp-block-material-button\"><a href=\"https:\/\/www.lialo.com\/de\/erlebnisse\/deutschland\/hamburg\/stadtfuehrung\/\" class=\"mdc-button mdc-button--raised mdc-ripple-upgraded\"><i class=\"material-icons mdc-button__icon\">arrow_forward<\/i><div class=\"mdc-button__ripple\"><\/div><span class=\"mdc-button__label\">Auf eigene Faust entdecken!<\/span><\/a><\/div>\n\t\t\t\t<\/div>\n\t\t\t<\/div>\n\t\t\n\n\n\n<h3 class=\"wp-block-heading\">Hamburg Sehensw\u00fcrdigkeiten: Viele Details, die \u00fcberraschen<\/h3>\n\n\n\n<p>Die Hansestadt ist mehr als nur Elphi und Reeperbahn. Wer genau hinschaut, entdeckt spannende Geheimnisse:<\/p>\n\n\n\n<p>\ud83e\uddd0 <strong>Der schiefste Ort der Stadt:<\/strong> Wusstest du, dass die Oberhafenkantine in der HafenCity schiefer ist als der Schiefe Turm von Pisa? Durch Untersp\u00fclungen hat sich das kleine H\u00e4uschen geneigt, aber der Betrieb l\u00e4uft weiter \u2013 auch wenn die Suppe im Teller schief steht!<\/p>\n\n\n\n<p>\ud83e\uddd0 <strong>Kaiserlicher Abstieg:<\/strong> Am Baumwall steht ein unscheinbares H\u00e4uschen, das extra f\u00fcr Kaiser Wilhelm II. gebaut wurde. Es sollte ihm einen bequemen Einstieg in die Kanalisation erm\u00f6glichen \u2013 inklusive unterirdischem Ankleidezimmer.<\/p>\n\n\n\n<p>\ud83e\uddd0 <strong>Ein Weinberg am Hafen:<\/strong> Oberhalb der Landungsbr\u00fccken, am Stintfang, w\u00e4chst tats\u00e4chlich Wein. Der &#8222;Stintfang Cuv\u00e9e&#8220; ist eine Rarit\u00e4t und wird nur an ausgew\u00e4hlte G\u00e4ste der Stadt verschenkt.<\/p>\n\n\n\n<p>\ud83e\uddd0 <strong>Gef\u00e4lschte Fenster:<\/strong> Im Treppenviertel von Blankenese gibt es ein Haus mit sechs Fenstern \u2013 aber nur drei davon sind echt! Die anderen wurden t\u00e4uschend echt auf die Fassade gemalt. Erkennst du sie?<\/p>\n\n\n\n<p><strong>Und viele mehr:<\/strong><\/p>\n\n\n\n\t\t<style>\n\t\t\t.seo_cta {\n\t\t\t\ttext-align: center;\n\t\t\t\tmargin-top: 16px; \n\t\t\t}\n\t\t\t.wp-block-table .seo_cta {\n\t\t\t\tmargin-top: 0;\n\t\t\t}\n\t\t\t.seo_cta .button .mdc-button {\n\t\t\t\tbackground-color: #ffcf02;\n\t\t\t\theight: 48px;\n\t\t\t}\n\t\t<\/style>\n\t\n\t\t\t<div class=\"seo_cta\">\n\t\t\t\t<div class=\"button\">\n\t\t\t\t\t<div class=\"wp-block-material-button\"><a href=\"https:\/\/www.lialo.com\/de\/erlebnisse\/hamburg\/stadtfuehrung\/\" class=\"mdc-button mdc-button--raised mdc-ripple-upgraded\"><i class=\"material-icons mdc-button__icon\">arrow_forward<\/i><div class=\"mdc-button__ripple\"><\/div><span class=\"mdc-button__label\">Auf eigene Faust entdecken!<\/span><\/a><\/div>\n\t\t\t\t<\/div>\n\t\t\t<\/div>\n\t\t\n\n\n\n<h3 class=\"wp-block-heading\">\ud83c\udff4\u200d\u2620\ufe0f Die Sage vom Schatz des St\u00f6rtebeker<\/h3>\n\n\n\n<p><strong>Klaus St\u00f6rtebeker<\/strong> ist der ber\u00fchmteste Pirat der Stadt. Nach seiner Hinrichtung auf dem Grasbrook soll sein Schiff zerlegt worden sein. Der Legende nach fand man in den Masten, die hohl waren, Gold, Silber und Kupfer. Daraus soll die goldene Krone auf dem Turm der Katharinenkirche geschmiedet worden sein.<\/p>\n\n\n\n<h3 class=\"wp-block-heading\">\ud83d\ude0b Genuss f\u00fcr Entdecker<\/h3>\n\n\n\n<p><strong>Fischbr\u00f6tchen an den Landungsbr\u00fccken:<\/strong> Der Klassiker geht immer \u2013 am besten &#8222;auf die Hand&#8220; mit Blick auf die dicken P\u00f6tte. Vorsicht vor den M\u00f6wen!<\/p>\n\n\n\n<p><strong>Kaffee &amp; Franzbr\u00f6tchen<\/strong>: Hamburg ist Kaffeestadt. In der Speicherstadt (z.B. im Wasserschloss oder der Kaffeer\u00f6sterei) duftet es herrlich nach frisch ger\u00f6steten Bohnen. Dazu passt ein zimtiges Franzbr\u00f6tchen.<\/p>\n\n\n\n<p><strong>Labskaus in der Oberhafenkantine:<\/strong> Wer sich traut, bestellt das Seemannsgericht aus P\u00f6kelfleisch, Kartoffeln und Roter Bete in der schiefen Kantine am Oberhafen.<\/p>\n\n\n\n<p><strong>Kult-Kneipen:<\/strong> Auf St. Pauli (&#8222;Haifisch Bar&#8220; oder &#8222;Schellfischposten&#8220;) gibt es zum Astra-Bier oft noch echte Seemannsgarn dazu.<\/p>\n\n\n\n<h3 class=\"wp-block-heading\">\ud83d\udca1 Wusstest du schon?<\/h3>\n\n\n\n<p><strong>Mehr Br\u00fccken als Venedig:<\/strong> Hamburg hat mit ca. 2.500 Br\u00fccken mehr als Venedig, Amsterdam und London zusammen. Allein im Hafen gibt es \u00fcber 130 davon.<\/p>\n\n\n\n<p><strong>Der &#8222;falsche&#8220; Dom:<\/strong> Der Hamburger Dom ist heute ein riesiges Volksfest. Seinen Namen hat er vom alten Mariendom, der 1806 abgerissen wurde. H\u00e4ndler und Gaukler suchten dort fr\u00fcher bei Schietwetter Zuflucht.<\/p>\n\n\n\n<p><strong>Einbahnstra\u00dfe mal so, mal so:<\/strong> Die Sierichstra\u00dfe in Winterhude ist einzigartig in Europa. Sie wechselt t\u00e4glich die Richtung: Morgens stadteinw\u00e4rts, abends stadtausw\u00e4rts.<\/p>\n\n\n\n\t\t<style>\n\t\t\t.seo_cta {\n\t\t\t\ttext-align: center;\n\t\t\t\tmargin-top: 16px; \n\t\t\t}\n\t\t\t.wp-block-table .seo_cta {\n\t\t\t\tmargin-top: 0;\n\t\t\t}\n\t\t\t.seo_cta .button .mdc-button {\n\t\t\t\tbackground-color: #ffcf02;\n\t\t\t\theight: 48px;\n\t\t\t}\n\t\t<\/style>\n\t\n\t\t\t<div class=\"seo_cta\">\n\t\t\t\t<div class=\"button\">\n\t\t\t\t\t<div class=\"wp-block-material-button\"><a href=\"https:\/\/www.lialo.com\/de\/erlebnisse\/hamburg\/stadtfuehrung\/\" class=\"mdc-button mdc-button--raised mdc-ripple-upgraded\"><i class=\"material-icons mdc-button__icon\">arrow_forward<\/i><div class=\"mdc-button__ripple\"><\/div><span class=\"mdc-button__label\">Auf eigene Faust entdecken!<\/span><\/a><\/div>\n\t\t\t\t<\/div>\n\t\t\t<\/div>\n\t\t\n\n\n<div class=\"seo_bottom\">\n\t\t<h3>Was ist lialo?<\/h3>\n\t\t<p><b>lialo<\/b> (Abk\u00fcrzung f\u00fcr <b>Li<\/b>ke<b> a<\/b> <b>Lo<\/b>cal) macht dein Smartphone zum pers\u00f6nlichen Stadtf\u00fchrer. Die digitalen Touren sind jederzeit verf\u00fcgbar, flexibel im Ablauf und bieten dir ein individuelles Erlebnis.<\/p>\n\t\t<p>Entdecke die Stadt authentisch \u2013 fast so, als w\u00fcrde sie dir ein guter Freund oder eine gute Freundin zeigen. Die Autor*innen erstellen ihre Touren mit \u2665\ufe0f vor Ort und teilen ihr Wissen, pers\u00f6nliche Anekdoten und echte Geheimtipps mit dir.<\/p>\n\t\t<figure class=\"wp-block-image size-full\"><a href=\"https:\/\/www.youtube.com\/watch?v=GbhiNKrMV3E\" target=\"_blank\" rel=\"noopener\"><img decoding=\"async\" width=\"846\" height=\"475\" src=\"https:\/\/www.lialo.blog\/de\/erlebnisse\/wp-content\/uploads\/2022\/10\/lialo-Thumbnail-2-2.jpg\" alt=\"\" class=\"wp-image-36441\" srcset=\"https:\/\/www.lialo.blog\/de\/erlebnisse\/wp-content\/uploads\/2022\/10\/lialo-Thumbnail-2-2.jpg 846w, https:\/\/www.lialo.blog\/de\/erlebnisse\/wp-content\/uploads\/2022\/10\/lialo-Thumbnail-2-2-300x168.jpg 300w, https:\/\/www.lialo.blog\/de\/erlebnisse\/wp-content\/uploads\/2022\/10\/lialo-Thumbnail-2-2-768x431.jpg 768w\" sizes=\"(max-width: 846px) 100vw, 846px\"><\/a><\/figure>\n\t\t<h4>Wenn du Fragen hast, melde dich gern bei uns<\/h4>\n\t\t<p>#gerneperdu<br><a href=\"mailto:hallo@lialo.com\">hallo@lialo.com<\/a><\/p>\n\t<\/div>\n","protected":false},"excerpt":{"rendered":"<p>Hamburg \u2013 Mehr als nur Reeperbahn und Regen Moin! Hamburg ist Wasser, Wind und Backstein. Wer an die Hansestadt denkt, hat oft den Hafen oder die s\u00fcndige Meile im Kopf. Doch zwischen den modernen Glasfassaden der HafenCity und den vornehmen Villen in Blankenese steckt eine Stadt voller Kontraste. Ob du durch das UNESCO-Weltkulturerbe der Speicherstadt [&hellip;]<\/p>\n","protected":false},"author":2,"featured_media":37531,"parent":40165,"menu_order":0,"comment_status":"closed","ping_status":"closed","template":"","meta":{"_acf_changed":false,"material-hide-sections":[],"footnotes":""},"class_list":["post-37635","page","type-page","status-publish","has-post-thumbnail","hentry"],"acf":[],"_links":{"self":[{"href":"https:\/\/www.lialo.blog\/de\/erlebnisse\/wp-json\/wp\/v2\/pages\/37635","targetHints":{"allow":["GET"]}}],"collection":[{"href":"https:\/\/www.lialo.blog\/de\/erlebnisse\/wp-json\/wp\/v2\/pages"}],"about":[{"href":"https:\/\/www.lialo.blog\/de\/erlebnisse\/wp-json\/wp\/v2\/types\/page"}],"author":[{"embeddable":true,"href":"https:\/\/www.lialo.blog\/de\/erlebnisse\/wp-json\/wp\/v2\/users\/2"}],"replies":[{"embeddable":true,"href":"https:\/\/www.lialo.blog\/de\/erlebnisse\/wp-json\/wp\/v2\/comments?post=37635"}],"version-history":[{"count":32,"href":"https:\/\/www.lialo.blog\/de\/erlebnisse\/wp-json\/wp\/v2\/pages\/37635\/revisions"}],"predecessor-version":[{"id":47288,"href":"https:\/\/www.lialo.blog\/de\/erlebnisse\/wp-json\/wp\/v2\/pages\/37635\/revisions\/47288"}],"up":[{"embeddable":true,"href":"https:\/\/www.lialo.blog\/de\/erlebnisse\/wp-json\/wp\/v2\/pages\/40165"}],"wp:featuredmedia":[{"embeddable":true,"href":"https:\/\/www.lialo.blog\/de\/erlebnisse\/wp-json\/wp\/v2\/media\/37531"}],"wp:attachment":[{"href":"https:\/\/www.lialo.blog\/de\/erlebnisse\/wp-json\/wp\/v2\/media?parent=37635"}],"curies":[{"name":"wp","href":"https:\/\/api.w.org\/{rel}","templated":true}]}}