{"id":37470,"date":"2022-11-25T11:45:44","date_gmt":"2022-11-25T10:45:44","guid":{"rendered":"https:\/\/www.lialo.blog\/blog\/?page_id=37470"},"modified":"2026-02-25T08:48:35","modified_gmt":"2026-02-25T15:48:35","slug":"luebeck","status":"publish","type":"page","link":"https:\/\/www.lialo.blog\/de\/erlebnisse\/deutschland\/luebeck\/","title":{"rendered":"L\u00fcbeck entdecken: Sehensw\u00fcrdigkeiten, Geheimtipps &amp; Touren \ud83e\udded"},"content":{"rendered":"\n<h2 class=\"wp-block-heading has-text-align-left\">L\u00fcbeck \u2013 Die K\u00f6nigin der Hanse im Glanz der Backsteingotik<\/h2>\n\n\n\n<p>Moin, willkommen in der &#8222;K\u00f6nigin der Hanse&#8220;! Die <strong>L\u00fcbecker Altstadt<\/strong> ist eine echte Insel, die von Trave und Wakenitz umgeben ist und seit 1987 zum UNESCO-Welterbe geh\u00f6rt. Wer an L\u00fcbeck denkt, sieht meist sofort das markante Holstentor vor sich und schmeckt f\u00f6rmlich das s\u00fc\u00dfe Niederegger-Marzipan.<br>Doch abseits der bekannten Wege, in den schmalen <strong>Gassen und versteckten H\u00f6fen<\/strong> des historischen Seefahrerviertels, offenbart die Stadt ihren wahren, rauen Charme. Entdecke die majest\u00e4tischen sieben Kircht\u00fcrme, wandere entlang pr\u00e4chtiger Kaufmannsh\u00e4user und l\u00fcfte die kleinen und gro\u00dfen Geheimnisse der Backsteingotik bei einem entspannten Spaziergang in deinem eigenen Tempo.<\/p>\n\n\n\n\t\t<style>\n\t\t\t.seo_cta {\n\t\t\t\ttext-align: center;\n\t\t\t\tmargin-top: 16px; \n\t\t\t}\n\t\t\t.wp-block-table .seo_cta {\n\t\t\t\tmargin-top: 0;\n\t\t\t}\n\t\t\t.seo_cta .button .mdc-button {\n\t\t\t\tbackground-color: #ffcf02;\n\t\t\t\theight: 48px;\n\t\t\t}\n\t\t<\/style>\n\t\n\t\t\t<div class=\"seo_cta\">\n\t\t\t\t<div class=\"button\">\n\t\t\t\t\t<div class=\"wp-block-material-button\"><a href=\"https:\/\/www.lialo.com\/de\/erlebnisse\/deutschland\/luebeck\/stadtfuehrung\/\" class=\"mdc-button mdc-button--raised mdc-ripple-upgraded\"><i class=\"material-icons mdc-button__icon\">arrow_forward<\/i><div class=\"mdc-button__ripple\"><\/div><span class=\"mdc-button__label\">Auf eigene Faust entdecken!<\/span><\/a><\/div>\n\t\t\t\t<\/div>\n\t\t\t<\/div>\n\t\t\n\n\n<div class=\"tour_preview_images\">\n\t\t\t<style>\n\t\t\t\t.tour_preview_images {\n\t\t\t\t\tcontainer-type: inline-size;\n\t\t\t\t\tcontainer-name: gallery;\n\t\t\t\t}\n\t\t\t\t.tour_preview_images-grid {\n\t\t\t\t\tdisplay: flex;\n\t\t\t\t\tflex-wrap: wrap; \n\t\t\t\t\tgap: 1rem;\n\t\t\t\t\twidth: 100%;\n\t\t\t\t}\n\t\t\t\t.tour_preview_images-item {\n\t\t\t\t\twidth: 100%;\n\t\t\t\t\tflex-grow: 1;\n\t\t\t\t\taspect-ratio: 16 \/ 9; \n\t\t\t\t\toverflow: hidden;\n\t\t\t\t\tborder-radius: 4px;\n\t\t\t\t\tbackground-color: #ddd;\n\t\t\t\t}\n\t\t\t\t.tour_preview_images-item img {\n\t\t\t\t\twidth: 100%;\n\t\t\t\t\theight: 100%;\n\t\t\t\t\tobject-fit: cover;\n\t\t\t\t\tdisplay: block;\n\t\t\t\t\ttransition: transform 0.3s ease;\n\t\t\t\t}\n\t\t\t\t@container gallery (min-width: 300px) {\n\t\t\t\t\t.tour_preview_images-item {\n\t\t\t\t\t\twidth: calc((100% - 1rem) \/ 2);\n\t\t\t\t\t}\n\t\t\t\t}\n\t\t\t\t@container gallery (min-width: 600px) {\n\t\t\t\t\t.tour_preview_images-item {\n\t\t\t\t\t\twidth: calc((100% - 2rem) \/ 3);\n\t\t\t\t\t}\n\t\t\t\t}\n\t\t\t<\/style>\n\t\t<div class=\"tour_preview_images-grid\">\n\t\t\t    <div class=\"tour_preview_images-item\">\n                <img decoding=\"async\" \n                    src=\"https:\/\/images.lialo.com\/20b64221-464a-4143-be0f-0c7b525bd2a7@w1024.webp\" \n                    srcset=\"\n                        https:\/\/images.lialo.com\/20b64221-464a-4143-be0f-0c7b525bd2a7@w384.webp 384w,\n                        https:\/\/images.lialo.com\/20b64221-464a-4143-be0f-0c7b525bd2a7@w854.webp 854w,\n                        https:\/\/images.lialo.com\/20b64221-464a-4143-be0f-0c7b525bd2a7@w1024.webp 1024w\n                    \"\n                    sizes=\"(min-width: 840px) 840px, 100vw\"\n                    alt=\"Highlights von L\u00fcbeck  individueller Stadtrundgang\"\n\t\t\t\t\ttitle=\"\"\n                    loading=\"lazy\"\n                >\n            <\/div>\n\t\t\t\n\t\t\t    <div class=\"tour_preview_images-item\">\n                <img decoding=\"async\" \n                    src=\"https:\/\/images.lialo.com\/786b4239-c852-4ca2-b111-e25e1887b70e@w1024.webp\" \n                    srcset=\"\n                        https:\/\/images.lialo.com\/786b4239-c852-4ca2-b111-e25e1887b70e@w384.webp 384w,\n                        https:\/\/images.lialo.com\/786b4239-c852-4ca2-b111-e25e1887b70e@w854.webp 854w,\n                        https:\/\/images.lialo.com\/786b4239-c852-4ca2-b111-e25e1887b70e@w1024.webp 1024w\n                    \"\n                    sizes=\"(min-width: 840px) 840px, 100vw\"\n                    alt=\"Highlights von L\u00fcbeck  individueller Stadtrundgang\"\n\t\t\t\t\ttitle=\"\"\n                    loading=\"lazy\"\n                >\n            <\/div>\n\t\t\t\n\t\t\t    <div class=\"tour_preview_images-item\">\n                <img decoding=\"async\" \n                    src=\"https:\/\/images.lialo.com\/b73d028b-df02-4e12-b4ad-faada6ee260e@w1024.webp\" \n                    srcset=\"\n                        https:\/\/images.lialo.com\/b73d028b-df02-4e12-b4ad-faada6ee260e@w384.webp 384w,\n                        https:\/\/images.lialo.com\/b73d028b-df02-4e12-b4ad-faada6ee260e@w854.webp 854w,\n                        https:\/\/images.lialo.com\/b73d028b-df02-4e12-b4ad-faada6ee260e@w1024.webp 1024w\n                    \"\n                    sizes=\"(min-width: 840px) 840px, 100vw\"\n                    alt=\"Highlights von L\u00fcbeck  individueller Stadtrundgang\"\n\t\t\t\t\ttitle=\"\"\n                    loading=\"lazy\"\n                >\n            <\/div>\n\t\t\t\n\t\t\t    <div class=\"tour_preview_images-item\">\n                <img decoding=\"async\" \n                    src=\"https:\/\/images.lialo.com\/c5518075-33b7-4908-b784-06d73f9395ba@w1024.webp\" \n                    srcset=\"\n                        https:\/\/images.lialo.com\/c5518075-33b7-4908-b784-06d73f9395ba@w384.webp 384w,\n                        https:\/\/images.lialo.com\/c5518075-33b7-4908-b784-06d73f9395ba@w854.webp 854w,\n                        https:\/\/images.lialo.com\/c5518075-33b7-4908-b784-06d73f9395ba@w1024.webp 1024w\n                    \"\n                    sizes=\"(min-width: 840px) 840px, 100vw\"\n                    alt=\"Highlights von L\u00fcbeck  individueller Stadtrundgang\"\n\t\t\t\t\ttitle=\"\"\n                    loading=\"lazy\"\n                >\n            <\/div>\n\t\t\t<\/div><\/div>\n\n\n\n<h3 class=\"wp-block-heading\">Hilfreiche Tipps f\u00fcr die Stadt<\/h3>\n\n\n\n<div class=\"wp-block-faq-block-for-gutenberg-faq\" style=\"background:#f6f7f7\"><div class=\"question\" style=\"background:none;color:#000\"><h4 style=\"color:#000\">Was sind die wichtigsten Sehensw\u00fcrdigkeiten in L\u00fcbeck?<\/h4><\/div><div class=\"answer\" style=\"background:none;color:#000\">Das absolute Wahrzeichen ist das <strong>Holstentor<\/strong>. Dazu geh\u00f6ren das pr\u00e4chtige <strong>Rathaus <\/strong>aus dem 13. Jahrhundert, die m\u00e4chtige St. Marienkirche als &#8222;Mutterkirche der Backsteingotik&#8220; und die historischen <strong>Salzspeicher <\/strong>direkt an der Trave . Auch das verzweigte <strong>G\u00e4ngeviertel <\/strong>im Marien-Magdalenen Quartier ist ein Muss.<\/div><\/div>\n\n\n\n<div class=\"wp-block-faq-block-for-gutenberg-faq\" style=\"background:#f6f7f7\"><div class=\"question\" style=\"background:none;color:#000\"><h4 style=\"color:#000\">Was macht die L\u00fcbecker Altstadt so besonders?<\/h4><\/div><div class=\"answer\" style=\"background:none;color:#000\">Das Faszinierende an der historischen Altstadt von L\u00fcbeck ist, dass sie komplett auf einer rund <strong>150 Hektar gro\u00dfen Insel<\/strong> liegt! Umschlossen von den Wasserl\u00e4ufen der Trave und der Wakenitz sowie den Resten alter Wallanlagen, war das Zentrum im Mittelalter strategisch perfekt gesch\u00fctzt. Heute leben auf dieser Altstadtinsel etwa 13.000 Menschen. Wegen der einzigartigen Dichte an pr\u00e4chtigen Kaufmannsh\u00e4usern, historischen G\u00e4ngen und der weltber\u00fchmten Backsteingotik wurde das gesamte Areal bereits 1987 zum <strong>UNESCO-Weltkulturerbe<\/strong> erkl\u00e4rt.<\/div><\/div>\n\n\n\n<div class=\"wp-block-faq-block-for-gutenberg-faq\" style=\"background:#f6f7f7\"><div class=\"question\" style=\"background:none;color:#000\"><h4 style=\"color:#000\">Darf man die historischen G\u00e4nge und H\u00f6fe betreten?<\/h4><\/div><div class=\"answer\" style=\"background:none;color:#000\">Ja, das ist sogar ein echtes Highlight! Viele der \u00fcber 50 erhaltenen, teils winzigen G\u00e4nge im historischen Seefahrerviertel sind frei zug\u00e4nglich. Da in diesen schmalen Gassen und den angrenzenden historischen &#8222;Buden&#8220; aber auch heute noch Menschen leben, solltest du dich dort ruhig und r\u00fccksichtsvoll verhalten. Danke.<\/div><\/div>\n\n\n\n<div class=\"wp-block-faq-block-for-gutenberg-faq\" style=\"background:#f6f7f7\"><div class=\"question\" style=\"background:none;color:#000\"><h4 style=\"color:#000\">Kann man L\u00fcbeck gut zu Fu\u00df erkunden?<\/h4><\/div><div class=\"answer\" style=\"background:none;color:#000\">Ja, perfekt sogar! Die historische Altstadt liegt komplett auf einer etwa 150 Hektar gro\u00dfen Insel und ist sehr dicht bebaut. Alle gro\u00dfen Sehensw\u00fcrdigkeiten, vom Holstentor bis zum Burgtor, liegen nah beieinander und lassen sich ideal bei einem Spaziergang entdecken.<\/div><\/div>\n\n\n\n<div class=\"wp-block-faq-block-for-gutenberg-faq\" style=\"background:#f6f7f7\"><div class=\"question\" style=\"background:none;color:#000\"><h4 style=\"color:#000\">Was macht das L\u00fcbecker Marzipan so besonders?<\/h4><\/div><div class=\"answer\" style=\"background:none;color:#000\">Das weltber\u00fchmte L\u00fcbecker Marzipan hat strenge Vorgaben: Es muss zu mindestens 70 Prozent aus Marzipanrohmasse bestehen und darf h\u00f6chstens 30 Prozent Zucker enthalten. 1806 gr\u00fcndete der Konditor Johann Georg Niederegger hier seine ber\u00fchmte Manufaktur.<\/div><\/div>\n\n\n\n<div class=\"wp-block-faq-block-for-gutenberg-faq\" style=\"background:#f6f7f7\"><div class=\"question\" style=\"background:none;color:#000\"><h4 style=\"color:#000\">Wo hat man den besten Ausblick \u00fcber L\u00fcbeck?<\/h4><\/div><div class=\"answer\" style=\"background:none;color:#000\">Den sch\u00f6nsten Panoramablick hast du von der Aussichtsplattform der St. Petri Kirche, der ehemaligen Kirche der Fischer. Auf etwa 50 Metern H\u00f6he kannst du an klaren Tagen nicht nur die gesamte Altstadtinsel \u00fcberblicken, sondern sogar bis zur Ostseek\u00fcste bei Travem\u00fcnde schauen.<\/div><\/div>\n\n\n\n<div class=\"wp-block-faq-block-for-gutenberg-faq\" style=\"background:#f6f7f7\"><div class=\"question\" style=\"background:none;color:#000\"><h4 style=\"color:#000\">Was hat es mit den \u201eSieben T\u00fcrmen\u201c auf sich?<\/h4><\/div><div class=\"answer\" style=\"background:none;color:#000\">Die ber\u00fchmte Stadtsilhouette L\u00fcbecks, die schon aus der Ferne begeistert, wird von den sieben Kircht\u00fcrmen der f\u00fcnf gro\u00dfen Altstadtkirchen gepr\u00e4gt. Dazu z\u00e4hlen die m\u00e4chtige St. Marienkirche und der L\u00fcbecker Dom (die beide jeweils zwei T\u00fcrme besitzen) sowie St. Petri, St. Jakobi und St. Aegidien.<\/div><\/div>\n\n\n\n<div class=\"wp-block-faq-block-for-gutenberg-faq\" style=\"background:#f6f7f7\"><div class=\"question\" style=\"background:none;color:#000\"><h4 style=\"color:#000\">Welches Museum lohnt sich f\u00fcr Geschichtsinteressierte?<\/h4><\/div><div class=\"answer\" style=\"background:none;color:#000\">Um die Geschichte der m\u00e4chtigen Kaufleute wirklich zu verstehen, ist das 2015 er\u00f6ffnete Europ\u00e4ische Hansemuseum ein absolutes Muss. In beeindruckenden Gro\u00dfdioramen wird hier 400 Jahre Hansegeschichte hautnah erlebbar \u2013 vom Handel in Nowgorod und Bergen bis hin zum Einbruch der Pestepidemie in Europa. Bring daf\u00fcr am besten etwas (mehr) Zeit mit!<\/div><\/div>\n\n\n\n\t\t<style>\n\t\t\t.seo_cta {\n\t\t\t\ttext-align: center;\n\t\t\t\tmargin-top: 16px; \n\t\t\t}\n\t\t\t.wp-block-table .seo_cta {\n\t\t\t\tmargin-top: 0;\n\t\t\t}\n\t\t\t.seo_cta .button .mdc-button {\n\t\t\t\tbackground-color: #ffcf02;\n\t\t\t\theight: 48px;\n\t\t\t}\n\t\t<\/style>\n\t\n\t\t\t<div class=\"seo_cta\">\n\t\t\t\t<div class=\"button\">\n\t\t\t\t\t<div class=\"wp-block-material-button\"><a href=\"https:\/\/www.lialo.com\/de\/erlebnisse\/deutschland\/luebeck\/stadtfuehrung\/\" class=\"mdc-button mdc-button--raised mdc-ripple-upgraded\"><i class=\"material-icons mdc-button__icon\">arrow_forward<\/i><div class=\"mdc-button__ripple\"><\/div><span class=\"mdc-button__label\">Auf eigene Faust entdecken!<\/span><\/a><\/div>\n\t\t\t\t<\/div>\n\t\t\t<\/div>\n\t\t\n\n\n\n<h3 class=\"wp-block-heading\">L\u00fcbeck Sehensw\u00fcrdigkeiten: Viele Details, die \u00fcberraschen<\/h3>\n\n\n\n<p>L\u00fcbeck ist weltber\u00fchmt f\u00fcr seine Backsteingotik. Doch wer aufmerksam durch die Stadt l\u00e4uft, entdeckt unglaubliche Kuriosit\u00e4ten:<\/p>\n\n\n\n<p>\ud83e\uddd0 <strong>Kuriose Stra\u00dfennamen:<\/strong> Wer durch die Altstadt schlendert, stolpert unweigerlich \u00fcber die \u201eSiebente Querstra\u00dfe\u201c. Doch lass dich nicht t\u00e4uschen: Dieser Name hat absolut nichts mit einer logischen Nummerierung der Stra\u00dfen zu tun! Dahinter verbirgt sich ein jahrhundertelanges, urkomisches Missverst\u00e4ndnis der Stadtgeschichte, das du auf der lialo Tour im Seefahrerviertel l\u00fcften kannst.<\/p>\n\n\n\n<p>\ud83e\uddd0 <strong>Das &#8222;wei\u00dfe Gold&#8220;:<\/strong> In den historischen Salzspeichern an der Trave lagerten die Kaufleute das begehrte Salz aus L\u00fcneburg. Es wurde \u00fcber den eigens gebauten Stecknitz-Kanal nach L\u00fcbeck transportiert und machte die Stadt unermesslich reich.<\/p>\n\n\n\n<p>\ud83e\uddd0 <strong>Vorsicht, hei\u00df!<\/strong> Wer genau hinschaut, entdeckt am Holstentor kleine Fenster und Eisenhaken. Diese dienten fr\u00fcher keineswegs als Halterung f\u00fcr Blumenampeln, sondern waren Teil einer raffinierten, wehrhaften Verteidigungsstrategie der Hanseaten gegen ungebetene G\u00e4ste.<\/p>\n\n\n\n<p>\ud83e\uddd0 <strong>Ein wilder Nackedei:<\/strong> An der Fassade des Holstentors versteckt sich zwischen den Ornamenten der &#8222;wilde Mann&#8220; \u2013 eine v\u00f6llig nackte Figur. Er ist ein starkes Symbol f\u00fcr die stolze, freie Hansestadt, die nur dem Kaiser untertan war und sich sonst von niemandem etwas sagen lie\u00df.<\/p>\n\n\n\n<p><strong>Und viele mehr:<\/strong><\/p>\n\n\n\n\t\t<style>\n\t\t\t.seo_cta {\n\t\t\t\ttext-align: center;\n\t\t\t\tmargin-top: 16px; \n\t\t\t}\n\t\t\t.wp-block-table .seo_cta {\n\t\t\t\tmargin-top: 0;\n\t\t\t}\n\t\t\t.seo_cta .button .mdc-button {\n\t\t\t\tbackground-color: #ffcf02;\n\t\t\t\theight: 48px;\n\t\t\t}\n\t\t<\/style>\n\t\n\t\t\t<div class=\"seo_cta\">\n\t\t\t\t<div class=\"button\">\n\t\t\t\t\t<div class=\"wp-block-material-button\"><a href=\"https:\/\/www.lialo.com\/de\/erlebnisse\/deutschland\/luebeck\/stadtfuehrung\/\" class=\"mdc-button mdc-button--raised mdc-ripple-upgraded\"><i class=\"material-icons mdc-button__icon\">arrow_forward<\/i><div class=\"mdc-button__ripple\"><\/div><span class=\"mdc-button__label\">Auf eigene Faust entdecken!<\/span><\/a><\/div>\n\t\t\t\t<\/div>\n\t\t\t<\/div>\n\t\t\n\n\n\n<h3 class=\"wp-block-heading\">\ud83d\udcdc Die Legende der d\u00fcsteren L\u00fcbecker G\u00e4nge<\/h3>\n\n\n\n<p>Wenn du durch das historische Seefahrerviertel spazierst, fallen dir unweigerlich die winzigen Durchg\u00e4nge in den Stra\u00dfenh\u00e4usern auf. In der Altstadt gibt es noch weit \u00fcber 50 dieser erhaltenen G\u00e4nge und H\u00f6fe. Sie f\u00fchren zu den sogenannten &#8222;Buden&#8220; in den Hinterh\u00f6fen, den einstigen, winzigen Wohnr\u00e4umen der einfachen Arbeiter. Doch wie breit durften diese schmalen Tunnel beim Bau mindestens sein? Einer von L\u00fcbecker Stadtf\u00fchrern gerne erz\u00e4hlten Legende nach gab es f\u00fcr die Bauherren nur eine einzige, etwas makabre Grundvoraussetzung: Die G\u00e4nge mussten exakt so breit sein, dass man einen Sarg hindurchtragen konnte!<\/p>\n\n\n\n<h3 class=\"wp-block-heading\">\ud83d\ude0b Genuss f\u00fcr Entdecker<\/h3>\n\n\n\n<p>Maritime Schlemmer-Historie: In der historischen \u201eSchiffergesellschaft\u201c (gegr\u00fcndet 1401) speist du heute deftige nordische Spezialit\u00e4ten wie Labskaus, Pannfisch oder Gr\u00fcnkohl an rustikalen Tischen, die aus echten alten Schiffsplanken gefertigt wurden.<\/p>\n\n\n\n<h3 class=\"wp-block-heading\">\ud83d\udca1 Wusstest du schon?<\/h3>\n\n\n\n<p>Der ber\u00fchmte in L\u00fcbeck geborene Friedensnobelpreistr\u00e4ger und Bundeskanzler <strong>Willy Brandt<\/strong> hie\u00df eigentlich Herbert Frahm. Seinen heute weltbekannten Namen nahm er erst w\u00e4hrend seines norwegischen Exils an.<\/p>\n\n\n\n\t\t<style>\n\t\t\t.seo_cta {\n\t\t\t\ttext-align: center;\n\t\t\t\tmargin-top: 16px; \n\t\t\t}\n\t\t\t.wp-block-table .seo_cta {\n\t\t\t\tmargin-top: 0;\n\t\t\t}\n\t\t\t.seo_cta .button .mdc-button {\n\t\t\t\tbackground-color: #ffcf02;\n\t\t\t\theight: 48px;\n\t\t\t}\n\t\t<\/style>\n\t\n\t\t\t<div class=\"seo_cta\">\n\t\t\t\t<div class=\"button\">\n\t\t\t\t\t<div class=\"wp-block-material-button\"><a href=\"https:\/\/www.lialo.com\/de\/erlebnisse\/deutschland\/luebeck\/stadtfuehrung\/\" class=\"mdc-button mdc-button--raised mdc-ripple-upgraded\"><i class=\"material-icons mdc-button__icon\">arrow_forward<\/i><div class=\"mdc-button__ripple\"><\/div><span class=\"mdc-button__label\">Auf eigene Faust entdecken!<\/span><\/a><\/div>\n\t\t\t\t<\/div>\n\t\t\t<\/div>\n\t\t\n\n\n<div class=\"seo_bottom\">\n\t\t<h3>Was ist lialo?<\/h3>\n\t\t<p><b>lialo<\/b> (Abk\u00fcrzung f\u00fcr <b>Li<\/b>ke<b> a<\/b> <b>Lo<\/b>cal) macht dein Smartphone zum pers\u00f6nlichen Stadtf\u00fchrer. Die digitalen Touren sind jederzeit verf\u00fcgbar, flexibel im Ablauf und bieten dir ein individuelles Erlebnis.<\/p>\n\t\t<p>Entdecke die Stadt authentisch \u2013 fast so, als w\u00fcrde sie dir ein guter Freund oder eine gute Freundin zeigen. Die Autor*innen erstellen ihre Touren mit \u2665\ufe0f vor Ort und teilen ihr Wissen, pers\u00f6nliche Anekdoten und echte Geheimtipps mit dir.<\/p>\n\t\t<figure class=\"wp-block-image size-full\"><a href=\"https:\/\/www.youtube.com\/watch?v=GbhiNKrMV3E\" target=\"_blank\" rel=\"noopener\"><img decoding=\"async\" width=\"846\" height=\"475\" src=\"https:\/\/www.lialo.blog\/de\/erlebnisse\/wp-content\/uploads\/2022\/10\/lialo-Thumbnail-2-2.jpg\" alt=\"\" class=\"wp-image-36441\" srcset=\"https:\/\/www.lialo.blog\/de\/erlebnisse\/wp-content\/uploads\/2022\/10\/lialo-Thumbnail-2-2.jpg 846w, https:\/\/www.lialo.blog\/de\/erlebnisse\/wp-content\/uploads\/2022\/10\/lialo-Thumbnail-2-2-300x168.jpg 300w, https:\/\/www.lialo.blog\/de\/erlebnisse\/wp-content\/uploads\/2022\/10\/lialo-Thumbnail-2-2-768x431.jpg 768w\" sizes=\"(max-width: 846px) 100vw, 846px\"><\/a><\/figure>\n\t\t<h4>Wenn du Fragen hast, melde dich gern bei uns<\/h4>\n\t\t<p>#gerneperdu<br><a href=\"mailto:hallo@lialo.com\">hallo@lialo.com<\/a><\/p>\n\t<\/div>\n","protected":false},"excerpt":{"rendered":"<p>L\u00fcbeck \u2013 Die K\u00f6nigin der Hanse im Glanz der Backsteingotik Moin, willkommen in der &#8222;K\u00f6nigin der Hanse&#8220;! Die L\u00fcbecker Altstadt ist eine echte Insel, die von Trave und Wakenitz umgeben ist und seit 1987 zum UNESCO-Welterbe geh\u00f6rt. Wer an L\u00fcbeck denkt, sieht meist sofort das markante Holstentor vor sich und schmeckt f\u00f6rmlich das s\u00fc\u00dfe Niederegger-Marzipan.Doch [&hellip;]<\/p>\n","protected":false},"author":2,"featured_media":47666,"parent":40165,"menu_order":0,"comment_status":"closed","ping_status":"closed","template":"","meta":{"_acf_changed":false,"material-hide-sections":[],"footnotes":""},"class_list":["post-37470","page","type-page","status-publish","has-post-thumbnail","hentry"],"acf":[],"_links":{"self":[{"href":"https:\/\/www.lialo.blog\/de\/erlebnisse\/wp-json\/wp\/v2\/pages\/37470","targetHints":{"allow":["GET"]}}],"collection":[{"href":"https:\/\/www.lialo.blog\/de\/erlebnisse\/wp-json\/wp\/v2\/pages"}],"about":[{"href":"https:\/\/www.lialo.blog\/de\/erlebnisse\/wp-json\/wp\/v2\/types\/page"}],"author":[{"embeddable":true,"href":"https:\/\/www.lialo.blog\/de\/erlebnisse\/wp-json\/wp\/v2\/users\/2"}],"replies":[{"embeddable":true,"href":"https:\/\/www.lialo.blog\/de\/erlebnisse\/wp-json\/wp\/v2\/comments?post=37470"}],"version-history":[{"count":7,"href":"https:\/\/www.lialo.blog\/de\/erlebnisse\/wp-json\/wp\/v2\/pages\/37470\/revisions"}],"predecessor-version":[{"id":47717,"href":"https:\/\/www.lialo.blog\/de\/erlebnisse\/wp-json\/wp\/v2\/pages\/37470\/revisions\/47717"}],"up":[{"embeddable":true,"href":"https:\/\/www.lialo.blog\/de\/erlebnisse\/wp-json\/wp\/v2\/pages\/40165"}],"wp:featuredmedia":[{"embeddable":true,"href":"https:\/\/www.lialo.blog\/de\/erlebnisse\/wp-json\/wp\/v2\/media\/47666"}],"wp:attachment":[{"href":"https:\/\/www.lialo.blog\/de\/erlebnisse\/wp-json\/wp\/v2\/media?parent=37470"}],"curies":[{"name":"wp","href":"https:\/\/api.w.org\/{rel}","templated":true}]}}