{"id":32615,"date":"2021-10-25T16:51:02","date_gmt":"2021-10-25T14:51:02","guid":{"rendered":"https:\/\/www.lialo.blog\/blog\/?page_id=32615"},"modified":"2026-02-25T08:48:35","modified_gmt":"2026-02-25T15:48:35","slug":"touren-erstellen","status":"publish","type":"page","link":"https:\/\/www.lialo.blog\/de\/erlebnisse\/touren-erstellen\/","title":{"rendered":"Smartphone gef\u00fchrte Touren erstellen"},"content":{"rendered":"\n<p>Du stimmst uns sicher zu, &#8222;<strong>Es gibt \u00fcberall etwas zu entdecken!<\/strong>&#8222;, aber es gibt keine einfache L\u00f6sung, das mit anderen zu teilen \ud83e\udd14<\/p>\n\n\n\n<p>Doch, denn genau dazu haben wir lialo entwickelt \ud83d\ude03<\/p>\n\n\n\n<p>Mit lialo kannst du auch ohne technische Vorkenntnisse deine Entdeckungen zu einer eigenen, online gef\u00fchrten Tour zusammen stellen <strong>und wenn du m\u00f6chtest, damit auch noch Geld verdienen<\/strong>. Doch dazu sp\u00e4ter.<\/p>\n\n\n\n<h2 class=\"wp-block-heading\">F\u00fcr Heimatverliebte<\/h2>\n\n\n\n<p>Du hast dein Herz an eine Stadt verloren? Dann zeige sie der Welt mit deiner ganz pers\u00f6nlichen lialo Tour. Deine R\u00e4tsel und Aufgaben l\u00f6send, lernen die Spieler*innen die Stadt aus deiner Perspektive kennen.<\/p>\n\n\n\n<h2 class=\"wp-block-heading\">Nichts ist zu au\u00dfergew\u00f6hnlich<\/h2>\n\n\n\n<p>lialo bietet dir als Autor*in den Raum, Themen und Orte abseits der \u00fcblichen Touristenpfade vorzustellen.<\/p>\n\n\n\n<p>Vielleicht m\u00f6chtest du <a href=\"https:\/\/www.lialo.com\/de\/tour\/v7z1\">K\u00fcnstler vorstellen<\/a>, <a href=\"https:\/\/www.lialo.com\/de\/tour\/56rx\">\u00fcber einen Friedhof f\u00fchren<\/a>, mit <a href=\"https:\/\/www.lialo.com\/de\/tour\/k038\">Eis verf\u00fchren<\/a> oder die <a href=\"https:\/\/www.lialo.com\/de\/at-home\">Spieler*innen durch ihre eigene Wohnung r\u00e4tseln lassen<\/a>? Es gibt unendlich viele Themen, \u00fcber die in einer Stadt erz\u00e4hlt werden kann. Oft sind es die unbeachteten Dinge am Wegesrand, die bei genauerer Betrachtung ein <a href=\"https:\/\/www.lialo.com\/de\/erlebnisse\/die-kaiserplatane-am-potsdamer-platz\/\">echtes St\u00fcck Erinnerung<\/a> sein k\u00f6nnen. Und wer, wenn nicht du, k\u00f6nnte dar\u00fcber eine ganze Tour schreiben?<\/p>\n\n\n\n<p>Du kannst deiner Tour auch eine Rahmenhandlung geben und eine Geschichte erz\u00e4hlen, w\u00e4hrend du den Spieler*innen versteckte Orte zeigst. Spieler k\u00f6nnen dann z.B. <a href=\"https:\/\/www.lialo.com\/de\/tour\/56o3\">Emil als Detektiv durch Berlin begleiten<\/a> oder <a href=\"https:\/\/www.lialo.com\/de\/tour\/5zyo\">einen Mord in Feuerland l\u00f6sen<\/a>.<\/p>\n\n\n\n<p>Sprich auch gern \u00fcber das, was dir wichtig ist. Das Thema, das dir nicht aus dem Kopf geht. <a href=\"https:\/\/www.lialo.com\/de\/tour\/52xj\">David Bowie<\/a>, <a href=\"https:\/\/www.lialo.com\/de\/tour\/5mo6\">Architektur<\/a>, <a href=\"https:\/\/www.lialo.com\/de\/tour\/pw0e\">Street-Art<\/a>, &#8230; Es gibt immer etwas zu entdecken. Cool oder?<\/p>\n\n\n\n<p>Wenn du jetzt mit dem Erstellen einer Tour starten m\u00f6chtest, hier entang:<\/p>\n\n\n\n<div class=\"wp-block-material-buttons\">\n<div class=\"wp-block-material-button\" id=\"block-material-button-0\"><a href=\"https:\/\/www.lialo.com\/my-tours\/created\" class=\"mdc-button mdc-button--raised\"><i class=\"material-icons mdc-button__icon\">edit<\/i><div class=\"mdc-button__ripple\"><\/div><span class=\"mdc-button__label\">Tour erstellen<\/span><\/a><\/div>\n<\/div>\n\n\n\n<h2 class=\"wp-block-heading\">Mit lialo Touren Geld verdienen<\/h2>\n\n\n\n<p>Wie das geht, erkl\u00e4ren wir dir <a href=\"https:\/\/www.lialo.com\/de\/erlebnisse\/touren-verkaufen\/\">hier<\/a>.<\/p>\n","protected":false},"excerpt":{"rendered":"<p>Du stimmst uns sicher zu, &#8222;Es gibt \u00fcberall etwas zu entdecken!&#8222;, aber es gibt keine einfache L\u00f6sung, das mit anderen zu teilen \ud83e\udd14 Doch, denn genau dazu haben wir lialo entwickelt \ud83d\ude03 Mit lialo kannst du auch ohne technische Vorkenntnisse deine Entdeckungen zu einer eigenen, online gef\u00fchrten Tour zusammen stellen und wenn du m\u00f6chtest, damit [&hellip;]<\/p>\n","protected":false},"author":2,"featured_media":32844,"parent":0,"menu_order":0,"comment_status":"closed","ping_status":"closed","template":"","meta":{"_acf_changed":false,"material-hide-sections":[],"footnotes":""},"class_list":["post-32615","page","type-page","status-publish","has-post-thumbnail","hentry"],"acf":[],"_links":{"self":[{"href":"https:\/\/www.lialo.blog\/de\/erlebnisse\/wp-json\/wp\/v2\/pages\/32615","targetHints":{"allow":["GET"]}}],"collection":[{"href":"https:\/\/www.lialo.blog\/de\/erlebnisse\/wp-json\/wp\/v2\/pages"}],"about":[{"href":"https:\/\/www.lialo.blog\/de\/erlebnisse\/wp-json\/wp\/v2\/types\/page"}],"author":[{"embeddable":true,"href":"https:\/\/www.lialo.blog\/de\/erlebnisse\/wp-json\/wp\/v2\/users\/2"}],"replies":[{"embeddable":true,"href":"https:\/\/www.lialo.blog\/de\/erlebnisse\/wp-json\/wp\/v2\/comments?post=32615"}],"version-history":[{"count":9,"href":"https:\/\/www.lialo.blog\/de\/erlebnisse\/wp-json\/wp\/v2\/pages\/32615\/revisions"}],"predecessor-version":[{"id":41653,"href":"https:\/\/www.lialo.blog\/de\/erlebnisse\/wp-json\/wp\/v2\/pages\/32615\/revisions\/41653"}],"wp:featuredmedia":[{"embeddable":true,"href":"https:\/\/www.lialo.blog\/de\/erlebnisse\/wp-json\/wp\/v2\/media\/32844"}],"wp:attachment":[{"href":"https:\/\/www.lialo.blog\/de\/erlebnisse\/wp-json\/wp\/v2\/media?parent=32615"}],"curies":[{"name":"wp","href":"https:\/\/api.w.org\/{rel}","templated":true}]}}