{"id":2583,"date":"2021-07-20T14:42:13","date_gmt":"2021-07-20T12:42:13","guid":{"rendered":"https:\/\/www.lialo.blog\/blog\/?page_id=2583"},"modified":"2026-02-25T08:48:35","modified_gmt":"2026-02-25T15:48:35","slug":"touren-verkaufen","status":"publish","type":"page","link":"https:\/\/www.lialo.blog\/de\/erlebnisse\/touren-verkaufen\/","title":{"rendered":"Smartphone gef\u00fchrte Touren erstellen und verkaufen"},"content":{"rendered":"\n<p>Du bist <strong>Stadtf\u00fchrer*in oder Local<\/strong>, also jemand, der anderen Menschen gern Orte zeigt, den Blick f\u00fcr Details und das Besondere hat und dar\u00fcber Geschichten zu erz\u00e4hlen hat?<\/p>\n\n\n\n<p>Dann ist eine lialo Tour das richtige Format f\u00fcr dich,<\/p>\n\n\n\n<ul class=\"wp-block-list\">\n<li>um damit Geld zu verdienen. Langfristig und bei jedem Verkauf.<\/li>\n\n\n\n<li>um deinen G\u00e4sten und\/oder Followern ein neues Erlebnis zu bieten.<\/li>\n\n\n\n<li>um auch die Menschen anzusprechen, die sonst an keiner gef\u00fchrten Stadtf\u00fchrung teilnehmen w\u00fcrden.<\/li>\n<\/ul>\n\n\n\n<p>Im Vergleich zur Durchf\u00fchrung einer klassischen Stadtf\u00fchrung bedeutet das f\u00fcr dich,<\/p>\n\n\n\n<ul class=\"wp-block-list\">\n<li>du hast keinen sich wiederholenden Organisationsaufwand,<\/li>\n\n\n\n<li>du musst nicht immer Vorort sein,<\/li>\n\n\n\n<li>du erstellst jede Tour nur einmal,<\/li>\n\n\n\n<li>du kannst Touren auch in anderen St\u00e4dten anbieten,<\/li>\n\n\n\n<li>du erreichst neue Zielgruppen,<\/li>\n\n\n\n<li>deine Touren k\u00f6nnen zeitgleich, auch an mehreren Orten genutzt werden.<\/li>\n<\/ul>\n\n\n\n<p>lialo wurde entwickelt, um es dir einfach zu machen dein Wissen und deine Ideen zu einer online gef\u00fchrten Tour zusammenzustellen. Die Nutzer*innen deiner Tour werden Spa\u00df haben und es wie einen Ausflug mit dir empfinden. Mit kleinen R\u00e4tseln und Aufgaben kannst du sie auch noch aktiv in den Tourablauf mit einbinden.<\/p>\n\n\n\n<p>Nat\u00fcrlich bist du frei in der Gestaltung deiner Tour. Einige Beispiele:<\/p>\n\n\n\n<ul class=\"wp-block-list\">\n<li>Kieztour (z.B. Menschen, Hinterh\u00f6fe, Kultur)<\/li>\n\n\n\n<li>Sightseeing-Tour (Touristische Orte mal anders)<\/li>\n\n\n\n<li>R\u00e4tseltour (Wissen, Raten, Rechnen, Kombinieren)<\/li>\n\n\n\n<li>Tour mit Rahmenhandlung (z.B. Detektivgeschichte)<\/li>\n\n\n\n<li>Thementour (z.B. Drehorte, Architektur, Street-Art)<\/li>\n\n\n\n<li>Fototour (z.B. Fototechnik, Motivauswahl)<\/li>\n\n\n\n<li>Tour an einem Ort (z.B. Geb\u00e4ude, Friedhof, Park)<\/li>\n\n\n\n<li>Streckentour (z.B. Marathonstrecke, S-Bahnstrecke, Besonderheiten einer Stra\u00dfe)<\/li>\n\n\n\n<li>Kindertour (lustig und\/oder lehrreich)<\/li>\n<\/ul>\n\n\n\n<p>Du kannst deine Tour jederzeit auf deinem Computer, Tablet oder Smartphone erstellen und bearbeiten, auch von unterwegs. Die Eingabe von Text, auch mit Verlinkungen und das Einf\u00fcgen von Bildern ist extrem einfach.<\/p>\n\n\n\n<p>Wenn du deine Tour verkaufen m\u00f6chtest, legst du den <strong>Verkaufspreis<\/strong> fest. Und, wie bei einer Stadtf\u00fchrung mit dir, k\u00f6nnen dir die Nutzer*innen am Ende der Tour ein <strong>Trinkgeld<\/strong> geben.<\/p>\n\n\n\n<p>\u00dcber die erzielten Ums\u00e4tze sowie abgef\u00fchrten Steuern und Geb\u00fchren informieren wir dich transparent.<\/p>\n\n\n\n<p>Verkaufsabwicklung und Zahlungsverkehr machen wir. Auch Kundenanfragen beantworten wir f\u00fcr dich oder leiten sie bequem per E-Mail an dich weiter.<\/p>\n\n\n\n<p><strong>Cool, oder? Los geht&#8217;s!<\/strong><\/p>\n\n\n\n<h2 class=\"wp-block-heading\" id=\"1-tour-erstellen\">\ud83d\udc49 Schritt 1: Tour erstellen<\/h2>\n\n\n\n<p>Du kannst deine Tour ganz einfach im Browser erstellen. Zum Ausprobieren geht das nat\u00fcrlich auch ohne Anmeldung.<\/p>\n\n\n\n<div class=\"wp-block-material-buttons\">\n<div class=\"wp-block-material-button\" id=\"block-material-button-0\"><a href=\"https:\/\/www.lialo.com\/my-tours\/created\" class=\"mdc-button mdc-button--raised\"><i class=\"material-icons mdc-button__icon\">create<\/i><div class=\"mdc-button__ripple\"><\/div><span class=\"mdc-button__label\">tour erstellen<\/span><\/a><\/div>\n<\/div>\n\n\n\n<p>Wir unterst\u00fctzen dich gern dabei. Wenn du Fragen hast, schreib uns einfach eine <a href=\"mailto:cm@lialo.com\">E-Mail<\/a>.<\/p>\n\n\n\n<h2 class=\"wp-block-heading\" id=\"2-tour-veroffentlichen\">\ud83d\udc49 Schritt 2: Tour ver\u00f6ffentlichen<\/h2>\n\n\n\n<p style=\"color:red; display:none;\">Zur Zeit fehlen uns leider die Kapazit\u00e4ten, um alle neuen Touren vor der Ver\u00f6ffentlichung zu lektorieren. Das Lektorat ist uns jedoch sehr wichtig, um die Qualit\u00e4t der ver\u00f6ffentlichten Touren sicherzustellen. Wie weit bist du mit deinen Vorbereitungen? Hast du deine Tour schon bei lialo angelegt? Ist die Tour vom lialo System als vollst\u00e4ndig gekennzeichnet worden? Dann stell die Sichtbarkeit der Tour doch einfach mal auf &#8222;Freunde&#8220; und schick uns den Link. Wir schauen, was wir machen k\u00f6nnen. Melde dich gern per <a href=\"mailto:cm@lialo.com\">E-Mail<\/a> bei uns, wenn du Fragen hast.<\/p>\n\n\n\n<p>Wenn du deine Tour vollst\u00e4ndig erstellt hast, kannst du die Sichtbarkeit der Tour auf &#8222;\u00d6ffentlich&#8220; stellen und damit die Freigabe zur Ver\u00f6ffentlichung bei uns anfragen. Wir schauen uns die Tour dann noch einmal an und besprechen gemeinsam mit dir die Ver\u00f6ffentlichung.<\/p>\n\n\n\n<h2 class=\"wp-block-heading\" id=\"3-tour-verkaufen\">\ud83d\udc49 Schritt 3: Tour verkaufen<\/h2>\n\n\n\n<p>Es ist deine Tour, die wir in Lizenz von dir verkaufen. Daher ben\u00f6tigen wir noch ein paar Angaben (Name, Adresse, Steuernummer, Kontoverbindung) von dir, um die zuk\u00fcnftigen Ertr\u00e4ge korrekt an dich auszahlen zu k\u00f6nnen.<\/p>\n\n\n\n<p>Jetzt musst du nur noch den Verkaufspreis festlegen. Das war&#8217;s!<\/p>\n\n\n\n<p>Zeit f\u00fcr dich, das auch der Welt mitzuteilen \ud83d\udce2<\/p>\n\n\n\n<ul class=\"wp-block-list\">\n<li>verlinke deine Tour von deiner Website<\/li>\n\n\n\n<li>schreibe einen Blogbeitrag<\/li>\n\n\n\n<li>erw\u00e4hne lialo in deinem Newsletter<\/li>\n\n\n\n<li>nutze deine Reichweite in sozialen Netzwerken<\/li>\n\n\n\n<li>nutze deine Pressekontakte<\/li>\n\n\n\n<li>erz\u00e4hle Freunden, Kollegen und Allen die du triffst davon<\/li>\n<\/ul>\n\n\n\n<p>und bitte Alle das f\u00fcr dich zu tun \ud83d\ude09<\/p>\n\n\n\n<p><strong>Viel Spa\u00df mit lialo<\/strong> \u2764\ufe0f<\/p>\n","protected":false},"excerpt":{"rendered":"<p>Du bist Stadtf\u00fchrer*in oder Local, also jemand, der anderen Menschen gern Orte zeigt, den Blick f\u00fcr Details und das Besondere hat und dar\u00fcber Geschichten zu erz\u00e4hlen hat? Dann ist eine lialo Tour das richtige Format f\u00fcr dich, Im Vergleich zur Durchf\u00fchrung einer klassischen Stadtf\u00fchrung bedeutet das f\u00fcr dich, lialo wurde entwickelt, um es dir einfach [&hellip;]<\/p>\n","protected":false},"author":2,"featured_media":2591,"parent":0,"menu_order":0,"comment_status":"closed","ping_status":"closed","template":"","meta":{"_acf_changed":false,"material-hide-sections":[],"footnotes":""},"class_list":["post-2583","page","type-page","status-publish","has-post-thumbnail","hentry"],"acf":[],"_links":{"self":[{"href":"https:\/\/www.lialo.blog\/de\/erlebnisse\/wp-json\/wp\/v2\/pages\/2583","targetHints":{"allow":["GET"]}}],"collection":[{"href":"https:\/\/www.lialo.blog\/de\/erlebnisse\/wp-json\/wp\/v2\/pages"}],"about":[{"href":"https:\/\/www.lialo.blog\/de\/erlebnisse\/wp-json\/wp\/v2\/types\/page"}],"author":[{"embeddable":true,"href":"https:\/\/www.lialo.blog\/de\/erlebnisse\/wp-json\/wp\/v2\/users\/2"}],"replies":[{"embeddable":true,"href":"https:\/\/www.lialo.blog\/de\/erlebnisse\/wp-json\/wp\/v2\/comments?post=2583"}],"version-history":[{"count":82,"href":"https:\/\/www.lialo.blog\/de\/erlebnisse\/wp-json\/wp\/v2\/pages\/2583\/revisions"}],"predecessor-version":[{"id":43142,"href":"https:\/\/www.lialo.blog\/de\/erlebnisse\/wp-json\/wp\/v2\/pages\/2583\/revisions\/43142"}],"wp:featuredmedia":[{"embeddable":true,"href":"https:\/\/www.lialo.blog\/de\/erlebnisse\/wp-json\/wp\/v2\/media\/2591"}],"wp:attachment":[{"href":"https:\/\/www.lialo.blog\/de\/erlebnisse\/wp-json\/wp\/v2\/media?parent=2583"}],"curies":[{"name":"wp","href":"https:\/\/api.w.org\/{rel}","templated":true}]}}